{"id":514661,"date":"2025-05-05T08:24:17","date_gmt":"2025-05-05T13:24:17","guid":{"rendered":"https:\/\/latinxtalktherapy.com\/pagina-de-reservas\/"},"modified":"2025-12-03T11:46:06","modified_gmt":"2025-12-03T17:46:06","slug":"pagina-de-reservas","status":"publish","type":"page","link":"https:\/\/latinxtalktherapy.com\/es\/pagina-de-reservas\/","title":{"rendered":"P\u00e1gina de Reservas"},"content":{"rendered":"\t\t<div data-elementor-type=\"wp-page\" data-elementor-id=\"514661\" class=\"elementor elementor-514661 elementor-514650\" data-elementor-post-type=\"page\">\n\t\t\t\t<div class=\"elementor-element elementor-element-8a84137 e-flex e-con-boxed e-con e-parent\" data-id=\"8a84137\" data-element_type=\"container\" data-e-type=\"container\" data-settings=\"{&quot;background_background&quot;:&quot;classic&quot;}\">\n\t\t\t\t\t<div class=\"e-con-inner\">\n\t\t\t\t<div class=\"elementor-element elementor-element-a8d8715 elementor-widget__width-initial elementor-widget elementor-widget-image\" data-id=\"a8d8715\" data-element_type=\"widget\" data-e-type=\"widget\" data-widget_type=\"image.default\">\n\t\t\t\t<div class=\"elementor-widget-container\">\n\t\t\t\t\t\t\t\t\t\t\t\t\t\t\t\t<a href=\"https:\/\/latinxtalktherapy.com\/es\/\">\n\t\t\t\t\t\t\t<img decoding=\"async\" src=\"https:\/\/latinxtalktherapy.com\/wp-content\/uploads\/latinx-logo-02-1.svg\" class=\"attachment-full size-full wp-image-14372\" alt=\"\" \/>\t\t\t\t\t\t\t\t<\/a>\n\t\t\t\t\t\t\t\t\t\t\t\t\t\t\t<\/div>\n\t\t\t\t<\/div>\n\t\t<div class=\"elementor-element elementor-element-4ab6d6d e-con-full e-flex e-con e-child\" data-id=\"4ab6d6d\" data-element_type=\"container\" data-e-type=\"container\">\n\t\t\t\t<div class=\"elementor-element elementor-element-6294d30 elementor-widget__width-auto elementor-widget-mobile__width-auto elementor-widget elementor-widget-html\" data-id=\"6294d30\" data-element_type=\"widget\" data-e-type=\"widget\" data-widget_type=\"html.default\">\n\t\t\t\t<div class=\"elementor-widget-container\">\n\t\t\t\t\t\n<div role=\"navigation\" aria-label=\"Selector de idioma\" class=\"wpml-ls-statics-shortcode_actions wpml-ls wpml-ls-legacy-list-vertical\">\n\t<ul>\n\n\t\t\t\t\t<li class=\"wpml-ls-slot-shortcode_actions wpml-ls-item wpml-ls-item-en wpml-ls-first-item wpml-ls-last-item wpml-ls-item-legacy-list-vertical\">\n\t\t\t\t<a href=\"https:\/\/latinxtalktherapy.com\/\" hreflang=\"en\" lang=\"en\" class=\"wpml-ls-link\" aria-label=\"Cambiar a English\" title=\"Cambiar a English\">\n\t\t\t\t\t<span class=\"wpml-ls-native\">English<\/span><\/a>\n\t\t\t<\/li>\n\t\t\n\t<\/ul>\n<\/div>\n\t\t\t\t<\/div>\n\t\t\t\t<\/div>\n\t\t\t\t<div class=\"elementor-element elementor-element-ec959d8 elementor-view-default elementor-widget elementor-widget-icon\" data-id=\"ec959d8\" data-element_type=\"widget\" data-e-type=\"widget\" data-widget_type=\"icon.default\">\n\t\t\t\t<div class=\"elementor-widget-container\">\n\t\t\t\t\t\t\t<div class=\"elementor-icon-wrapper\">\n\t\t\t<div class=\"elementor-icon\">\n\t\t\t<i aria-hidden=\"true\" class=\"fas fa-globe-americas\"><\/i>\t\t\t<\/div>\n\t\t<\/div>\n\t\t\t\t\t\t<\/div>\n\t\t\t\t<\/div>\n\t\t\t\t<\/div>\n\t\t\t\t\t<\/div>\n\t\t\t\t<\/div>\n\t\t<div class=\"elementor-element elementor-element-1fab0c0 e-flex e-con-boxed e-con e-parent\" data-id=\"1fab0c0\" data-element_type=\"container\" data-e-type=\"container\" data-settings=\"{&quot;background_background&quot;:&quot;classic&quot;}\">\n\t\t\t\t\t<div class=\"e-con-inner\">\n\t\t\t\t<div class=\"elementor-element elementor-element-990c0e1 elementor-widget elementor-widget-html\" data-id=\"990c0e1\" data-element_type=\"widget\" data-e-type=\"widget\" data-widget_type=\"html.default\">\n\t\t\t\t<div class=\"elementor-widget-container\">\n\t\t\t\t\t<iframe\n  id=\"JotFormIFrame-251746731243052\"\n  title=\"Spanish; Book Now Form\"\n  onload=\"window.parent.scrollTo(0,0)\"\n  allowtransparency=\"true\"\n  allow=\"geolocation; microphone; camera; fullscreen; payment\"\n  src=\"https:\/\/form.jotform.com\/251746731243052?nojump\"\n  frameborder=\"0\"\n  style=\"min-width:100%;max-width:100%;border:none;\"\n  scrolling=\"no\"\n><\/iframe>\n\n<script src='https:\/\/cdn.jotfor.ms\/s\/umd\/latest\/for-form-embed-handler.js'><\/script>\n<script>\n  window.jotformEmbedHandler(\n    \"iframe[id='JotFormIFrame-251746731243052']\",\n    \"https:\/\/form.jotform.com\/\"\n  );\n<\/script>\n\n<script>\n  let hasLoadedOnce = false;\n  let lastScrollTime = 0;\n  let lastHeight = 0;\n\n  \/\/ Keep your original height + scroll handling\n  window.addEventListener(\"message\", function (event) {\n    if (typeof event.data === \"string\" && event.data.startsWith(\"setHeight\")) {\n      const parts = event.data.split(\":\");\n      if (parts.length < 2) return;\n\n      const newHeight = parseInt(parts[1], 10);\n      const now = Date.now();\n      const jf = document.getElementById(\"JotFormIFrame-251746731243052\");\n      if (jf && !isNaN(newHeight)) jf.style.height = newHeight + \"px\";\n\n      if (!hasLoadedOnce) {\n        hasLoadedOnce = true;\n        lastHeight = newHeight;\n        return;\n      }\n\n      const heightDelta = newHeight - lastHeight;\n      const significantChange = Math.abs(heightDelta) > 80;\n      const throttled = now - lastScrollTime > 500;\n\n      if (significantChange && throttled) {\n        lastScrollTime = now;\n        lastHeight = newHeight;\n        setTimeout(() => {\n          window.scrollTo({ top: 0, behavior: 'smooth' });\n        }, 100);\n      } else {\n        lastHeight = newHeight;\n      }\n    }\n  });\n<\/script>\n\n<!-- Same-tab redirect block -->\n<script>\n  const REDIRECT_URL = \"https:\/\/latinxtalktherapy.com\/es\/gracias-por-reservar\/\";\n\n  const OK_ORIGIN = \/(^https:\\\/\\\/([a-z0-9-]+\\.)*(jotform\\.[a-z.]+|jotfor\\.ms)$)\/i;\n\n  window.addEventListener(\"message\", function (event) {\n    if (!OK_ORIGIN.test(event.origin)) return;\n\n    const data = event.data;\n\n    const looksDone =\n      (typeof data === \"string\" && \/submission-completed|thankyou|form-redirect|redirect\/i.test(data)) ||\n      (data && typeof data === \"object\" && (data.type === \"thankyou\" || data.action === \"redirect\" || data.event === \"submission-completed\"));\n\n    if (!looksDone) return;\n\n    \/\/ Force same-tab redirect\n    try {\n      window.location.assign(REDIRECT_URL);\n    } catch {\n      window.top.location.href = REDIRECT_URL;\n    }\n  });\n<\/script>\t\t\t\t<\/div>\n\t\t\t\t<\/div>\n\t\t\t\t\t<\/div>\n\t\t\t\t<\/div>\n\t\t\t\t<section class=\"elementor-section elementor-top-section elementor-element elementor-element-6bb9d1b elementor-section-stretched elementor-section-full_width elementor-section-height-default elementor-section-height-default\" data-id=\"6bb9d1b\" data-element_type=\"section\" data-e-type=\"section\" data-settings=\"{&quot;stretch_section&quot;:&quot;section-stretched&quot;,&quot;background_background&quot;:&quot;classic&quot;}\">\n\t\t\t\t\t\t<div class=\"elementor-container elementor-column-gap-default\">\n\t\t\t\t\t<div class=\"elementor-column elementor-col-100 elementor-top-column elementor-element elementor-element-259147d\" data-id=\"259147d\" data-element_type=\"column\" data-e-type=\"column\">\n\t\t\t<div class=\"elementor-widget-wrap elementor-element-populated\">\n\t\t\t\t\t\t<div class=\"elementor-element elementor-element-cdcf210 elementor-widget elementor-widget-theme-site-logo elementor-widget-image\" data-id=\"cdcf210\" data-element_type=\"widget\" data-e-type=\"widget\" data-widget_type=\"theme-site-logo.default\">\n\t\t\t\t<div class=\"elementor-widget-container\">\n\t\t\t\t\t\t\t\t\t\t\t<a href=\"https:\/\/latinxtalktherapy.com\/es\/\">\n\t\t\t<img decoding=\"async\" src=\"https:\/\/latinxtalktherapy.com\/wp-content\/uploads\/latinx-logo-02-1.svg\" class=\"attachment-full size-full wp-image-14372\" alt=\"\" \/>\t\t\t\t<\/a>\n\t\t\t\t\t\t\t\t\t\t\t<\/div>\n\t\t\t\t<\/div>\n\t\t\t\t\t<\/div>\n\t\t<\/div>\n\t\t\t\t\t<\/div>\n\t\t<\/section>\n\t\t\t\t<section class=\"elementor-section elementor-top-section elementor-element elementor-element-a2732b7 elementor-section-stretched elementor-section-boxed elementor-section-height-default elementor-section-height-default\" data-id=\"a2732b7\" data-element_type=\"section\" data-e-type=\"section\" data-settings=\"{&quot;stretch_section&quot;:&quot;section-stretched&quot;,&quot;background_background&quot;:&quot;classic&quot;}\">\n\t\t\t\t\t\t<div class=\"elementor-container elementor-column-gap-custom\">\n\t\t\t\t\t<div class=\"elementor-column elementor-col-33 elementor-top-column elementor-element elementor-element-6ba59c3\" data-id=\"6ba59c3\" data-element_type=\"column\" data-e-type=\"column\">\n\t\t\t<div class=\"elementor-widget-wrap elementor-element-populated\">\n\t\t\t\t\t\t<div class=\"elementor-element elementor-element-0637859 elementor-icon-list--layout-inline elementor-align-start elementor-widget-tablet__width-initial elementor-tablet-align-center elementor-list-item-link-full_width elementor-widget elementor-widget-icon-list\" data-id=\"0637859\" data-element_type=\"widget\" data-e-type=\"widget\" data-widget_type=\"icon-list.default\">\n\t\t\t\t<div class=\"elementor-widget-container\">\n\t\t\t\t\t\t\t<ul class=\"elementor-icon-list-items elementor-inline-items\">\n\t\t\t\t\t\t\t<li class=\"elementor-icon-list-item elementor-inline-item\">\n\t\t\t\t\t\t\t\t\t\t\t<a href=\"https:\/\/maps.app.goo.gl\/Ano1YLXGr736xQJF6\" target=\"_blank\" rel=\"noopener\">\n\n\t\t\t\t\t\t\t\t\t\t\t\t<span class=\"elementor-icon-list-icon\">\n\t\t\t\t\t\t\t<svg xmlns=\"http:\/\/www.w3.org\/2000\/svg\" width=\"25\" height=\"25\" viewBox=\"0 0 25 25\" fill=\"none\"><rect width=\"25\" height=\"25\" rx=\"4\" fill=\"#FCB03B\"><\/rect><path d=\"M11.312 18.6158C11.6939 18.9309 12.0922 19.2189 12.5 19.5C12.9086 19.2226 13.305 18.9276 13.688 18.6158C14.3264 18.0916 14.9272 17.5232 15.486 16.9148C16.7742 15.5062 18.1721 13.4643 18.1721 11.1721C18.1721 10.4272 18.0254 9.68965 17.7403 9.00148C17.4553 8.31331 17.0375 7.68802 16.5108 7.16132C15.9841 6.63462 15.3588 6.21681 14.6706 5.93176C13.9824 5.64671 13.2449 5.5 12.5 5.5C11.7551 5.5 11.0175 5.64671 10.3294 5.93176C9.64119 6.21681 9.0159 6.63462 8.4892 7.16132C7.9625 7.68802 7.54469 8.31331 7.25964 9.00148C6.97459 9.68965 6.82788 10.4272 6.82788 11.1721C6.82788 13.4643 8.22574 15.5056 9.51393 16.9148C10.0727 17.5234 10.6735 18.0914 11.312 18.6158ZM12.5 13.2204C11.9567 13.2204 11.4358 13.0046 11.0516 12.6204C10.6675 12.2363 10.4517 11.7153 10.4517 11.1721C10.4517 10.6289 10.6675 10.1079 11.0516 9.72376C11.4358 9.33964 11.9567 9.12384 12.5 9.12384C13.0432 9.12384 13.5642 9.33964 13.9483 9.72376C14.3324 10.1079 14.5482 10.6289 14.5482 11.1721C14.5482 11.7153 14.3324 12.2363 13.9483 12.6204C13.5642 13.0046 13.0432 13.2204 12.5 13.2204Z\" fill=\"white\"><\/path><\/svg>\t\t\t\t\t\t<\/span>\n\t\t\t\t\t\t\t\t\t\t<span class=\"elementor-icon-list-text\">Direcci\u00f3n<\/span>\n\t\t\t\t\t\t\t\t\t\t\t<\/a>\n\t\t\t\t\t\t\t\t\t<\/li>\n\t\t\t\t\t\t<\/ul>\n\t\t\t\t\t\t<\/div>\n\t\t\t\t<\/div>\n\t\t\t\t<div class=\"elementor-element elementor-element-1f5d12e elementor-widget elementor-widget-text-editor\" data-id=\"1f5d12e\" data-element_type=\"widget\" data-e-type=\"widget\" data-widget_type=\"text-editor.default\">\n\t\t\t\t<div class=\"elementor-widget-container\">\n\t\t\t\t\t\t\t\t\t<a style=\"  color:#072440\" href=\"https:\/\/maps.app.goo.gl\/Ano1YLXGr736xQJF6\" target=\"_blank\" rel=\"noopener\">155 N. Michigan Ave.<br>Suite 500C<br>Chicago, IL 60601<\/a>\t\t\t\t\t\t\t\t<\/div>\n\t\t\t\t<\/div>\n\t\t\t\t<div class=\"elementor-element elementor-element-19d4200 elementor-icon-list--layout-inline elementor-align-start elementor-widget-tablet__width-initial elementor-tablet-align-center elementor-list-item-link-full_width elementor-widget elementor-widget-icon-list\" data-id=\"19d4200\" data-element_type=\"widget\" data-e-type=\"widget\" data-widget_type=\"icon-list.default\">\n\t\t\t\t<div class=\"elementor-widget-container\">\n\t\t\t\t\t\t\t<ul class=\"elementor-icon-list-items elementor-inline-items\">\n\t\t\t\t\t\t\t<li class=\"elementor-icon-list-item elementor-inline-item\">\n\t\t\t\t\t\t\t\t\t\t\t<a href=\"tel:3126207551\">\n\n\t\t\t\t\t\t\t\t\t\t\t\t<span class=\"elementor-icon-list-icon\">\n\t\t\t\t\t\t\t<svg xmlns=\"http:\/\/www.w3.org\/2000\/svg\" width=\"25\" height=\"25\" viewBox=\"0 0 25 25\" fill=\"none\"><rect width=\"25\" height=\"25\" rx=\"4\" fill=\"#FCB03B\"><\/rect><path fill-rule=\"evenodd\" clip-rule=\"evenodd\" d=\"M16.0337 19.9979C14.9521 19.9581 11.8868 19.5344 8.67648 16.3249C5.46696 13.1146 5.04408 10.0501 5.00352 8.96773C4.94344 7.31828 6.20681 5.71615 7.66623 5.09047C7.84197 5.01458 8.03443 4.98569 8.22471 5.00662C8.41499 5.02756 8.59656 5.09761 8.75159 5.20989C9.95338 6.0857 10.7826 7.41066 11.4947 8.45246C11.6513 8.68135 11.7183 8.95988 11.6829 9.23497C11.6474 9.51007 11.512 9.7625 11.3024 9.94418L9.83696 11.0325C9.76616 11.0837 9.71632 11.1588 9.69671 11.2439C9.67709 11.3289 9.68902 11.4183 9.7303 11.4952C10.0623 12.0984 10.6527 12.9967 11.3287 13.6727C12.0047 14.3487 12.9458 14.9782 13.591 15.3477C13.6719 15.3931 13.7672 15.4058 13.8571 15.3832C13.9471 15.3606 14.025 15.3043 14.0748 15.226L15.0287 13.7741C15.204 13.5412 15.4628 13.3851 15.7506 13.3386C16.0385 13.2921 16.3332 13.3588 16.573 13.5247C17.6298 14.2563 18.8631 15.0713 19.766 16.2273C19.8874 16.3834 19.9646 16.5693 19.9896 16.7655C20.0145 16.9618 19.9863 17.1611 19.9079 17.3427C19.2792 18.8096 17.6884 20.0587 16.0337 19.9979Z\" fill=\"white\"><\/path><\/svg>\t\t\t\t\t\t<\/span>\n\t\t\t\t\t\t\t\t\t\t<span class=\"elementor-icon-list-text\">N\u00famero de tel\u00e9fono<\/span>\n\t\t\t\t\t\t\t\t\t\t\t<\/a>\n\t\t\t\t\t\t\t\t\t<\/li>\n\t\t\t\t\t\t<\/ul>\n\t\t\t\t\t\t<\/div>\n\t\t\t\t<\/div>\n\t\t\t\t<div class=\"elementor-element elementor-element-339fda6 elementor-widget elementor-widget-text-editor\" data-id=\"339fda6\" data-element_type=\"widget\" data-e-type=\"widget\" data-widget_type=\"text-editor.default\">\n\t\t\t\t<div class=\"elementor-widget-container\">\n\t\t\t\t\t\t\t\t\t<a class=\"r-i0aJqJ1mKLS0\" href=\"tel:%20+1(312)620-7551\" data-dtype=\"d3ifr\" data-local-attribute=\"d3ph\" data-ved=\"2ahUKEwiLnJOO-ZDpAhXSna0KHdbzDY8QkAgoADAUegQIExAD\" data-rcid=\"48\" style=\"color:#072440\">+1 (312) 620-7551<\/a>\t\t\t\t\t\t\t\t<\/div>\n\t\t\t\t<\/div>\n\t\t\t\t\t<\/div>\n\t\t<\/div>\n\t\t\t\t<div class=\"elementor-column elementor-col-33 elementor-top-column elementor-element elementor-element-671b949\" data-id=\"671b949\" data-element_type=\"column\" data-e-type=\"column\">\n\t\t\t<div class=\"elementor-widget-wrap elementor-element-populated\">\n\t\t\t\t\t\t<div class=\"elementor-element elementor-element-2dc12cf elementor-icon-list--layout-inline elementor-align-start elementor-widget-tablet__width-initial elementor-tablet-align-center elementor-list-item-link-full_width elementor-widget elementor-widget-icon-list\" data-id=\"2dc12cf\" data-element_type=\"widget\" data-e-type=\"widget\" data-widget_type=\"icon-list.default\">\n\t\t\t\t<div class=\"elementor-widget-container\">\n\t\t\t\t\t\t\t<ul class=\"elementor-icon-list-items elementor-inline-items\">\n\t\t\t\t\t\t\t<li class=\"elementor-icon-list-item elementor-inline-item\">\n\t\t\t\t\t\t\t\t\t\t\t<a href=\"https:\/\/maps.app.goo.gl\/Ano1YLXGr736xQJF6\" target=\"_blank\" rel=\"noopener\">\n\n\t\t\t\t\t\t\t\t\t\t\t\t<span class=\"elementor-icon-list-icon\">\n\t\t\t\t\t\t\t<svg xmlns=\"http:\/\/www.w3.org\/2000\/svg\" width=\"25\" height=\"25\" viewBox=\"0 0 25 25\" fill=\"none\"><rect width=\"25\" height=\"25\" rx=\"4\" fill=\"#FCB03B\"><\/rect><path d=\"M11.7417 17.0861L9.17778 14.5222L10.225 13.475L11.7417 14.9917L14.775 11.9583L15.8222 13.0055L11.7417 17.0861ZM7.44444 19.7222C7.04722 19.7222 6.7073 19.5809 6.42467 19.2983C6.14204 19.0156 6.00048 18.6755 6 18.2778V8.16666C6 7.76944 6.14156 7.42951 6.42467 7.14688C6.70778 6.86425 7.0477 6.7227 7.44444 6.72222H8.16667V5.27777H9.61111V6.72222H15.3889V5.27777H16.8333V6.72222H17.5556C17.9528 6.72222 18.2929 6.86377 18.5761 7.14688C18.8592 7.42999 19.0005 7.76992 19 8.16666V18.2778C19 18.675 18.8587 19.0152 18.5761 19.2983C18.2934 19.5814 17.9533 19.7227 17.5556 19.7222H7.44444ZM7.44444 18.2778H17.5556V11.0555H7.44444V18.2778Z\" fill=\"white\"><\/path><\/svg>\t\t\t\t\t\t<\/span>\n\t\t\t\t\t\t\t\t\t\t<span class=\"elementor-icon-list-text\">Horario<\/span>\n\t\t\t\t\t\t\t\t\t\t\t<\/a>\n\t\t\t\t\t\t\t\t\t<\/li>\n\t\t\t\t\t\t<\/ul>\n\t\t\t\t\t\t<\/div>\n\t\t\t\t<\/div>\n\t\t\t\t<div class=\"elementor-element elementor-element-00e4889 elementor-widget__width-initial elementor-widget elementor-widget-text-editor\" data-id=\"00e4889\" data-element_type=\"widget\" data-e-type=\"widget\" data-widget_type=\"text-editor.default\">\n\t\t\t\t<div class=\"elementor-widget-container\">\n\t\t\t\t\t\t\t\t\tHorario de Recepci\u00f3n\nLunes &#8211; Viernes: 9:00 &#8211; 17:00<br>\n<br>Horario de Terapia<br>Lunes &#8211; Jueves: 8:00 &#8211; 19:00<br>Viernes: 8:00 &#8211; 17:00<br>S\u00e1bado: 8:00 &#8211; 16:00<br>\n<br><i>Cerrado los domingos<\/i>\t\t\t\t\t\t\t\t<\/div>\n\t\t\t\t<\/div>\n\t\t\t\t\t<\/div>\n\t\t<\/div>\n\t\t\t\t<div class=\"elementor-column elementor-col-33 elementor-top-column elementor-element elementor-element-7ad0f17\" data-id=\"7ad0f17\" data-element_type=\"column\" data-e-type=\"column\">\n\t\t\t<div class=\"elementor-widget-wrap elementor-element-populated\">\n\t\t\t\t\t\t<div class=\"elementor-element elementor-element-15997a0 elementor-icon-list--layout-inline elementor-align-start elementor-widget-tablet__width-inherit elementor-tablet-align-center elementor-list-item-link-full_width elementor-widget elementor-widget-icon-list\" data-id=\"15997a0\" data-element_type=\"widget\" data-e-type=\"widget\" data-widget_type=\"icon-list.default\">\n\t\t\t\t<div class=\"elementor-widget-container\">\n\t\t\t\t\t\t\t<ul class=\"elementor-icon-list-items elementor-inline-items\">\n\t\t\t\t\t\t\t<li class=\"elementor-icon-list-item elementor-inline-item\">\n\t\t\t\t\t\t\t\t\t\t\t<a href=\"https:\/\/maps.app.goo.gl\/Ano1YLXGr736xQJF6\" target=\"_blank\" rel=\"noopener\">\n\n\t\t\t\t\t\t\t\t\t\t\t\t<span class=\"elementor-icon-list-icon\">\n\t\t\t\t\t\t\t<svg xmlns=\"http:\/\/www.w3.org\/2000\/svg\" width=\"25\" height=\"25\" viewBox=\"0 0 25 25\" fill=\"none\"><g clip-path=\"url(#clip0_173_386)\"><rect width=\"25\" height=\"25\" rx=\"4\" fill=\"#FCB03B\"><\/rect><path d=\"M7 18.5C6.62187 18.5 6.29829 18.3655 6.02925 18.0964C5.76021 17.8274 5.62546 17.5036 5.625 17.125V8.875C5.625 8.49687 5.75975 8.17329 6.02925 7.90425C6.29875 7.63521 6.62233 7.50046 7 7.5H18C18.3781 7.5 18.7019 7.63475 18.9714 7.90425C19.2409 8.17375 19.3755 8.49733 19.375 8.875V17.125C19.375 17.5031 19.2405 17.8269 18.9714 18.0964C18.7024 18.3659 18.3786 18.5005 18 18.5H7ZM12.5 13.6875L18 10.25V8.875L12.5 12.3125L7 8.875V10.25L12.5 13.6875Z\" fill=\"white\"><\/path><\/g><defs><clipPath id=\"clip0_173_386\"><rect width=\"25\" height=\"25\" rx=\"4\" fill=\"white\"><\/rect><\/clipPath><\/defs><\/svg>\t\t\t\t\t\t<\/span>\n\t\t\t\t\t\t\t\t\t\t<span class=\"elementor-icon-list-text\">Suscr\u00edbase a nuestro bolet\u00edn informativo<\/span>\n\t\t\t\t\t\t\t\t\t\t\t<\/a>\n\t\t\t\t\t\t\t\t\t<\/li>\n\t\t\t\t\t\t<\/ul>\n\t\t\t\t\t\t<\/div>\n\t\t\t\t<\/div>\n\t\t\t\t<div class=\"elementor-element elementor-element-30a5ecb elementor-button-align-stretch elementor-widget elementor-widget-form\" data-id=\"30a5ecb\" data-element_type=\"widget\" data-e-type=\"widget\" data-settings=\"{&quot;button_width&quot;:&quot;25&quot;,&quot;step_next_label&quot;:&quot;Siguiente&quot;,&quot;step_previous_label&quot;:&quot;Anterior&quot;,&quot;step_type&quot;:&quot;number_text&quot;,&quot;step_icon_shape&quot;:&quot;circle&quot;}\" data-widget_type=\"form.default\">\n\t\t\t\t<div class=\"elementor-widget-container\">\n\t\t\t\t\t\t\t<form class=\"elementor-form\" method=\"post\" name=\"Nuevo formulario\" aria-label=\"Nuevo formulario\">\n\t\t\t<input type=\"hidden\" name=\"post_id\" value=\"514661\"\/>\n\t\t\t<input type=\"hidden\" name=\"form_id\" value=\"30a5ecb\"\/>\n\t\t\t<input type=\"hidden\" name=\"referer_title\" value=\"P\u00e1gina de Reservas - Terapia de Conversaci\u00f3n Latinx\" \/>\n\n\t\t\t\t\t\t\t<input type=\"hidden\" name=\"queried_id\" value=\"514661\"\/>\n\t\t\t\n\t\t\t<div class=\"elementor-form-fields-wrapper elementor-labels-\">\n\t\t\t\t\t\t\t\t<div class=\"elementor-field-type-recaptcha_v3 elementor-field-group elementor-column elementor-field-group-field_79504a5 elementor-col-100 recaptcha_v3-bottomright\">\n\t\t\t\t\t<div class=\"elementor-field\" id=\"form-field-field_79504a5\"><div class=\"elementor-g-recaptcha\" data-sitekey=\"6LcYZ7oZAAAAAGDEk2W5ckLtBlbYcSS3mjKVFzig\" data-type=\"v3\" data-action=\"Form\" data-badge=\"bottomright\" data-size=\"invisible\"><\/div><\/div>\t\t\t\t<\/div>\n\t\t\t\t\t\t\t\t<div class=\"elementor-field-type-email elementor-field-group elementor-column elementor-field-group-email elementor-col-75 elementor-field-required\">\n\t\t\t\t\t\t\t\t\t\t\t\t<label for=\"form-field-email\" class=\"elementor-field-label elementor-screen-only\">\n\t\t\t\t\t\t\t\tEnv\u00eda un correo electr\u00f3nico a\t\t\t\t\t\t\t<\/label>\n\t\t\t\t\t\t\t\t\t\t\t\t\t\t<input size=\"1\" type=\"email\" name=\"form_fields[email]\" id=\"form-field-email\" class=\"elementor-field elementor-size-md  elementor-field-textual\" placeholder=\"Env\u00eda un correo electr\u00f3nico a\" required=\"required\">\n\t\t\t\t\t\t\t\t\t\t\t<\/div>\n\t\t\t\t\t\t\t\t<div class=\"elementor-field-group elementor-column elementor-field-type-submit elementor-col-25 e-form__buttons\">\n\t\t\t\t\t<button class=\"elementor-button elementor-size-md\" type=\"submit\">\n\t\t\t\t\t\t<span class=\"elementor-button-content-wrapper\">\n\t\t\t\t\t\t\t\t\t\t\t\t\t\t\t\t\t\t\t\t\t\t<span class=\"elementor-button-text\">Env\u00eda<\/span>\n\t\t\t\t\t\t\t\t\t\t\t\t\t<\/span>\n\t\t\t\t\t<\/button>\n\t\t\t\t<\/div>\n\t\t\t<\/div>\n\t\t<\/form>\n\t\t\t\t\t\t<\/div>\n\t\t\t\t<\/div>\n\t\t\t\t<section class=\"elementor-section elementor-inner-section elementor-element elementor-element-ac70b91 elementor-section-full_width elementor-section-height-default elementor-section-height-default\" data-id=\"ac70b91\" data-element_type=\"section\" data-e-type=\"section\">\n\t\t\t\t\t\t<div class=\"elementor-container elementor-column-gap-no\">\n\t\t\t\t\t<div class=\"elementor-column elementor-col-50 elementor-inner-column elementor-element elementor-element-cca2daa\" data-id=\"cca2daa\" data-element_type=\"column\" data-e-type=\"column\">\n\t\t\t<div class=\"elementor-widget-wrap elementor-element-populated\">\n\t\t\t\t\t\t<div class=\"elementor-element elementor-element-0b0b8ed elementor-widget elementor-widget-text-editor\" data-id=\"0b0b8ed\" data-element_type=\"widget\" data-e-type=\"widget\" data-widget_type=\"text-editor.default\">\n\t\t\t\t<div class=\"elementor-widget-container\">\n\t\t\t\t\t\t\t\t\t<p>Portal del cliente<\/p>\t\t\t\t\t\t\t\t<\/div>\n\t\t\t\t<\/div>\n\t\t\t\t\t<\/div>\n\t\t<\/div>\n\t\t\t\t<div class=\"elementor-column elementor-col-50 elementor-inner-column elementor-element elementor-element-e30c324\" data-id=\"e30c324\" data-element_type=\"column\" data-e-type=\"column\">\n\t\t\t<div class=\"elementor-widget-wrap\">\n\t\t\t\t\t\t\t<\/div>\n\t\t<\/div>\n\t\t\t\t\t<\/div>\n\t\t<\/section>\n\t\t\t\t\t<\/div>\n\t\t<\/div>\n\t\t\t\t\t<\/div>\n\t\t<\/section>\n\t\t\t\t<section class=\"elementor-section elementor-top-section elementor-element elementor-element-c3321ed elementor-section-boxed elementor-section-height-default elementor-section-height-default\" data-id=\"c3321ed\" data-element_type=\"section\" data-e-type=\"section\" data-settings=\"{&quot;background_background&quot;:&quot;classic&quot;}\">\n\t\t\t\t\t\t<div class=\"elementor-container elementor-column-gap-default\">\n\t\t\t\t\t<div class=\"elementor-column elementor-col-100 elementor-top-column elementor-element elementor-element-d31d94b\" data-id=\"d31d94b\" data-element_type=\"column\" data-e-type=\"column\">\n\t\t\t<div class=\"elementor-widget-wrap elementor-element-populated\">\n\t\t\t\t\t\t<div class=\"elementor-element elementor-element-7a1a96d elementor-icon-list--layout-inline elementor-mobile-align-center elementor-align-center elementor-list-item-link-full_width elementor-widget elementor-widget-icon-list\" data-id=\"7a1a96d\" data-element_type=\"widget\" data-e-type=\"widget\" data-widget_type=\"icon-list.default\">\n\t\t\t\t<div class=\"elementor-widget-container\">\n\t\t\t\t\t\t\t<ul class=\"elementor-icon-list-items elementor-inline-items\">\n\t\t\t\t\t\t\t<li class=\"elementor-icon-list-item elementor-inline-item\">\n\t\t\t\t\t\t\t\t\t\t<span class=\"elementor-icon-list-text\">Latinx Talk Therapy \u00a9 2026 Todos los derechos reservados<\/span>\n\t\t\t\t\t\t\t\t\t<\/li>\n\t\t\t\t\t\t\t\t<li class=\"elementor-icon-list-item elementor-inline-item\">\n\t\t\t\t\t\t\t\t\t\t\t<a href=\"https:\/\/latinxtalktherapy.com\/wpautoterms\/privacy-policy\/\">\n\n\t\t\t\t\t\t\t\t\t\t\t<span class=\"elementor-icon-list-text\">Pol\u00edtica de privacidad<\/span>\n\t\t\t\t\t\t\t\t\t\t\t<\/a>\n\t\t\t\t\t\t\t\t\t<\/li>\n\t\t\t\t\t\t\t\t<li class=\"elementor-icon-list-item elementor-inline-item\">\n\t\t\t\t\t\t\t\t\t\t\t<a href=\"https:\/\/agims.com\/\" target=\"_blank\" rel=\"noopener\">\n\n\t\t\t\t\t\t\t\t\t\t\t<span class=\"elementor-icon-list-text\">Desarrollado por <b>AGI Marketing<\/b><\/span>\n\t\t\t\t\t\t\t\t\t\t\t<\/a>\n\t\t\t\t\t\t\t\t\t<\/li>\n\t\t\t\t\t\t<\/ul>\n\t\t\t\t\t\t<\/div>\n\t\t\t\t<\/div>\n\t\t\t\t\t<\/div>\n\t\t<\/div>\n\t\t\t\t\t<\/div>\n\t\t<\/section>\n\t\t\t\t<\/div>\n\t\t","protected":false},"excerpt":{"rendered":"<p>Direcci\u00f3n 155 N. Michigan Ave.Suite 500CChicago, IL 60601 N\u00famero de tel\u00e9fono +1 (312) 620-7551 Horario Horario de Recepci\u00f3n Lunes &#8211; Viernes: 9:00 &#8211; 17:00 Horario de TerapiaLunes &#8211; Jueves: 8:00 &#8211; 19:00Viernes: 8:00 &#8211; 17:00S\u00e1bado: 8:00 &#8211; 16:00 Cerrado los domingos Suscr\u00edbase a nuestro bolet\u00edn informativo Portal del cliente Pol\u00edtica de privacidad Desarrollado por AGI [&hellip;]<\/p>\n","protected":false},"author":5,"featured_media":0,"parent":0,"menu_order":0,"comment_status":"closed","ping_status":"closed","template":"elementor_canvas","meta":{"footnotes":""},"class_list":["post-514661","page","type-page","status-publish","hentry"],"_links":{"self":[{"href":"https:\/\/latinxtalktherapy.com\/es\/wp-json\/wp\/v2\/pages\/514661","targetHints":{"allow":["GET"]}}],"collection":[{"href":"https:\/\/latinxtalktherapy.com\/es\/wp-json\/wp\/v2\/pages"}],"about":[{"href":"https:\/\/latinxtalktherapy.com\/es\/wp-json\/wp\/v2\/types\/page"}],"author":[{"embeddable":true,"href":"https:\/\/latinxtalktherapy.com\/es\/wp-json\/wp\/v2\/users\/5"}],"replies":[{"embeddable":true,"href":"https:\/\/latinxtalktherapy.com\/es\/wp-json\/wp\/v2\/comments?post=514661"}],"version-history":[{"count":20,"href":"https:\/\/latinxtalktherapy.com\/es\/wp-json\/wp\/v2\/pages\/514661\/revisions"}],"predecessor-version":[{"id":1519238,"href":"https:\/\/latinxtalktherapy.com\/es\/wp-json\/wp\/v2\/pages\/514661\/revisions\/1519238"}],"wp:attachment":[{"href":"https:\/\/latinxtalktherapy.com\/es\/wp-json\/wp\/v2\/media?parent=514661"}],"curies":[{"name":"wp","href":"https:\/\/api.w.org\/{rel}","templated":true}]}}