{"id":513841,"date":"2025-03-25T11:51:36","date_gmt":"2025-03-25T16:51:36","guid":{"rendered":"https:\/\/latinxtalktherapy.com\/stephanie-palacios-lcsw\/"},"modified":"2025-06-12T09:58:05","modified_gmt":"2025-06-12T14:58:05","slug":"stephanie-palacios-lcsw","status":"publish","type":"page","link":"https:\/\/latinxtalktherapy.com\/es\/stephanie-palacios-lcsw\/","title":{"rendered":"Stephanie Palacios, LCSW"},"content":{"rendered":"\t\t<div data-elementor-type=\"wp-page\" data-elementor-id=\"513841\" class=\"elementor elementor-513841\" data-elementor-post-type=\"page\">\n\t\t\t\t\t\t<section class=\"elementor-section elementor-top-section elementor-element elementor-element-4538da7d elementor-section-stretched elementor-section-full_width elementor-section-height-default elementor-section-height-default\" data-id=\"4538da7d\" data-element_type=\"section\" data-e-type=\"section\" data-settings=\"{&quot;stretch_section&quot;:&quot;section-stretched&quot;,&quot;background_background&quot;:&quot;classic&quot;}\">\n\t\t\t\t\t\t<div class=\"elementor-container elementor-column-gap-no\">\n\t\t\t\t\t<div class=\"elementor-column elementor-col-100 elementor-top-column elementor-element elementor-element-5b686b0d\" data-id=\"5b686b0d\" data-element_type=\"column\" data-e-type=\"column\" data-settings=\"{&quot;background_background&quot;:&quot;classic&quot;}\">\n\t\t\t<div class=\"elementor-widget-wrap\">\n\t\t\t\t\t\t\t<\/div>\n\t\t<\/div>\n\t\t\t\t\t<\/div>\n\t\t<\/section>\n\t\t\t\t<section class=\"elementor-section elementor-top-section elementor-element elementor-element-6c8d2db4 elementor-section-boxed elementor-section-height-default elementor-section-height-default\" data-id=\"6c8d2db4\" data-element_type=\"section\" data-e-type=\"section\">\n\t\t\t\t\t\t<div class=\"elementor-container elementor-column-gap-default\">\n\t\t\t\t\t<div class=\"elementor-column elementor-col-100 elementor-top-column elementor-element elementor-element-4badf166\" data-id=\"4badf166\" data-element_type=\"column\" data-e-type=\"column\">\n\t\t\t<div class=\"elementor-widget-wrap elementor-element-populated\">\n\t\t\t\t\t\t<div class=\"elementor-element elementor-element-59ac07f1 elementor-widget elementor-widget-heading\" data-id=\"59ac07f1\" data-element_type=\"widget\" data-e-type=\"widget\" data-widget_type=\"heading.default\">\n\t\t\t\t<div class=\"elementor-widget-container\">\n\t\t\t\t\t<h1 class=\"elementor-heading-title elementor-size-default\">Apoyo a la comunidad Latinx ayudando a superar barreras mediante servicios de salud mental culturalmente informados.\n<\/h1>\t\t\t\t<\/div>\n\t\t\t\t<\/div>\n\t\t\t\t<div class=\"elementor-element elementor-element-2190246a elementor-widget elementor-widget-heading\" data-id=\"2190246a\" data-element_type=\"widget\" data-e-type=\"widget\" data-widget_type=\"heading.default\">\n\t\t\t\t<div class=\"elementor-widget-container\">\n\t\t\t\t\t<h2 class=\"elementor-heading-title elementor-size-default\">Inf\u00f3rmate sobre m\u00ed y c\u00f3mo puedo ayudarte\n<\/h2>\t\t\t\t<\/div>\n\t\t\t\t<\/div>\n\t\t\t\t\t<\/div>\n\t\t<\/div>\n\t\t\t\t\t<\/div>\n\t\t<\/section>\n\t\t\t\t<section class=\"elementor-section elementor-top-section elementor-element elementor-element-10eb1016 elementor-section-boxed elementor-section-height-default elementor-section-height-default\" data-id=\"10eb1016\" data-element_type=\"section\" data-e-type=\"section\" data-settings=\"{&quot;background_background&quot;:&quot;classic&quot;}\">\n\t\t\t\t\t\t<div class=\"elementor-container elementor-column-gap-default\">\n\t\t\t\t\t<div class=\"elementor-column elementor-col-100 elementor-top-column elementor-element elementor-element-12f620aa\" data-id=\"12f620aa\" data-element_type=\"column\" data-e-type=\"column\" data-settings=\"{&quot;background_background&quot;:&quot;classic&quot;}\">\n\t\t\t<div class=\"elementor-widget-wrap elementor-element-populated\">\n\t\t\t\t\t\t<div class=\"elementor-element elementor-element-2ab11dfb elementor-widget elementor-widget-image\" data-id=\"2ab11dfb\" data-element_type=\"widget\" data-e-type=\"widget\" data-widget_type=\"image.default\">\n\t\t\t\t<div class=\"elementor-widget-container\">\n\t\t\t\t\t\t\t\t\t\t\t\t\t\t\t<img fetchpriority=\"high\" decoding=\"async\" width=\"800\" height=\"800\" src=\"https:\/\/latinxtalktherapy.com\/wp-content\/uploads\/Stephanie-Palacios-Headshot-1024x1024.jpg\" class=\"attachment-large size-large wp-image-513683\" alt=\"\" srcset=\"https:\/\/latinxtalktherapy.com\/wp-content\/uploads\/Stephanie-Palacios-Headshot-1024x1024.jpg 1024w, https:\/\/latinxtalktherapy.com\/wp-content\/uploads\/Stephanie-Palacios-Headshot-300x300.jpg 300w, https:\/\/latinxtalktherapy.com\/wp-content\/uploads\/Stephanie-Palacios-Headshot-150x150.jpg 150w, https:\/\/latinxtalktherapy.com\/wp-content\/uploads\/Stephanie-Palacios-Headshot-768x768.jpg 768w, https:\/\/latinxtalktherapy.com\/wp-content\/uploads\/Stephanie-Palacios-Headshot-1536x1536.jpg 1536w, https:\/\/latinxtalktherapy.com\/wp-content\/uploads\/Stephanie-Palacios-Headshot-2048x2048.jpg 2048w\" sizes=\"(max-width: 800px) 100vw, 800px\" \/>\t\t\t\t\t\t\t\t\t\t\t\t\t\t\t<\/div>\n\t\t\t\t<\/div>\n\t\t\t\t<div class=\"elementor-element elementor-element-1aefeea6 elementor-widget elementor-widget-heading\" data-id=\"1aefeea6\" data-element_type=\"widget\" data-e-type=\"widget\" data-widget_type=\"heading.default\">\n\t\t\t\t<div class=\"elementor-widget-container\">\n\t\t\t\t\t<h2 class=\"elementor-heading-title elementor-size-default\">Stephanie Palacios, LCSW<\/h2>\t\t\t\t<\/div>\n\t\t\t\t<\/div>\n\t\t\t\t<div class=\"elementor-element elementor-element-2778301a elementor-widget elementor-widget-heading\" data-id=\"2778301a\" data-element_type=\"widget\" data-e-type=\"widget\" data-widget_type=\"heading.default\">\n\t\t\t\t<div class=\"elementor-widget-container\">\n\t\t\t\t\t<h2 class=\"elementor-heading-title elementor-size-default\">Psicoterapeuta biling\u00fce  <\/h2>\t\t\t\t<\/div>\n\t\t\t\t<\/div>\n\t\t\t\t<div class=\"elementor-element elementor-element-44539eda elementor-widget elementor-widget-text-editor\" data-id=\"44539eda\" data-element_type=\"widget\" data-e-type=\"widget\" data-widget_type=\"text-editor.default\">\n\t\t\t\t<div class=\"elementor-widget-container\">\n\t\t\t\t\t\t\t\t\t<p>Saludos, mi nombre es Stephanie, soy una psicoterapeuta biling\u00fce (ingl\u00e9s y espa\u00f1ol) en Latinx Talk Therapy. Me esfuerzo por construir relaciones seguras, aut\u00e9nticas y de apoyo con mis clientes, conectando con sus experiencias \u00fanicas para guiarlos en su traves\u00eda de crecimiento y consecuci\u00f3n de objetivos. Encontrar el equilibrio en la vida es crucial, aunque a menudo no resulta sencillo. En ocasiones, la vida puede parecer abrumadora, y podemos tener dificultades para saber por d\u00f3nde empezar. Mi enfoque terap\u00e9utico es integrativo, lo que significa que recurro a una gama de t\u00e9cnicas para adaptar el proceso a sus necesidades particulares, con un fuerte \u00e9nfasis en comprenderle como individuo.<br>Como persona Latinx, comprendo la importancia de honrar y abrazar nuestras experiencias compartidas. Entiendo las complejidades de navegar los impactos de la interseccionalidad, la marginaci\u00f3n, la inmigraci\u00f3n, la aculturaci\u00f3n y el trauma generacional o hist\u00f3rico. Nuestra comunidad enfrenta desaf\u00edos e injusticias que afectan nuestras perspectivas, as\u00ed como nuestro bienestar emocional y mental. Juntos, trabajaremos para ayudarle a reflexionar internamente, obteniendo una comprensi\u00f3n m\u00e1s profunda de usted mismo\u2014su vida, emociones, comportamientos y patrones de pensamiento. A medida que sane y se sienta m\u00e1s completo, le resultar\u00e1 m\u00e1s f\u00e1cil confiar en s\u00ed mismo y construir patrones m\u00e1s saludables.        <\/p>\t\t\t\t\t\t\t\t<\/div>\n\t\t\t\t<\/div>\n\t\t\t\t\t<\/div>\n\t\t<\/div>\n\t\t\t\t\t<\/div>\n\t\t<\/section>\n\t\t\t\t<section class=\"elementor-section elementor-top-section elementor-element elementor-element-8601f2e elementor-section-boxed elementor-section-height-default elementor-section-height-default\" data-id=\"8601f2e\" data-element_type=\"section\" data-e-type=\"section\">\n\t\t\t\t\t\t<div class=\"elementor-container elementor-column-gap-default\">\n\t\t\t\t\t<div class=\"elementor-column elementor-col-100 elementor-top-column elementor-element elementor-element-173340ba\" data-id=\"173340ba\" data-element_type=\"column\" data-e-type=\"column\">\n\t\t\t<div class=\"elementor-widget-wrap elementor-element-populated\">\n\t\t\t\t\t\t<div class=\"elementor-element elementor-element-6cade5ae elementor-align-center elementor-mobile-align-start animated-slow elementor-icon-list--layout-traditional elementor-list-item-link-full_width elementor-invisible elementor-widget elementor-widget-icon-list\" data-id=\"6cade5ae\" data-element_type=\"widget\" data-e-type=\"widget\" data-settings=\"{&quot;_animation&quot;:&quot;fadeInLeft&quot;}\" data-widget_type=\"icon-list.default\">\n\t\t\t\t<div class=\"elementor-widget-container\">\n\t\t\t\t\t\t\t<ul class=\"elementor-icon-list-items\">\n\t\t\t\t\t\t\t<li class=\"elementor-icon-list-item\">\n\t\t\t\t\t\t\t\t\t\t\t<span class=\"elementor-icon-list-icon\">\n\t\t\t\t\t\t\t<i aria-hidden=\"true\" class=\"fas fa-check\"><\/i>\t\t\t\t\t\t<\/span>\n\t\t\t\t\t\t\t\t\t\t<span class=\"elementor-icon-list-text\">Me re\u00fano con los clientes <span style=\"color: #9b7c8c\"><strong>en persona<\/strong><\/span> y <span style=\"color: #9b7c8c\"><strong>virtualmente<\/strong><\/span>.<\/span>\n\t\t\t\t\t\t\t\t\t<\/li>\n\t\t\t\t\t\t<\/ul>\n\t\t\t\t\t\t<\/div>\n\t\t\t\t<\/div>\n\t\t\t\t<div class=\"elementor-element elementor-element-23634432 elementor-widget elementor-widget-heading\" data-id=\"23634432\" data-element_type=\"widget\" data-e-type=\"widget\" data-widget_type=\"heading.default\">\n\t\t\t\t<div class=\"elementor-widget-container\">\n\t\t\t\t\t<h2 class=\"elementor-heading-title elementor-size-default\">No tienes que afrontar tus luchas solo, estoy aqu\u00ed para ayudarte<\/h2>\t\t\t\t<\/div>\n\t\t\t\t<\/div>\n\t\t\t\t<div class=\"elementor-element elementor-element-5b686dec elementor-widget elementor-widget-text-editor\" data-id=\"5b686dec\" data-element_type=\"widget\" data-e-type=\"widget\" data-widget_type=\"text-editor.default\">\n\t\t\t\t<div class=\"elementor-widget-container\">\n\t\t\t\t\t\t\t\t\t<p>A trav\u00e9s del proceso terap\u00e9utico, utilizo un marco socio-ecol\u00f3gico que reconoce la interconexi\u00f3n de las influencias individuales, ambientales, sociales y culturales. Comprendo que los sistemas y pr\u00e1cticas opresivas impactan profundamente estos diferentes niveles, y mi objetivo es ayudarle a navegar y abordar estos desaf\u00edos con apoyo y cuidado. Juntos, utilizaremos herramientas y t\u00e9cnicas de atenci\u00f3n plena para procesar sus emociones y trabajar a trav\u00e9s de situaciones en el momento presente. Mientras exploramos y confrontamos sentimientos y experiencias dif\u00edciles, estar\u00e9 all\u00ed para guiarle, alentarle y desafiarle gentilmente en cada paso del camino.   <\/p><p>Utilizo una variedad de m\u00e9todos, incluyendo la Terapia Cognitivo-Conductual (TCC), TF-TCC, Terapia Centrada en el Cliente y Terapia Psicodin\u00e1mica, adaptados a sus necesidades \u00fanicas. Ya sea que est\u00e9 enfrentando desaf\u00edos personales o navegando identidades complejas. <\/p>\t\t\t\t\t\t\t\t<\/div>\n\t\t\t\t<\/div>\n\t\t\t\t<div class=\"elementor-element elementor-element-5aca457e elementor-widget elementor-widget-heading\" data-id=\"5aca457e\" data-element_type=\"widget\" data-e-type=\"widget\" data-widget_type=\"heading.default\">\n\t\t\t\t<div class=\"elementor-widget-container\">\n\t\t\t\t\t<h2 class=\"elementor-heading-title elementor-size-default\">Conoce un poco m\u00e1s sobre m\u00ed<\/h2>\t\t\t\t<\/div>\n\t\t\t\t<\/div>\n\t\t\t\t<div class=\"elementor-element elementor-element-40d59675 elementor-widget elementor-widget-text-editor\" data-id=\"40d59675\" data-element_type=\"widget\" data-e-type=\"widget\" data-widget_type=\"text-editor.default\">\n\t\t\t\t<div class=\"elementor-widget-container\">\n\t\t\t\t\t\t\t\t\t<p>Nac\u00ed y crec\u00ed en el lado oeste de Chicago y me identifico como mexicoamericana. Soy estudiante universitaria de primera generaci\u00f3n y obtuve mi Licenciatura en Trabajo Social en la Universidad Estatal del Noreste de Illinois y mi Maestr\u00eda en Trabajo Social en la Universidad Dominicana. Con una formaci\u00f3n especializada en salud mental, he tenido el privilegio de trabajar con una amplia gama de individuos, incluyendo aquellos de diversos or\u00edgenes \u00e9tnicos, grupos de edad, culturas, la comunidad LGBTQ+, y aquellos que experimentan desaf\u00edos de salud mental. Estas experiencias fueron adquiridas a trav\u00e9s de pasant\u00edas y posiciones en entornos como ambientes escolares y como terapeuta en una organizaci\u00f3n sin fines de lucro trabajando con individuos afectados por violencia dom\u00e9stica y comunitaria.   <\/p>\t\t\t\t\t\t\t\t<\/div>\n\t\t\t\t<\/div>\n\t\t\t\t<div class=\"elementor-element elementor-element-30f30395 elementor-widget elementor-widget-heading\" data-id=\"30f30395\" data-element_type=\"widget\" data-e-type=\"widget\" data-widget_type=\"heading.default\">\n\t\t\t\t<div class=\"elementor-widget-container\">\n\t\t\t\t\t<h2 class=\"elementor-heading-title elementor-size-default\">Mis especialidades<\/h2>\t\t\t\t<\/div>\n\t\t\t\t<\/div>\n\t\t\t\t<div class=\"elementor-element elementor-element-693c5b1e elementor-widget elementor-widget-text-editor\" data-id=\"693c5b1e\" data-element_type=\"widget\" data-e-type=\"widget\" data-widget_type=\"text-editor.default\">\n\t\t\t\t<div class=\"elementor-widget-container\">\n\t\t\t\t\t\t\t\t\t<p>He trabajado para apoyar a individuos BIPOC-LGBTQ+ que lidian con ansiedad, depresi\u00f3n, trauma y TEPT, baja autoestima, problemas de las mujeres, citas y relaciones \u00edntimas, y transiciones significativas de vida.<\/p>\t\t\t\t\t\t\t\t<\/div>\n\t\t\t\t<\/div>\n\t\t\t\t\t<\/div>\n\t\t<\/div>\n\t\t\t\t\t<\/div>\n\t\t<\/section>\n\t\t\t\t<\/div>\n\t\t","protected":false},"excerpt":{"rendered":"<p>Apoyo a la comunidad Latinx ayudando a superar barreras mediante servicios de salud mental culturalmente informados. Inf\u00f3rmate sobre m\u00ed y c\u00f3mo puedo ayudarte Stephanie Palacios, LCSW Psicoterapeuta biling\u00fce Saludos, mi nombre es Stephanie, soy una psicoterapeuta biling\u00fce (ingl\u00e9s y espa\u00f1ol) en Latinx Talk Therapy. Me esfuerzo por construir relaciones seguras, aut\u00e9nticas y de apoyo con [&hellip;]<\/p>\n","protected":false},"author":3,"featured_media":0,"parent":0,"menu_order":0,"comment_status":"closed","ping_status":"closed","template":"","meta":{"footnotes":""},"class_list":["post-513841","page","type-page","status-publish","hentry"],"_links":{"self":[{"href":"https:\/\/latinxtalktherapy.com\/es\/wp-json\/wp\/v2\/pages\/513841","targetHints":{"allow":["GET"]}}],"collection":[{"href":"https:\/\/latinxtalktherapy.com\/es\/wp-json\/wp\/v2\/pages"}],"about":[{"href":"https:\/\/latinxtalktherapy.com\/es\/wp-json\/wp\/v2\/types\/page"}],"author":[{"embeddable":true,"href":"https:\/\/latinxtalktherapy.com\/es\/wp-json\/wp\/v2\/users\/3"}],"replies":[{"embeddable":true,"href":"https:\/\/latinxtalktherapy.com\/es\/wp-json\/wp\/v2\/comments?post=513841"}],"version-history":[{"count":2,"href":"https:\/\/latinxtalktherapy.com\/es\/wp-json\/wp\/v2\/pages\/513841\/revisions"}],"predecessor-version":[{"id":513850,"href":"https:\/\/latinxtalktherapy.com\/es\/wp-json\/wp\/v2\/pages\/513841\/revisions\/513850"}],"wp:attachment":[{"href":"https:\/\/latinxtalktherapy.com\/es\/wp-json\/wp\/v2\/media?parent=513841"}],"curies":[{"name":"wp","href":"https:\/\/api.w.org\/{rel}","templated":true}]}}