{"id":14219,"date":"2023-07-18T15:34:51","date_gmt":"2023-07-18T20:34:51","guid":{"rendered":"https:\/\/latinxtalktherapy.com\/yaritza-de-jesus-lcpc\/"},"modified":"2025-06-12T10:00:07","modified_gmt":"2025-06-12T15:00:07","slug":"yaritza-de-jesus-lcpc","status":"publish","type":"page","link":"https:\/\/latinxtalktherapy.com\/es\/yaritza-de-jesus-lcpc\/","title":{"rendered":"Yaritza De Jesus, LCPC"},"content":{"rendered":"\t\t<div data-elementor-type=\"wp-page\" data-elementor-id=\"14219\" class=\"elementor elementor-14219\" data-elementor-post-type=\"page\">\n\t\t\t\t\t\t<section class=\"elementor-section elementor-top-section elementor-element elementor-element-dab0026 elementor-section-stretched elementor-section-full_width elementor-section-height-default elementor-section-height-default\" data-id=\"dab0026\" data-element_type=\"section\" data-e-type=\"section\" data-settings=\"{&quot;stretch_section&quot;:&quot;section-stretched&quot;,&quot;background_background&quot;:&quot;classic&quot;}\">\n\t\t\t\t\t\t<div class=\"elementor-container elementor-column-gap-no\">\n\t\t\t\t\t<div class=\"elementor-column elementor-col-100 elementor-top-column elementor-element elementor-element-33245a69\" data-id=\"33245a69\" data-element_type=\"column\" data-e-type=\"column\" data-settings=\"{&quot;background_background&quot;:&quot;classic&quot;}\">\n\t\t\t<div class=\"elementor-widget-wrap\">\n\t\t\t\t\t\t\t<\/div>\n\t\t<\/div>\n\t\t\t\t\t<\/div>\n\t\t<\/section>\n\t\t\t\t<section class=\"elementor-section elementor-top-section elementor-element elementor-element-1d508b6 elementor-section-boxed elementor-section-height-default elementor-section-height-default\" data-id=\"1d508b6\" data-element_type=\"section\" data-e-type=\"section\">\n\t\t\t\t\t\t<div class=\"elementor-container elementor-column-gap-default\">\n\t\t\t\t\t<div class=\"elementor-column elementor-col-100 elementor-top-column elementor-element elementor-element-d757933\" data-id=\"d757933\" data-element_type=\"column\" data-e-type=\"column\">\n\t\t\t<div class=\"elementor-widget-wrap elementor-element-populated\">\n\t\t\t\t\t\t<div class=\"elementor-element elementor-element-574e279 elementor-widget elementor-widget-heading\" data-id=\"574e279\" data-element_type=\"widget\" data-e-type=\"widget\" data-widget_type=\"heading.default\">\n\t\t\t\t<div class=\"elementor-widget-container\">\n\t\t\t\t\t<h1 class=\"elementor-heading-title elementor-size-default\">Apoyo a la comunidad Latinx con terapia culturalmente sensible<\/h1>\t\t\t\t<\/div>\n\t\t\t\t<\/div>\n\t\t\t\t<div class=\"elementor-element elementor-element-04fb39f elementor-widget elementor-widget-heading\" data-id=\"04fb39f\" data-element_type=\"widget\" data-e-type=\"widget\" data-widget_type=\"heading.default\">\n\t\t\t\t<div class=\"elementor-widget-container\">\n\t\t\t\t\t<h2 class=\"elementor-heading-title elementor-size-default\">Inf\u00f3rmate sobre m\u00ed y c\u00f3mo puedo ayudarte\n<\/h2>\t\t\t\t<\/div>\n\t\t\t\t<\/div>\n\t\t\t\t\t<\/div>\n\t\t<\/div>\n\t\t\t\t\t<\/div>\n\t\t<\/section>\n\t\t\t\t<section class=\"elementor-section elementor-top-section elementor-element elementor-element-905d222 elementor-section-boxed elementor-section-height-default elementor-section-height-default\" data-id=\"905d222\" data-element_type=\"section\" data-e-type=\"section\" data-settings=\"{&quot;background_background&quot;:&quot;classic&quot;}\">\n\t\t\t\t\t\t<div class=\"elementor-container elementor-column-gap-default\">\n\t\t\t\t\t<div class=\"elementor-column elementor-col-100 elementor-top-column elementor-element elementor-element-d492360\" data-id=\"d492360\" data-element_type=\"column\" data-e-type=\"column\" data-settings=\"{&quot;background_background&quot;:&quot;classic&quot;}\">\n\t\t\t<div class=\"elementor-widget-wrap elementor-element-populated\">\n\t\t\t\t\t\t<div class=\"elementor-element elementor-element-207471a4 elementor-widget elementor-widget-image\" data-id=\"207471a4\" data-element_type=\"widget\" data-e-type=\"widget\" data-widget_type=\"image.default\">\n\t\t\t\t<div class=\"elementor-widget-container\">\n\t\t\t\t\t\t\t\t\t\t\t\t\t\t\t<img fetchpriority=\"high\" decoding=\"async\" width=\"1080\" height=\"1064\" src=\"https:\/\/latinxtalktherapy.com\/wp-content\/uploads\/yaritza-de-jesus.png\" class=\"attachment-full size-full wp-image-13867\" alt=\"\" srcset=\"https:\/\/latinxtalktherapy.com\/wp-content\/uploads\/yaritza-de-jesus.png 1080w, https:\/\/latinxtalktherapy.com\/wp-content\/uploads\/yaritza-de-jesus-300x296.png 300w, https:\/\/latinxtalktherapy.com\/wp-content\/uploads\/yaritza-de-jesus-1024x1009.png 1024w, https:\/\/latinxtalktherapy.com\/wp-content\/uploads\/yaritza-de-jesus-768x757.png 768w, https:\/\/latinxtalktherapy.com\/wp-content\/uploads\/yaritza-de-jesus-12x12.png 12w\" sizes=\"(max-width: 1080px) 100vw, 1080px\" \/>\t\t\t\t\t\t\t\t\t\t\t\t\t\t\t<\/div>\n\t\t\t\t<\/div>\n\t\t\t\t<div class=\"elementor-element elementor-element-6d81741f elementor-widget elementor-widget-heading\" data-id=\"6d81741f\" data-element_type=\"widget\" data-e-type=\"widget\" data-widget_type=\"heading.default\">\n\t\t\t\t<div class=\"elementor-widget-container\">\n\t\t\t\t\t<h2 class=\"elementor-heading-title elementor-size-default\">Yaritza De Jesus, LCPC<\/h2>\t\t\t\t<\/div>\n\t\t\t\t<\/div>\n\t\t\t\t<div class=\"elementor-element elementor-element-5ac02c6 elementor-widget elementor-widget-heading\" data-id=\"5ac02c6\" data-element_type=\"widget\" data-e-type=\"widget\" data-widget_type=\"heading.default\">\n\t\t\t\t<div class=\"elementor-widget-container\">\n\t\t\t\t\t<h2 class=\"elementor-heading-title elementor-size-default\">Psicoterapeuta biling\u00fce<br>Supervisora cl\u00ednica<\/h2>\t\t\t\t<\/div>\n\t\t\t\t<\/div>\n\t\t\t\t<div class=\"elementor-element elementor-element-18279779 elementor-widget elementor-widget-text-editor\" data-id=\"18279779\" data-element_type=\"widget\" data-e-type=\"widget\" data-widget_type=\"text-editor.default\">\n\t\t\t\t<div class=\"elementor-widget-container\">\n\t\t\t\t\t\t\t\t\t<p><span style=\"font-weight: 400;\">Saludos, mi nombre es Yaritza De Jesus, y soy una psicoterapeuta biling\u00fce en Latinx Talk Therapy. Soy una orgullosa graduada de la Universidad DePaul, donde obtuve mi Maestr\u00eda en Educaci\u00f3n en Consejer\u00eda Escolar y Comunitaria. Con m\u00e1s de diez a\u00f1os de experiencia sirviendo a la poblaci\u00f3n Latinx en diversas capacidades, aporto una abundancia de conocimientos y sensibilidad cultural. En mi enfoque terap\u00e9utico, utilizo una variedad de modalidades basadas en evidencia, incluyendo la Terapia Cognitivo-Conductual (TCC), la Entrevista Motivacional (EM), pr\u00e1cticas de atenci\u00f3n plena, Terapia Centrada en Soluciones y enfoques basados en fortalezas, para adaptar intervenciones que satisfagan las necesidades y objetivos espec\u00edficos de cada cliente individual. Adem\u00e1s, reconozco la importancia del humor en el proceso terap\u00e9utico y lo incorporo como una herramienta para fomentar la conexi\u00f3n y la resiliencia.    <\/span><\/p><p><span style=\"font-weight: 400;\">Valoro las experiencias de vida \u00fanicas que cada individuo aporta y me esfuerzo por construir una s\u00f3lida conexi\u00f3n basada en la confianza, la empat\u00eda y el respeto. Juntos, exploraremos sus fortalezas, navegaremos los desaf\u00edos de la vida y descubriremos el poder transformador que reside en usted. <\/span><\/p>\t\t\t\t\t\t\t\t<\/div>\n\t\t\t\t<\/div>\n\t\t\t\t\t<\/div>\n\t\t<\/div>\n\t\t\t\t\t<\/div>\n\t\t<\/section>\n\t\t\t\t<section class=\"elementor-section elementor-top-section elementor-element elementor-element-097a202 elementor-section-boxed elementor-section-height-default elementor-section-height-default\" data-id=\"097a202\" data-element_type=\"section\" data-e-type=\"section\">\n\t\t\t\t\t\t<div class=\"elementor-container elementor-column-gap-default\">\n\t\t\t\t\t<div class=\"elementor-column elementor-col-100 elementor-top-column elementor-element elementor-element-4cf73c8\" data-id=\"4cf73c8\" data-element_type=\"column\" data-e-type=\"column\">\n\t\t\t<div class=\"elementor-widget-wrap elementor-element-populated\">\n\t\t\t\t\t\t<div class=\"elementor-element elementor-element-f5cf043 elementor-align-center elementor-mobile-align-start animated-slow elementor-icon-list--layout-traditional elementor-list-item-link-full_width elementor-invisible elementor-widget elementor-widget-icon-list\" data-id=\"f5cf043\" data-element_type=\"widget\" data-e-type=\"widget\" data-settings=\"{&quot;_animation&quot;:&quot;fadeInLeft&quot;}\" data-widget_type=\"icon-list.default\">\n\t\t\t\t<div class=\"elementor-widget-container\">\n\t\t\t\t\t\t\t<ul class=\"elementor-icon-list-items\">\n\t\t\t\t\t\t\t<li class=\"elementor-icon-list-item\">\n\t\t\t\t\t\t\t\t\t\t\t<span class=\"elementor-icon-list-icon\">\n\t\t\t\t\t\t\t<i aria-hidden=\"true\" class=\"fas fa-check\"><\/i>\t\t\t\t\t\t<\/span>\n\t\t\t\t\t\t\t\t\t\t<span class=\"elementor-icon-list-text\">Me re\u00fano con los clientes <span style=\"color: #9b7c8c\"><strong>en persona<\/strong><\/span> y <span style=\"color: #9b7c8c\"><strong>virtualmente<\/strong><\/span>.<\/span>\n\t\t\t\t\t\t\t\t\t<\/li>\n\t\t\t\t\t\t<\/ul>\n\t\t\t\t\t\t<\/div>\n\t\t\t\t<\/div>\n\t\t\t\t<div class=\"elementor-element elementor-element-d2ffa52 elementor-widget elementor-widget-heading\" data-id=\"d2ffa52\" data-element_type=\"widget\" data-e-type=\"widget\" data-widget_type=\"heading.default\">\n\t\t\t\t<div class=\"elementor-widget-container\">\n\t\t\t\t\t<h2 class=\"elementor-heading-title elementor-size-default\">No tienes que afrontar tus luchas solo, estoy aqu\u00ed para ayudarte\n<\/h2>\t\t\t\t<\/div>\n\t\t\t\t<\/div>\n\t\t\t\t<div class=\"elementor-element elementor-element-05063c3 elementor-widget elementor-widget-text-editor\" data-id=\"05063c3\" data-element_type=\"widget\" data-e-type=\"widget\" data-widget_type=\"text-editor.default\">\n\t\t\t\t<div class=\"elementor-widget-container\">\n\t\t\t\t\t\t\t\t\t<p><span style=\"font-weight: 400;\">Como consejera latina, comprendo profundamente las experiencias culturales \u00fanicas y los desaf\u00edos que enfrentan los individuos Latinx. Reconozco el impacto de la opresi\u00f3n sist\u00e9mica y el papel que desempe\u00f1a en las disparidades de salud mental. Me esfuerzo por crear un espacio seguro e inclusivo donde los clientes puedan explorar sus pensamientos, emociones e identidades. Estoy dedicada a proporcionar terapia en ingl\u00e9s, espa\u00f1ol y espanglish. Deseo asegurar que el idioma nunca sea una barrera para acceder al apoyo que necesita. Estoy profundamente comprometida a proporcionar atenci\u00f3n culturalmente sensible que honre su identidad y experiencias \u00fanicas.     <\/span><\/p><p><span style=\"font-weight: 400;\">Creo que construir una s\u00f3lida alianza terap\u00e9utica con mis clientes es clave para una buena terapia. Mi objetivo es crear un espacio c\u00e1lido, libre de juicios y seguro donde mis clientes puedan ser verdaderamente ellos mismos. Al incorporar el humor, podemos crear un ambiente acogedor donde se sienta c\u00f3modo explorando temas dif\u00edciles y fomentando el crecimiento personal.  <\/span><\/p>\t\t\t\t\t\t\t\t<\/div>\n\t\t\t\t<\/div>\n\t\t\t\t<div class=\"elementor-element elementor-element-613a013 elementor-widget elementor-widget-heading\" data-id=\"613a013\" data-element_type=\"widget\" data-e-type=\"widget\" data-widget_type=\"heading.default\">\n\t\t\t\t<div class=\"elementor-widget-container\">\n\t\t\t\t\t<h2 class=\"elementor-heading-title elementor-size-default\">Conoce un poco m\u00e1s sobre m\u00ed<\/h2>\t\t\t\t<\/div>\n\t\t\t\t<\/div>\n\t\t\t\t<div class=\"elementor-element elementor-element-eae5db5 elementor-widget elementor-widget-text-editor\" data-id=\"eae5db5\" data-element_type=\"widget\" data-e-type=\"widget\" data-widget_type=\"text-editor.default\">\n\t\t\t\t<div class=\"elementor-widget-container\">\n\t\t\t\t\t\t\t\t\t<p><span style=\"font-weight: 400;\">Nac\u00ed y crec\u00ed en el lado oeste de Chicago. Soy mitad mexicana y mitad puertorrique\u00f1a. Como latina multicultural, puedo relacionarme con la riqueza y diversidad de las culturas Latinx. Siendo yo misma una estudiante universitaria de primera generaci\u00f3n, comprendo los desaf\u00edos y triunfos \u00fanicos que conlleva esa experiencia.   <\/span><\/p><p><span style=\"font-weight: 400;\">Fuera de mi vida profesional, comparto una pasi\u00f3n por el baile y los viajes. El baile puede ser una poderosa forma de autoexpresi\u00f3n y una fuente de alegr\u00eda y liberaci\u00f3n. Es una hermosa manera de conectar con nuestros cuerpos y emociones. Viajar nos permite explorar diferentes culturas, ampliar nuestras perspectivas y crear experiencias significativas. Creo que estos intereses y pasatiempos pueden mejorar nuestra relaci\u00f3n terap\u00e9utica al ofrecer v\u00edas adicionales para la exploraci\u00f3n y el autodescubrimiento.    <\/span><\/p><p><span style=\"font-weight: 400;\">Por \u00faltimo, como autoproclamada amante de la gastronom\u00eda, aprecio la experiencia sensorial y el significado cultural que conlleva la comida. Puede ser una forma de conectar con nuestras ra\u00edces, explorar nuevos sabores y crear recuerdos compartidos. La comida tambi\u00e9n puede servir como met\u00e1fora de la nutrici\u00f3n y el autocuidado, record\u00e1ndonos la importancia de nutrir nuestras mentes y cuerpos.  <\/span><\/p>\t\t\t\t\t\t\t\t<\/div>\n\t\t\t\t<\/div>\n\t\t\t\t<div class=\"elementor-element elementor-element-d60492b elementor-widget elementor-widget-heading\" data-id=\"d60492b\" data-element_type=\"widget\" data-e-type=\"widget\" data-widget_type=\"heading.default\">\n\t\t\t\t<div class=\"elementor-widget-container\">\n\t\t\t\t\t<h2 class=\"elementor-heading-title elementor-size-default\">Mis especialidades<\/h2>\t\t\t\t<\/div>\n\t\t\t\t<\/div>\n\t\t\t\t<div class=\"elementor-element elementor-element-7c97199 elementor-widget elementor-widget-text-editor\" data-id=\"7c97199\" data-element_type=\"widget\" data-e-type=\"widget\" data-widget_type=\"text-editor.default\">\n\t\t\t\t<div class=\"elementor-widget-container\">\n\t\t\t\t\t\t\t\t\t<p><span style=\"font-weight: 400;\">Me especializo en ayudar a adolescentes, j\u00f3venes y adultos utilizando intervenciones informadas sobre el trauma basadas en evidencia. Mi experiencia radica en abordar una amplia gama de preocupaciones de salud mental como ansiedad, depresi\u00f3n, duelo, exploraci\u00f3n de la identidad, TDAH, conflictos interpersonales, orientaci\u00f3n profesional, factores estresantes de la vida, transici\u00f3n a la escuela secundaria, navegaci\u00f3n de la edad adulta, navegaci\u00f3n de citas, problemas de las mujeres, desaf\u00edos de aculturaci\u00f3n, choque cultural de primera generaci\u00f3n con los padres, vida despu\u00e9s del divorcio, recuperaci\u00f3n de la violencia dom\u00e9stica, trauma generacional y apoyo a sobrevivientes de abuso narcisista. <\/span><\/p><p><span style=\"font-weight: 400;\">Mi objetivo es empoderar a los individuos para que recuperen su bienestar, desarrollen resiliencia y lleven vidas plenas, abrazando su identidad cultural y fortalezas personales.<\/span><\/p>\t\t\t\t\t\t\t\t<\/div>\n\t\t\t\t<\/div>\n\t\t\t\t\t<\/div>\n\t\t<\/div>\n\t\t\t\t\t<\/div>\n\t\t<\/section>\n\t\t\t\t<\/div>\n\t\t","protected":false},"excerpt":{"rendered":"<p>Apoyo a la comunidad Latinx con terapia culturalmente sensible Inf\u00f3rmate sobre m\u00ed y c\u00f3mo puedo ayudarte Yaritza De Jesus, LCPC Psicoterapeuta biling\u00fceSupervisora cl\u00ednica Saludos, mi nombre es Yaritza De Jesus, y soy una psicoterapeuta biling\u00fce en Latinx Talk Therapy. Soy una orgullosa graduada de la Universidad DePaul, donde obtuve mi Maestr\u00eda en Educaci\u00f3n en Consejer\u00eda [&hellip;]<\/p>\n","protected":false},"author":3,"featured_media":0,"parent":0,"menu_order":0,"comment_status":"closed","ping_status":"closed","template":"","meta":{"footnotes":""},"class_list":["post-14219","page","type-page","status-publish","hentry"],"_links":{"self":[{"href":"https:\/\/latinxtalktherapy.com\/es\/wp-json\/wp\/v2\/pages\/14219","targetHints":{"allow":["GET"]}}],"collection":[{"href":"https:\/\/latinxtalktherapy.com\/es\/wp-json\/wp\/v2\/pages"}],"about":[{"href":"https:\/\/latinxtalktherapy.com\/es\/wp-json\/wp\/v2\/types\/page"}],"author":[{"embeddable":true,"href":"https:\/\/latinxtalktherapy.com\/es\/wp-json\/wp\/v2\/users\/3"}],"replies":[{"embeddable":true,"href":"https:\/\/latinxtalktherapy.com\/es\/wp-json\/wp\/v2\/comments?post=14219"}],"version-history":[{"count":2,"href":"https:\/\/latinxtalktherapy.com\/es\/wp-json\/wp\/v2\/pages\/14219\/revisions"}],"predecessor-version":[{"id":515987,"href":"https:\/\/latinxtalktherapy.com\/es\/wp-json\/wp\/v2\/pages\/14219\/revisions\/515987"}],"wp:attachment":[{"href":"https:\/\/latinxtalktherapy.com\/es\/wp-json\/wp\/v2\/media?parent=14219"}],"curies":[{"name":"wp","href":"https:\/\/api.w.org\/{rel}","templated":true}]}}