{"id":14183,"date":"2023-04-18T23:50:16","date_gmt":"2023-04-19T04:50:16","guid":{"rendered":"https:\/\/latinxtalktherapy.com\/ernestina-perez-lcpc-chicago-il-fundadora-y-directora-ejecutiva\/"},"modified":"2025-06-05T18:35:01","modified_gmt":"2025-06-05T23:35:01","slug":"ernestina-perez-lcpc-chicago-il-fundadora-y-directora-ejecutiva","status":"publish","type":"page","link":"https:\/\/latinxtalktherapy.com\/es\/ernestina-perez-lcpc-chicago-il-fundadora-y-directora-ejecutiva\/","title":{"rendered":"Ernestina Perez, LCPC | Chicago, IL | Fundadora y Directora Ejecutiva"},"content":{"rendered":"\t\t<div data-elementor-type=\"wp-page\" data-elementor-id=\"14183\" class=\"elementor elementor-14183\" data-elementor-post-type=\"page\">\n\t\t\t\t\t\t<section class=\"elementor-section elementor-top-section elementor-element elementor-element-b0defaf elementor-section-stretched elementor-section-full_width elementor-section-height-default elementor-section-height-default\" data-id=\"b0defaf\" data-element_type=\"section\" data-e-type=\"section\" data-settings=\"{&quot;stretch_section&quot;:&quot;section-stretched&quot;,&quot;background_background&quot;:&quot;classic&quot;}\">\n\t\t\t\t\t\t<div class=\"elementor-container elementor-column-gap-no\">\n\t\t\t\t\t<div class=\"elementor-column elementor-col-100 elementor-top-column elementor-element elementor-element-5d175c7\" data-id=\"5d175c7\" data-element_type=\"column\" data-e-type=\"column\" data-settings=\"{&quot;background_background&quot;:&quot;classic&quot;}\">\n\t\t\t<div class=\"elementor-widget-wrap\">\n\t\t\t\t\t\t\t<\/div>\n\t\t<\/div>\n\t\t\t\t\t<\/div>\n\t\t<\/section>\n\t\t\t\t<section class=\"elementor-section elementor-top-section elementor-element elementor-element-58ee682 elementor-section-boxed elementor-section-height-default elementor-section-height-default\" data-id=\"58ee682\" data-element_type=\"section\" data-e-type=\"section\">\n\t\t\t\t\t\t<div class=\"elementor-container elementor-column-gap-default\">\n\t\t\t\t\t<div class=\"elementor-column elementor-col-100 elementor-top-column elementor-element elementor-element-23508ed\" data-id=\"23508ed\" data-element_type=\"column\" data-e-type=\"column\">\n\t\t\t<div class=\"elementor-widget-wrap elementor-element-populated\">\n\t\t\t\t\t\t<div class=\"elementor-element elementor-element-41ba507 elementor-widget elementor-widget-heading\" data-id=\"41ba507\" data-element_type=\"widget\" data-e-type=\"widget\" data-widget_type=\"heading.default\">\n\t\t\t\t<div class=\"elementor-widget-container\">\n\t\t\t\t\t<h1 class=\"elementor-heading-title elementor-size-default\">Ayudando a la comunidad Latinx a volverse m\u00e1s segura, tranquila y confiada\n<\/h1>\t\t\t\t<\/div>\n\t\t\t\t<\/div>\n\t\t\t\t<div class=\"elementor-element elementor-element-57bf3a6 elementor-widget elementor-widget-heading\" data-id=\"57bf3a6\" data-element_type=\"widget\" data-e-type=\"widget\" data-widget_type=\"heading.default\">\n\t\t\t\t<div class=\"elementor-widget-container\">\n\t\t\t\t\t<h2 class=\"elementor-heading-title elementor-size-default\">Usted no est\u00e1 solo | Los profesionales de Latinx Terapia de Conversaci\u00f3n est\u00e1n aqu\u00ed para ayudar\n<\/h2>\t\t\t\t<\/div>\n\t\t\t\t<\/div>\n\t\t\t\t\t<\/div>\n\t\t<\/div>\n\t\t\t\t\t<\/div>\n\t\t<\/section>\n\t\t\t\t<section class=\"elementor-section elementor-top-section elementor-element elementor-element-07e956e elementor-section-boxed elementor-section-height-default elementor-section-height-default\" data-id=\"07e956e\" data-element_type=\"section\" data-e-type=\"section\" data-settings=\"{&quot;background_background&quot;:&quot;classic&quot;}\">\n\t\t\t\t\t\t<div class=\"elementor-container elementor-column-gap-default\">\n\t\t\t\t\t<div class=\"elementor-column elementor-col-100 elementor-top-column elementor-element elementor-element-683d3313\" data-id=\"683d3313\" data-element_type=\"column\" data-e-type=\"column\" data-settings=\"{&quot;background_background&quot;:&quot;classic&quot;}\">\n\t\t\t<div class=\"elementor-widget-wrap elementor-element-populated\">\n\t\t\t\t\t\t<div class=\"elementor-element elementor-element-4c99f854 elementor-widget elementor-widget-image\" data-id=\"4c99f854\" data-element_type=\"widget\" data-e-type=\"widget\" data-widget_type=\"image.default\">\n\t\t\t\t<div class=\"elementor-widget-container\">\n\t\t\t\t\t\t\t\t\t\t\t\t\t\t\t<img fetchpriority=\"high\" decoding=\"async\" width=\"598\" height=\"600\" src=\"https:\/\/latinxtalktherapy.com\/wp-content\/uploads\/ernestina-1.png\" class=\"attachment-full size-full wp-image-13692\" alt=\"\" srcset=\"https:\/\/latinxtalktherapy.com\/wp-content\/uploads\/ernestina-1.png 598w, https:\/\/latinxtalktherapy.com\/wp-content\/uploads\/ernestina-1-300x300.png 300w, https:\/\/latinxtalktherapy.com\/wp-content\/uploads\/ernestina-1-150x150.png 150w, https:\/\/latinxtalktherapy.com\/wp-content\/uploads\/ernestina-1-12x12.png 12w\" sizes=\"(max-width: 598px) 100vw, 598px\" \/>\t\t\t\t\t\t\t\t\t\t\t\t\t\t\t<\/div>\n\t\t\t\t<\/div>\n\t\t\t\t<div class=\"elementor-element elementor-element-272f53b8 elementor-widget elementor-widget-heading\" data-id=\"272f53b8\" data-element_type=\"widget\" data-e-type=\"widget\" data-widget_type=\"heading.default\">\n\t\t\t\t<div class=\"elementor-widget-container\">\n\t\t\t\t\t<h2 class=\"elementor-heading-title elementor-size-default\">Ernestina Perez, LCPC<\/h2>\t\t\t\t<\/div>\n\t\t\t\t<\/div>\n\t\t\t\t<div class=\"elementor-element elementor-element-b43e444 elementor-widget elementor-widget-heading\" data-id=\"b43e444\" data-element_type=\"widget\" data-e-type=\"widget\" data-widget_type=\"heading.default\">\n\t\t\t\t<div class=\"elementor-widget-container\">\n\t\t\t\t\t<h2 class=\"elementor-heading-title elementor-size-default\">Fundadora y Directora Ejecutiva<\/h2>\t\t\t\t<\/div>\n\t\t\t\t<\/div>\n\t\t\t\t<div class=\"elementor-element elementor-element-2deb93ec elementor-widget elementor-widget-text-editor\" data-id=\"2deb93ec\" data-element_type=\"widget\" data-e-type=\"widget\" data-widget_type=\"text-editor.default\">\n\t\t\t\t<div class=\"elementor-widget-container\">\n\t\t\t\t\t\t\t\t\t<p><span style=\"font-weight: 400;\">Hola, mi nombre es Ernestina Perez y soy la Directora Ejecutiva y Fundadora de Latinx Terapia de Conversaci\u00f3n. Cre\u00e9 Latinx Terapia de Conversaci\u00f3n con la intenci\u00f3n de proporcionar servicios de salud mental a la comunidad Latinx en un espacio culturalmente competente, biling\u00fce y libre de estigmas. <\/span><\/p><p>Mi objetivo es que Latinx Terapia de Conversaci\u00f3n sea un espacio que gu\u00ede a los miembros de la comunidad Latinx a prosperar y empoderarse con la ayuda de la terapia. Creo que la clave para cualquier transformaci\u00f3n personal reside en mejorar la fortaleza, el coraje y la fuerza de voluntad de la mente. Cuando empodera su mente, aumenta su capacidad para enfrentar desaf\u00edos.   <\/p><p>Nuestro equipo cl\u00ednico de Latinx Terapia de Conversaci\u00f3n est\u00e1 apasionado y motivado para guiarle y proporcionarle herramientas que le ayuden a superar sus dificultades psicol\u00f3gicas juntos. Nuestro objetivo es ayudarle a alcanzar sus metas y vivir una vida m\u00e1s satisfactoria e intencional. <\/p>\t\t\t\t\t\t\t\t<\/div>\n\t\t\t\t<\/div>\n\t\t\t\t\t<\/div>\n\t\t<\/div>\n\t\t\t\t\t<\/div>\n\t\t<\/section>\n\t\t\t\t<\/div>\n\t\t","protected":false},"excerpt":{"rendered":"<p>Ayudando a la comunidad Latinx a volverse m\u00e1s segura, tranquila y confiada Usted no est\u00e1 solo | Los profesionales de Latinx Terapia de Conversaci\u00f3n est\u00e1n aqu\u00ed para ayudar Ernestina Perez, LCPC Fundadora y Directora Ejecutiva Hola, mi nombre es Ernestina Perez y soy la Directora Ejecutiva y Fundadora de Latinx Terapia de Conversaci\u00f3n. Cre\u00e9 Latinx [&hellip;]<\/p>\n","protected":false},"author":3,"featured_media":0,"parent":0,"menu_order":0,"comment_status":"closed","ping_status":"closed","template":"","meta":{"footnotes":""},"class_list":["post-14183","page","type-page","status-publish","hentry"],"_links":{"self":[{"href":"https:\/\/latinxtalktherapy.com\/es\/wp-json\/wp\/v2\/pages\/14183","targetHints":{"allow":["GET"]}}],"collection":[{"href":"https:\/\/latinxtalktherapy.com\/es\/wp-json\/wp\/v2\/pages"}],"about":[{"href":"https:\/\/latinxtalktherapy.com\/es\/wp-json\/wp\/v2\/types\/page"}],"author":[{"embeddable":true,"href":"https:\/\/latinxtalktherapy.com\/es\/wp-json\/wp\/v2\/users\/3"}],"replies":[{"embeddable":true,"href":"https:\/\/latinxtalktherapy.com\/es\/wp-json\/wp\/v2\/comments?post=14183"}],"version-history":[{"count":3,"href":"https:\/\/latinxtalktherapy.com\/es\/wp-json\/wp\/v2\/pages\/14183\/revisions"}],"predecessor-version":[{"id":514844,"href":"https:\/\/latinxtalktherapy.com\/es\/wp-json\/wp\/v2\/pages\/14183\/revisions\/514844"}],"wp:attachment":[{"href":"https:\/\/latinxtalktherapy.com\/es\/wp-json\/wp\/v2\/media?parent=14183"}],"curies":[{"name":"wp","href":"https:\/\/api.w.org\/{rel}","templated":true}]}}