{"id":14083,"date":"2023-05-04T01:20:53","date_gmt":"2023-05-04T06:20:53","guid":{"rendered":"https:\/\/latinxtalktherapy.com\/programa-de-practicas-clinicas\/"},"modified":"2026-04-02T16:17:41","modified_gmt":"2026-04-02T21:17:41","slug":"programa-de-practicas-clinicas","status":"publish","type":"page","link":"https:\/\/latinxtalktherapy.com\/es\/programa-de-practicas-clinicas\/","title":{"rendered":"Programa de pr\u00e1cticas cl\u00ednicas"},"content":{"rendered":"\t\t<div data-elementor-type=\"wp-page\" data-elementor-id=\"14083\" class=\"elementor elementor-14083 elementor-10516\" data-elementor-post-type=\"page\">\n\t\t\t\t\t\t<section class=\"elementor-section elementor-top-section elementor-element elementor-element-d1a10bb elementor-section-height-min-height elementor-section-boxed elementor-section-height-default elementor-section-items-middle\" data-id=\"d1a10bb\" data-element_type=\"section\" data-e-type=\"section\" data-settings=\"{&quot;background_background&quot;:&quot;classic&quot;}\">\n\t\t\t\t\t\t\t<div class=\"elementor-background-overlay\"><\/div>\n\t\t\t\t\t\t\t<div class=\"elementor-container elementor-column-gap-default\">\n\t\t\t\t\t<div class=\"elementor-column elementor-col-100 elementor-top-column elementor-element elementor-element-56318654\" data-id=\"56318654\" data-element_type=\"column\" data-e-type=\"column\">\n\t\t\t<div class=\"elementor-widget-wrap elementor-element-populated\">\n\t\t\t\t\t\t<div class=\"elementor-element elementor-element-4dfbd270 elementor-widget elementor-widget-heading\" data-id=\"4dfbd270\" data-element_type=\"widget\" data-e-type=\"widget\" data-widget_type=\"heading.default\">\n\t\t\t\t<div class=\"elementor-widget-container\">\n\t\t\t\t\t<h2 class=\"elementor-heading-title elementor-size-default\">Programa de Pasant\u00edas Cl\u00ednicas<br><\/h2>\t\t\t\t<\/div>\n\t\t\t\t<\/div>\n\t\t\t\t<div class=\"elementor-element elementor-element-5b1b7ea elementor-align-justify elementor-widget elementor-widget-button\" data-id=\"5b1b7ea\" data-element_type=\"widget\" data-e-type=\"widget\" data-widget_type=\"button.default\">\n\t\t\t\t<div class=\"elementor-widget-container\">\n\t\t\t\t\t\t\t\t\t<div class=\"elementor-button-wrapper\">\n\t\t\t\t\t<a class=\"elementor-button elementor-button-link elementor-size-md\" href=\"https:\/\/hello.dubsado.com\/public\/form\/view\/60f1b4d1bd84ba343d492750\" target=\"_blank\" rel=\"noopener\">\n\t\t\t\t\t\t<span class=\"elementor-button-content-wrapper\">\n\t\t\t\t\t\t\t\t\t<span class=\"elementor-button-text\">Solicite Aqu\u00ed<\/span>\n\t\t\t\t\t<\/span>\n\t\t\t\t\t<\/a>\n\t\t\t\t<\/div>\n\t\t\t\t\t\t\t\t<\/div>\n\t\t\t\t<\/div>\n\t\t\t\t\t<\/div>\n\t\t<\/div>\n\t\t\t\t\t<\/div>\n\t\t<\/section>\n\t\t\t\t<section class=\"elementor-section elementor-top-section elementor-element elementor-element-6b295fc9 elementor-section-boxed elementor-section-height-default elementor-section-height-default\" data-id=\"6b295fc9\" data-element_type=\"section\" data-e-type=\"section\">\n\t\t\t\t\t\t<div class=\"elementor-container elementor-column-gap-default\">\n\t\t\t\t\t<div class=\"elementor-column elementor-col-100 elementor-top-column elementor-element elementor-element-4a563e90\" data-id=\"4a563e90\" data-element_type=\"column\" data-e-type=\"column\">\n\t\t\t<div class=\"elementor-widget-wrap elementor-element-populated\">\n\t\t\t\t\t\t<div class=\"elementor-element elementor-element-5b76abfb elementor-widget elementor-widget-heading\" data-id=\"5b76abfb\" data-element_type=\"widget\" data-e-type=\"widget\" data-widget_type=\"heading.default\">\n\t\t\t\t<div class=\"elementor-widget-container\">\n\t\t\t\t\t<h2 class=\"elementor-heading-title elementor-size-default\">Psicoterapeuta Pasante Biling\u00fce (espa\u00f1ol\/ingl\u00e9s)<\/h2>\t\t\t\t<\/div>\n\t\t\t\t<\/div>\n\t\t\t\t<div class=\"elementor-element elementor-element-c559048 elementor-widget elementor-widget-text-editor\" data-id=\"c559048\" data-element_type=\"widget\" data-e-type=\"widget\" data-widget_type=\"text-editor.default\">\n\t\t\t\t<div class=\"elementor-widget-container\">\n\t\t\t\t\t\t\t\t\t<p><span style=\"font-weight: 400;\">Participar en una pasant\u00eda cl\u00ednica con Latinx Talk Therapy puede ofrecer beneficios significativos para estudiantes de posgrado que buscan una carrera en asesoramiento cl\u00ednico o trabajo social. A trav\u00e9s de esta pasant\u00eda, los estudiantes tendr\u00e1n la oportunidad de adquirir experiencia pr\u00e1ctica realizando sesiones de psicoterapia, centr\u00e1ndose en las necesidades \u00fanicas de salud mental de la comunidad Latinx. Esta experiencia puede ayudar a los estudiantes a desarrollar importantes habilidades cl\u00ednicas y a construir su confianza como profesionales. Adem\u00e1s, Latinx Talk Therapy es conocida por proporcionar atenci\u00f3n culturalmente sensible y competente a personas Latinx, lo que puede ser una experiencia inestimable para los estudiantes que buscan especializarse en esta \u00e1rea. Finalmente, realizar una pasant\u00eda con Latinx Talk Therapy puede proporcionar a los estudiantes oportunidades para establecer contactos con otros profesionales del campo y, potencialmente, abrir puertas a futuras oportunidades de empleo o carrera.    <\/span><\/p>\t\t\t\t\t\t\t\t<\/div>\n\t\t\t\t<\/div>\n\t\t\t\t<div class=\"elementor-element elementor-element-f8befad elementor-icon-list--layout-traditional elementor-list-item-link-full_width elementor-widget elementor-widget-icon-list\" data-id=\"f8befad\" data-element_type=\"widget\" data-e-type=\"widget\" data-widget_type=\"icon-list.default\">\n\t\t\t\t<div class=\"elementor-widget-container\">\n\t\t\t\t\t\t\t<ul class=\"elementor-icon-list-items\">\n\t\t\t\t\t\t\t<li class=\"elementor-icon-list-item\">\n\t\t\t\t\t\t\t\t\t\t<span class=\"elementor-icon-list-text\">Descripci\u00f3n:<\/span>\n\t\t\t\t\t\t\t\t\t<\/li>\n\t\t\t\t\t\t<\/ul>\n\t\t\t\t\t\t<\/div>\n\t\t\t\t<\/div>\n\t\t\t\t<div class=\"elementor-element elementor-element-c5faf64 elementor-widget elementor-widget-text-editor\" data-id=\"c5faf64\" data-element_type=\"widget\" data-e-type=\"widget\" data-widget_type=\"text-editor.default\">\n\t\t\t\t<div class=\"elementor-widget-container\">\n\t\t\t\t\t\t\t\t\t<p data-pm-slice=\"1 1 []\"><span style=\"font-weight: 400;\">Latinx Talk Therapy es una cl\u00ednica de salud mental compuesta por profesionales que trabajan para mejorar el bienestar mental de la comunidad Latinx en Illinois. Nuestro Programa de Pasant\u00edas Cl\u00ednicas permite a los Pasantes de Psicoterapia Biling\u00fces proporcionar terapia individual y\/o familiar ambulatoria a clientes de forma virtual o en nuestra ubicaci\u00f3n de Millennium Park Plaza en Michigan Avenue.  Los servicios de terapia cl\u00ednica son en espa\u00f1ol e ingl\u00e9s e incluyen el tratamiento de adultos, adolescentes y familias. <\/span><\/p>\t\t\t\t\t\t\t\t<\/div>\n\t\t\t\t<\/div>\n\t\t\t\t<div class=\"elementor-element elementor-element-1ccc709 elementor-icon-list--layout-traditional elementor-list-item-link-full_width elementor-widget elementor-widget-icon-list\" data-id=\"1ccc709\" data-element_type=\"widget\" data-e-type=\"widget\" data-widget_type=\"icon-list.default\">\n\t\t\t\t<div class=\"elementor-widget-container\">\n\t\t\t\t\t\t\t<ul class=\"elementor-icon-list-items\">\n\t\t\t\t\t\t\t<li class=\"elementor-icon-list-item\">\n\t\t\t\t\t\t\t\t\t\t<span class=\"elementor-icon-list-text\"><b>Informa a:<\/b> Supervisor Cl\u00ednico &amp; Director Cl\u00ednico<\/span>\n\t\t\t\t\t\t\t\t\t<\/li>\n\t\t\t\t\t\t\t\t<li class=\"elementor-icon-list-item\">\n\t\t\t\t\t\t\t\t\t\t<span class=\"elementor-icon-list-text\"><b>Programa:<\/b> Programa de Pasant\u00edas Cl\u00ednicas<\/span>\n\t\t\t\t\t\t\t\t\t<\/li>\n\t\t\t\t\t\t\t\t<li class=\"elementor-icon-list-item\">\n\t\t\t\t\t\t\t\t\t\t<span class=\"elementor-icon-list-text\"><b>Estipendio:<\/b> Pr\u00e1cticas no remuneradas<\/span>\n\t\t\t\t\t\t\t\t\t<\/li>\n\t\t\t\t\t\t<\/ul>\n\t\t\t\t\t\t<\/div>\n\t\t\t\t<\/div>\n\t\t\t\t<div class=\"elementor-element elementor-element-9d2c496 elementor-icon-list--layout-traditional elementor-list-item-link-full_width elementor-widget elementor-widget-icon-list\" data-id=\"9d2c496\" data-element_type=\"widget\" data-e-type=\"widget\" data-widget_type=\"icon-list.default\">\n\t\t\t\t<div class=\"elementor-widget-container\">\n\t\t\t\t\t\t\t<ul class=\"elementor-icon-list-items\">\n\t\t\t\t\t\t\t<li class=\"elementor-icon-list-item\">\n\t\t\t\t\t\t\t\t\t\t<span class=\"elementor-icon-list-text\">Supervisi\u00f3n:<\/span>\n\t\t\t\t\t\t\t\t\t<\/li>\n\t\t\t\t\t\t<\/ul>\n\t\t\t\t\t\t<\/div>\n\t\t\t\t<\/div>\n\t\t\t\t<div class=\"elementor-element elementor-element-6c3201b elementor-widget elementor-widget-text-editor\" data-id=\"6c3201b\" data-element_type=\"widget\" data-e-type=\"widget\" data-widget_type=\"text-editor.default\">\n\t\t\t\t<div class=\"elementor-widget-container\">\n\t\t\t\t\t\t\t\t\t<p data-pm-slice=\"1 1 []\"><span style=\"font-weight: 400;\">Los Pasantes reciben una Capacitaci\u00f3n de Orientaci\u00f3n. Tambi\u00e9n se les asigna un Supervisor Cl\u00ednico que les proporcionar\u00e1 una Capacitaci\u00f3n de Incorporaci\u00f3n y se asegurar\u00e1 de que se sientan seguros y apoyados a medida que construyen su cartera de casos y se adaptan a la pr\u00e1ctica. Los Supervisores Cl\u00ednicos tambi\u00e9n proporcionar\u00e1n consultas semanales de casos. Los Pasantes deben asistir a la Consulta Mensual de Casos en Grupo, durante la cual discutir\u00e1n el trabajo cl\u00ednico, realizar\u00e1n presentaciones de casos, recibir\u00e1n comentarios de sus compa\u00f1eros y debatir\u00e1n diversos temas relacionados con el trabajo en la pr\u00e1ctica privada. Los temas se centrar\u00e1n en el uso de pr\u00e1cticas basadas en la evidencia y aplicaciones cl\u00ednicas dentro de la poblaci\u00f3n Latinx. La capacitaci\u00f3n y la consulta cl\u00ednica tienen como objetivo fomentar el crecimiento profesional cl\u00ednico y apoyar la formaci\u00f3n y la pr\u00e1ctica cl\u00ednica de nuestros profesionales.     <\/span><\/p>\t\t\t\t\t\t\t\t<\/div>\n\t\t\t\t<\/div>\n\t\t\t\t<div class=\"elementor-element elementor-element-bcb8720 elementor-icon-list--layout-traditional elementor-list-item-link-full_width elementor-widget elementor-widget-icon-list\" data-id=\"bcb8720\" data-element_type=\"widget\" data-e-type=\"widget\" data-widget_type=\"icon-list.default\">\n\t\t\t\t<div class=\"elementor-widget-container\">\n\t\t\t\t\t\t\t<ul class=\"elementor-icon-list-items\">\n\t\t\t\t\t\t\t<li class=\"elementor-icon-list-item\">\n\t\t\t\t\t\t\t\t\t\t<span class=\"elementor-icon-list-text\">Requisitos:<\/span>\n\t\t\t\t\t\t\t\t\t<\/li>\n\t\t\t\t\t\t<\/ul>\n\t\t\t\t\t\t<\/div>\n\t\t\t\t<\/div>\n\t\t\t\t<div class=\"elementor-element elementor-element-7ea9522 elementor-widget elementor-widget-text-editor\" data-id=\"7ea9522\" data-element_type=\"widget\" data-e-type=\"widget\" data-widget_type=\"text-editor.default\">\n\t\t\t\t<div class=\"elementor-widget-container\">\n\t\t\t\t\t\t\t\t\t<p><span style=\"font-weight: 400;\">De acuerdo con las directrices de CACREP, nuestras pr\u00e1cticas requieren horas de terapia presencial que incluyen sesiones grupales, individuales y familiares.<\/span><\/p>\t\t\t\t\t\t\t\t<\/div>\n\t\t\t\t<\/div>\n\t\t\t\t<div class=\"elementor-element elementor-element-7120874 elementor-icon-list--layout-traditional elementor-list-item-link-full_width elementor-widget elementor-widget-icon-list\" data-id=\"7120874\" data-element_type=\"widget\" data-e-type=\"widget\" data-widget_type=\"icon-list.default\">\n\t\t\t\t<div class=\"elementor-widget-container\">\n\t\t\t\t\t\t\t<ul class=\"elementor-icon-list-items\">\n\t\t\t\t\t\t\t<li class=\"elementor-icon-list-item\">\n\t\t\t\t\t\t\t\t\t\t<span class=\"elementor-icon-list-text\"><b>Horario:<\/b> La terapia se ofrece solo con cita previa. Se requiere que los Pasantes trabajen 3 tardes y 1 d\u00eda de fin de semana. <\/span>\n\t\t\t\t\t\t\t\t\t<\/li>\n\t\t\t\t\t\t\t\t<li class=\"elementor-icon-list-item\">\n\t\t\t\t\t\t\t\t\t\t<span class=\"elementor-icon-list-text\"><b>Cartera de casos:<\/b> Se requiere que los Pasantes reserven 12 sesiones por semana. Las sesiones se llevan a cabo en las oficinas de Latinx Talk Therapy o mediante teleterapia. <\/span>\n\t\t\t\t\t\t\t\t\t<\/li>\n\t\t\t\t\t\t\t\t<li class=\"elementor-icon-list-item\">\n\t\t\t\t\t\t\t\t\t\t<span class=\"elementor-icon-list-text\"><b>Grupo:<\/b> Los Pasantes deben completar 1 grupo de terapia bajo supervisi\u00f3n durante su pasant\u00eda.<\/span>\n\t\t\t\t\t\t\t\t\t<\/li>\n\t\t\t\t\t\t\t\t<li class=\"elementor-icon-list-item\">\n\t\t\t\t\t\t\t\t\t\t<span class=\"elementor-icon-list-text\"><b>Tiempo libre:<\/b> Los Pasantes deben presentar las solicitudes de tiempo libre de acuerdo con las pol\u00edticas de la pr\u00e1ctica.<\/span>\n\t\t\t\t\t\t\t\t\t<\/li>\n\t\t\t\t\t\t\t\t<li class=\"elementor-icon-list-item\">\n\t\t\t\t\t\t\t\t\t\t<span class=\"elementor-icon-list-text\"><b>Idioma:<\/b> Se prefiere fluidez en espa\u00f1ol. <\/span>\n\t\t\t\t\t\t\t\t\t<\/li>\n\t\t\t\t\t\t\t\t<li class=\"elementor-icon-list-item\">\n\t\t\t\t\t\t\t\t\t\t<span class=\"elementor-icon-list-text\"><b>Ubicaci\u00f3n:<\/b> Los Pasantes deben tener una direcci\u00f3n permanente en Illinois, EE. UU.<\/span>\n\t\t\t\t\t\t\t\t\t<\/li>\n\t\t\t\t\t\t<\/ul>\n\t\t\t\t\t\t<\/div>\n\t\t\t\t<\/div>\n\t\t\t\t<div class=\"elementor-element elementor-element-6f08afb elementor-icon-list--layout-traditional elementor-list-item-link-full_width elementor-widget elementor-widget-icon-list\" data-id=\"6f08afb\" data-element_type=\"widget\" data-e-type=\"widget\" data-widget_type=\"icon-list.default\">\n\t\t\t\t<div class=\"elementor-widget-container\">\n\t\t\t\t\t\t\t<ul class=\"elementor-icon-list-items\">\n\t\t\t\t\t\t\t<li class=\"elementor-icon-list-item\">\n\t\t\t\t\t\t\t\t\t\t<span class=\"elementor-icon-list-text\">Duraci\u00f3n:<\/span>\n\t\t\t\t\t\t\t\t\t<\/li>\n\t\t\t\t\t\t<\/ul>\n\t\t\t\t\t\t<\/div>\n\t\t\t\t<\/div>\n\t\t\t\t<div class=\"elementor-element elementor-element-e0ac7fe elementor-widget elementor-widget-text-editor\" data-id=\"e0ac7fe\" data-element_type=\"widget\" data-e-type=\"widget\" data-widget_type=\"text-editor.default\">\n\t\t\t\t<div class=\"elementor-widget-container\">\n\t\t\t\t\t\t\t\t\t<p><b>Entrevistas:<\/b><span style=\"font-weight: 400;\"> Las solicitudes de pasant\u00edas cl\u00ednicas se aceptan en l\u00ednea a trav\u00e9s de nuestro sitio web durante todo el a\u00f1o. Sin embargo, la mayor\u00eda de las entrevistas se realizar\u00e1n de marzo a mayo de cada a\u00f1o.  <\/span><\/p><p><b>Compromiso de tiempo:<\/b><span style=\"font-weight: 400;\"> Los Pasantes deben elegir una de las siguientes rotaciones de pasant\u00eda y permanecer durante toda su duraci\u00f3n.<\/span> <\/p><ul><li style=\"font-weight: 400;\" aria-level=\"1\"><span style=\"font-weight: 400;\">Verano: 1 de junio &#8211; 31 de mayo<\/span><\/li><li style=\"font-weight: 400;\" aria-level=\"1\"><span style=\"font-weight: 400;\">Oto\u00f1o: 1 de septiembre &#8211; 31 de mayo<\/span><\/li><\/ul>\t\t\t\t\t\t\t\t<\/div>\n\t\t\t\t<\/div>\n\t\t\t\t<div class=\"elementor-element elementor-element-ecd513b elementor-icon-list--layout-traditional elementor-list-item-link-full_width elementor-widget elementor-widget-icon-list\" data-id=\"ecd513b\" data-element_type=\"widget\" data-e-type=\"widget\" data-widget_type=\"icon-list.default\">\n\t\t\t\t<div class=\"elementor-widget-container\">\n\t\t\t\t\t\t\t<ul class=\"elementor-icon-list-items\">\n\t\t\t\t\t\t\t<li class=\"elementor-icon-list-item\">\n\t\t\t\t\t\t\t\t\t\t<span class=\"elementor-icon-list-text\">Responsabilidades:<\/span>\n\t\t\t\t\t\t\t\t\t<\/li>\n\t\t\t\t\t\t<\/ul>\n\t\t\t\t\t\t<\/div>\n\t\t\t\t<\/div>\n\t\t\t\t<div class=\"elementor-element elementor-element-23ed14d elementor-widget elementor-widget-text-editor\" data-id=\"23ed14d\" data-element_type=\"widget\" data-e-type=\"widget\" data-widget_type=\"text-editor.default\">\n\t\t\t\t<div class=\"elementor-widget-container\">\n\t\t\t\t\t\t\t\t\t<ol><li style=\"font-weight: 400;\" aria-level=\"1\"><span style=\"font-weight: 400;\">Realizar servicios de asesoramiento cl\u00ednico a los clientes de Latinx Talk Therapy, seg\u00fan lo programado y de acuerdo con las pol\u00edticas de la empresa. <\/span><\/li><li style=\"font-weight: 400;\" aria-level=\"1\"><span style=\"font-weight: 400;\">Se requiere asistencia regular y fiable y llegada puntual al trabajo.<\/span><\/li><li style=\"font-weight: 400;\" aria-level=\"1\"><span style=\"font-weight: 400;\">Estar debidamente autorizado y cumplir con todas las leyes, normas, reglamentos y c\u00f3digos de \u00e9tica que sean vinculantes o aplicables a los servicios prestados para Latinx Talk Therapy. <\/span><\/li><li style=\"font-weight: 400;\" aria-level=\"1\"><span style=\"font-weight: 400;\">Responder a las solicitudes de servicio o llamadas de los clientes dentro de las 24 horas de lunes a viernes, ya sean realizadas en persona, por tel\u00e9fono, correo de voz, etc., o a trav\u00e9s del sitio web de Latinx Talk Therapy. Responder a dichas solicitudes reuni\u00e9ndose, enviando correos electr\u00f3nicos, evaluando y proporcionando servicios a dichos clientes. <\/span><\/li><li style=\"font-weight: 400;\" aria-level=\"1\"><span style=\"font-weight: 400;\">Comunicarse con el equipo de tratamiento del cliente (es decir, m\u00e9dico de atenci\u00f3n primaria, psiquiatra, escuela, etc.) seg\u00fan sea necesario. <\/span><\/li><li style=\"font-weight: 400;\" aria-level=\"1\"><span style=\"font-weight: 400;\">Completar oportunamente los registros escritos para cada cliente, incluyendo, pero no limit\u00e1ndose a: notas de admisi\u00f3n, notas de progreso, planes de tratamiento, notas de terminaci\u00f3n, registros de hojas de tiempo y otros formularios o documentos que deben entregarse 24 horas despu\u00e9s de la sesi\u00f3n. Mantener los archivos de los clientes precisos y actualizados. <\/span><\/li><li style=\"font-weight: 400;\" aria-level=\"1\"><span style=\"font-weight: 400;\">Asistir a las reuniones de personal y capacitaciones recomendadas seg\u00fan lo indique Latinx Talk Therapy. <\/span><\/li><li style=\"font-weight: 400;\" aria-level=\"1\"><span style=\"font-weight: 400;\">Realizar y regular los servicios de asesoramiento en espa\u00f1ol\/ingl\u00e9s de manera profesional para mantener y aumentar la buena voluntad y la reputaci\u00f3n de Latinx Talk Therapy. Ser respetuoso, cooperativo y colaborativo con los compa\u00f1eros de trabajo. <\/span><\/li><li style=\"font-weight: 400;\" aria-level=\"1\"><span style=\"font-weight: 400;\">Asistir a reuniones de supervisi\u00f3n semanales con el supervisor cl\u00ednico asignado. Los Pasantes deben estar preparados para la conceptualizaci\u00f3n de casos y presentar problemas y actualizaciones de los clientes. <\/span><\/li><li style=\"font-weight: 400;\" aria-level=\"1\"><span style=\"font-weight: 400;\">Tener disponibilidad abierta durante las tardes y fines de semana seg\u00fan lo requiera la carga de casos. <\/span><\/li><li style=\"font-weight: 400;\" aria-level=\"1\"><span style=\"font-weight: 400;\">Otras tareas que puedan ser asignadas por Latinx Talk Therapy. <\/span><\/li><\/ol>\t\t\t\t\t\t\t\t<\/div>\n\t\t\t\t<\/div>\n\t\t\t\t<div class=\"elementor-element elementor-element-3eef8b6 elementor-icon-list--layout-traditional elementor-list-item-link-full_width elementor-widget elementor-widget-icon-list\" data-id=\"3eef8b6\" data-element_type=\"widget\" data-e-type=\"widget\" data-widget_type=\"icon-list.default\">\n\t\t\t\t<div class=\"elementor-widget-container\">\n\t\t\t\t\t\t\t<ul class=\"elementor-icon-list-items\">\n\t\t\t\t\t\t\t<li class=\"elementor-icon-list-item\">\n\t\t\t\t\t\t\t\t\t\t<span class=\"elementor-icon-list-text\">Evaluaci\u00f3n Cl\u00ednica:<\/span>\n\t\t\t\t\t\t\t\t\t<\/li>\n\t\t\t\t\t\t<\/ul>\n\t\t\t\t\t\t<\/div>\n\t\t\t\t<\/div>\n\t\t\t\t<div class=\"elementor-element elementor-element-4928147 elementor-widget elementor-widget-text-editor\" data-id=\"4928147\" data-element_type=\"widget\" data-e-type=\"widget\" data-widget_type=\"text-editor.default\">\n\t\t\t\t<div class=\"elementor-widget-container\">\n\t\t\t\t\t\t\t\t\t<p><span style=\"font-weight: 400;\">Durante la admisi\u00f3n, los internos realizan un Examen de Salud Mental, revisan el Cuestionario de Admisi\u00f3n del Paciente y utilizan evaluaciones de salud mental durante los diagn\u00f3sticos, tales como GAD7, PHQ9 e Inventario de Estr\u00e9s. Adicionalmente, los internos deben declarar claramente las pol\u00edticas de confidencialidad. Se deben discutir planes de seguridad con los clientes, seg\u00fan corresponda. Todo el tratamiento est\u00e1 basado en evidencia y se adhiere a las recomendaciones del DSM-5.   <\/span><\/p>\t\t\t\t\t\t\t\t<\/div>\n\t\t\t\t<\/div>\n\t\t\t\t\t<\/div>\n\t\t<\/div>\n\t\t\t\t\t<\/div>\n\t\t<\/section>\n\t\t\t\t<\/div>\n\t\t","protected":false},"excerpt":{"rendered":"<p>Programa de Pasant\u00edas Cl\u00ednicas Solicite Aqu\u00ed Psicoterapeuta Pasante Biling\u00fce (espa\u00f1ol\/ingl\u00e9s) Participar en una pasant\u00eda cl\u00ednica con Latinx Talk Therapy puede ofrecer beneficios significativos para estudiantes de posgrado que buscan una carrera en asesoramiento cl\u00ednico o trabajo social. A trav\u00e9s de esta pasant\u00eda, los estudiantes tendr\u00e1n la oportunidad de adquirir experiencia pr\u00e1ctica realizando sesiones de psicoterapia, [&hellip;]<\/p>\n","protected":false},"author":3,"featured_media":0,"parent":0,"menu_order":0,"comment_status":"closed","ping_status":"closed","template":"elementor_header_footer","meta":{"footnotes":""},"class_list":["post-14083","page","type-page","status-publish","hentry"],"_links":{"self":[{"href":"https:\/\/latinxtalktherapy.com\/es\/wp-json\/wp\/v2\/pages\/14083","targetHints":{"allow":["GET"]}}],"collection":[{"href":"https:\/\/latinxtalktherapy.com\/es\/wp-json\/wp\/v2\/pages"}],"about":[{"href":"https:\/\/latinxtalktherapy.com\/es\/wp-json\/wp\/v2\/types\/page"}],"author":[{"embeddable":true,"href":"https:\/\/latinxtalktherapy.com\/es\/wp-json\/wp\/v2\/users\/3"}],"replies":[{"embeddable":true,"href":"https:\/\/latinxtalktherapy.com\/es\/wp-json\/wp\/v2\/comments?post=14083"}],"version-history":[{"count":3,"href":"https:\/\/latinxtalktherapy.com\/es\/wp-json\/wp\/v2\/pages\/14083\/revisions"}],"predecessor-version":[{"id":1519614,"href":"https:\/\/latinxtalktherapy.com\/es\/wp-json\/wp\/v2\/pages\/14083\/revisions\/1519614"}],"wp:attachment":[{"href":"https:\/\/latinxtalktherapy.com\/es\/wp-json\/wp\/v2\/media?parent=14083"}],"curies":[{"name":"wp","href":"https:\/\/api.w.org\/{rel}","templated":true}]}}