{"id":14069,"date":"2023-11-13T14:20:13","date_gmt":"2023-11-13T20:20:13","guid":{"rendered":"https:\/\/latinxtalktherapy.com\/esmeralda-estrada-lpc\/"},"modified":"2025-06-12T09:59:42","modified_gmt":"2025-06-12T14:59:42","slug":"esmeralda-estrada-lpc","status":"publish","type":"page","link":"https:\/\/latinxtalktherapy.com\/es\/esmeralda-estrada-lpc\/","title":{"rendered":"Esmeralda Estrada, LPC"},"content":{"rendered":"\t\t<div data-elementor-type=\"wp-page\" data-elementor-id=\"14069\" class=\"elementor elementor-14069\" data-elementor-post-type=\"page\">\n\t\t\t\t\t\t<section class=\"elementor-section elementor-top-section elementor-element elementor-element-b0defaf elementor-section-stretched elementor-section-full_width elementor-section-height-default elementor-section-height-default\" data-id=\"b0defaf\" data-element_type=\"section\" data-e-type=\"section\" data-settings=\"{&quot;stretch_section&quot;:&quot;section-stretched&quot;,&quot;background_background&quot;:&quot;classic&quot;}\">\n\t\t\t\t\t\t<div class=\"elementor-container elementor-column-gap-no\">\n\t\t\t\t\t<div class=\"elementor-column elementor-col-100 elementor-top-column elementor-element elementor-element-5d175c7\" data-id=\"5d175c7\" data-element_type=\"column\" data-e-type=\"column\" data-settings=\"{&quot;background_background&quot;:&quot;classic&quot;}\">\n\t\t\t<div class=\"elementor-widget-wrap\">\n\t\t\t\t\t\t\t<\/div>\n\t\t<\/div>\n\t\t\t\t\t<\/div>\n\t\t<\/section>\n\t\t\t\t<section class=\"elementor-section elementor-top-section elementor-element elementor-element-58ee682 elementor-section-boxed elementor-section-height-default elementor-section-height-default\" data-id=\"58ee682\" data-element_type=\"section\" data-e-type=\"section\">\n\t\t\t\t\t\t<div class=\"elementor-container elementor-column-gap-default\">\n\t\t\t\t\t<div class=\"elementor-column elementor-col-100 elementor-top-column elementor-element elementor-element-23508ed\" data-id=\"23508ed\" data-element_type=\"column\" data-e-type=\"column\">\n\t\t\t<div class=\"elementor-widget-wrap elementor-element-populated\">\n\t\t\t\t\t\t<div class=\"elementor-element elementor-element-41ba507 elementor-widget elementor-widget-heading\" data-id=\"41ba507\" data-element_type=\"widget\" data-e-type=\"widget\" data-widget_type=\"heading.default\">\n\t\t\t\t<div class=\"elementor-widget-container\">\n\t\t\t\t\t<h1 class=\"elementor-heading-title elementor-size-default\">Apoyo a la comunidad Latinx ofreciendo nuevas formas de expresar emociones<\/h1>\t\t\t\t<\/div>\n\t\t\t\t<\/div>\n\t\t\t\t<div class=\"elementor-element elementor-element-57bf3a6 elementor-widget elementor-widget-heading\" data-id=\"57bf3a6\" data-element_type=\"widget\" data-e-type=\"widget\" data-widget_type=\"heading.default\">\n\t\t\t\t<div class=\"elementor-widget-container\">\n\t\t\t\t\t<h2 class=\"elementor-heading-title elementor-size-default\">Inf\u00f3rmate sobre m\u00ed y c\u00f3mo puedo ayudarte<\/h2>\t\t\t\t<\/div>\n\t\t\t\t<\/div>\n\t\t\t\t\t<\/div>\n\t\t<\/div>\n\t\t\t\t\t<\/div>\n\t\t<\/section>\n\t\t\t\t<section class=\"elementor-section elementor-top-section elementor-element elementor-element-07e956e elementor-section-boxed elementor-section-height-default elementor-section-height-default\" data-id=\"07e956e\" data-element_type=\"section\" data-e-type=\"section\" data-settings=\"{&quot;background_background&quot;:&quot;classic&quot;}\">\n\t\t\t\t\t\t<div class=\"elementor-container elementor-column-gap-default\">\n\t\t\t\t\t<div class=\"elementor-column elementor-col-100 elementor-top-column elementor-element elementor-element-683d3313\" data-id=\"683d3313\" data-element_type=\"column\" data-e-type=\"column\" data-settings=\"{&quot;background_background&quot;:&quot;classic&quot;}\">\n\t\t\t<div class=\"elementor-widget-wrap elementor-element-populated\">\n\t\t\t\t\t\t<div class=\"elementor-element elementor-element-4c99f854 elementor-widget elementor-widget-image\" data-id=\"4c99f854\" data-element_type=\"widget\" data-e-type=\"widget\" data-widget_type=\"image.default\">\n\t\t\t\t<div class=\"elementor-widget-container\">\n\t\t\t\t\t\t\t\t\t\t\t\t\t\t\t<img fetchpriority=\"high\" decoding=\"async\" width=\"1500\" height=\"1500\" src=\"https:\/\/latinxtalktherapy.com\/wp-content\/uploads\/esmeralda-estrada.png\" class=\"attachment-full size-full wp-image-13891\" alt=\"\" srcset=\"https:\/\/latinxtalktherapy.com\/wp-content\/uploads\/esmeralda-estrada.png 1500w, https:\/\/latinxtalktherapy.com\/wp-content\/uploads\/esmeralda-estrada-300x300.png 300w, https:\/\/latinxtalktherapy.com\/wp-content\/uploads\/esmeralda-estrada-1024x1024.png 1024w, https:\/\/latinxtalktherapy.com\/wp-content\/uploads\/esmeralda-estrada-150x150.png 150w, https:\/\/latinxtalktherapy.com\/wp-content\/uploads\/esmeralda-estrada-768x768.png 768w, https:\/\/latinxtalktherapy.com\/wp-content\/uploads\/esmeralda-estrada-12x12.png 12w\" sizes=\"(max-width: 1500px) 100vw, 1500px\" \/>\t\t\t\t\t\t\t\t\t\t\t\t\t\t\t<\/div>\n\t\t\t\t<\/div>\n\t\t\t\t<div class=\"elementor-element elementor-element-272f53b8 elementor-widget elementor-widget-heading\" data-id=\"272f53b8\" data-element_type=\"widget\" data-e-type=\"widget\" data-widget_type=\"heading.default\">\n\t\t\t\t<div class=\"elementor-widget-container\">\n\t\t\t\t\t<h2 class=\"elementor-heading-title elementor-size-default\">Esmeralda Estrada, LPC<\/h2>\t\t\t\t<\/div>\n\t\t\t\t<\/div>\n\t\t\t\t<div class=\"elementor-element elementor-element-b43e444 elementor-widget elementor-widget-heading\" data-id=\"b43e444\" data-element_type=\"widget\" data-e-type=\"widget\" data-widget_type=\"heading.default\">\n\t\t\t\t<div class=\"elementor-widget-container\">\n\t\t\t\t\t<h2 class=\"elementor-heading-title elementor-size-default\">Psicoterapeuta biling\u00fce<\/h2>\t\t\t\t<\/div>\n\t\t\t\t<\/div>\n\t\t\t\t<div class=\"elementor-element elementor-element-2deb93ec elementor-widget elementor-widget-text-editor\" data-id=\"2deb93ec\" data-element_type=\"widget\" data-e-type=\"widget\" data-widget_type=\"text-editor.default\">\n\t\t\t\t<div class=\"elementor-widget-container\">\n\t\t\t\t\t\t\t\t\t<p class=\"p1\">Saludos, mi nombre es Esmeralda Estrada y soy psicoterapeuta biling\u00fce en Latinx Talk Therapy. Soy Consejera Profesional Licenciada (LPC) y Terapeuta de Arte Registrada (ATR). Me gusta incluir psicoeducaci\u00f3n, espanglish y arte en las sesiones.   Adopto un enfoque emp\u00e1tico y basado en las fortalezas al asistir a los clientes.<span class=\"Apple-converted-space\">  <\/span>Debemos trabajar como un equipo mientras honro la construcci\u00f3n de una relaci\u00f3n terap\u00e9utica genuina con mis clientes. Las palabras tienen poder, pero es posible que no surjan con facilidad, por lo que contar con las herramientas necesarias para expresar su historia es fundamental; no solo para las sesiones, sino para la vida cotidiana, y considero que la Terapia de Arte es una herramienta poderosa para este proceso. Mi enfoque te\u00f3rico es la Terapia cognitivo-conductual centrada en el trauma (TF-CBT), centrada en la persona y psicoanal\u00edtica.  <span class=\"Apple-converted-space\">  <\/span>Sin embargo, cada cliente es \u00fanico, no existe una soluci\u00f3n \u00fanica para todos, por lo que considero importante tener en cuenta las experiencias, preferencias y necesidades de mis clientes al considerar qu\u00e9 funcionar\u00e1 mejor para ellos.<\/p><p class=\"p1\">Comprendo la importancia de crear un espacio seguro para ayudarnos a comprendernos mejor a nosotros mismos y c\u00f3mo las experiencias de vida nos han afectado.<span class=\"Apple-converted-space\">  <\/span>Nuestra comunidad ha sido capaz de adaptarse y sobrevivir, pero deseo que prosperemos, y creo que cuidar nuestra salud mental es una parte importante de este proceso, ya que se conecta con varios aspectos de nuestras vidas. Es importante conectar con el pasado, ya que establece las bases para el presente. Ayud\u00e1ndole a expresarse y conectar consigo mismo, podr\u00e1 examinar el pasado\/presente y los patrones negativos\/positivos para que pueda enfocarse en las soluciones y crear su caja de herramientas de salud mental.  <\/p>\t\t\t\t\t\t\t\t<\/div>\n\t\t\t\t<\/div>\n\t\t\t\t\t<\/div>\n\t\t<\/div>\n\t\t\t\t\t<\/div>\n\t\t<\/section>\n\t\t\t\t<section class=\"elementor-section elementor-top-section elementor-element elementor-element-6228d98 elementor-section-boxed elementor-section-height-default elementor-section-height-default\" data-id=\"6228d98\" data-element_type=\"section\" data-e-type=\"section\">\n\t\t\t\t\t\t<div class=\"elementor-container elementor-column-gap-default\">\n\t\t\t\t\t<div class=\"elementor-column elementor-col-100 elementor-top-column elementor-element elementor-element-1a56166\" data-id=\"1a56166\" data-element_type=\"column\" data-e-type=\"column\">\n\t\t\t<div class=\"elementor-widget-wrap elementor-element-populated\">\n\t\t\t\t\t\t<div class=\"elementor-element elementor-element-695f8cc elementor-align-center elementor-mobile-align-start animated-slow elementor-icon-list--layout-traditional elementor-list-item-link-full_width elementor-invisible elementor-widget elementor-widget-icon-list\" data-id=\"695f8cc\" data-element_type=\"widget\" data-e-type=\"widget\" data-settings=\"{&quot;_animation&quot;:&quot;fadeInLeft&quot;}\" data-widget_type=\"icon-list.default\">\n\t\t\t\t<div class=\"elementor-widget-container\">\n\t\t\t\t\t\t\t<ul class=\"elementor-icon-list-items\">\n\t\t\t\t\t\t\t<li class=\"elementor-icon-list-item\">\n\t\t\t\t\t\t\t\t\t\t\t<span class=\"elementor-icon-list-icon\">\n\t\t\t\t\t\t\t<i aria-hidden=\"true\" class=\"fas fa-check\"><\/i>\t\t\t\t\t\t<\/span>\n\t\t\t\t\t\t\t\t\t\t<span class=\"elementor-icon-list-text\">Me re\u00fano con los clientes <span style=\"color: #9b7c8c\"><strong>virtualmente<\/strong><\/span>.<\/span>\n\t\t\t\t\t\t\t\t\t<\/li>\n\t\t\t\t\t\t<\/ul>\n\t\t\t\t\t\t<\/div>\n\t\t\t\t<\/div>\n\t\t\t\t<div class=\"elementor-element elementor-element-17f83ae0 elementor-widget elementor-widget-heading\" data-id=\"17f83ae0\" data-element_type=\"widget\" data-e-type=\"widget\" data-widget_type=\"heading.default\">\n\t\t\t\t<div class=\"elementor-widget-container\">\n\t\t\t\t\t<h2 class=\"elementor-heading-title elementor-size-default\">No tienes que afrontar tus luchas solo, estoy aqu\u00ed para ayudarte<\/h2>\t\t\t\t<\/div>\n\t\t\t\t<\/div>\n\t\t\t\t<div class=\"elementor-element elementor-element-31f667e2 elementor-widget elementor-widget-text-editor\" data-id=\"31f667e2\" data-element_type=\"widget\" data-e-type=\"widget\" data-widget_type=\"text-editor.default\">\n\t\t\t\t<div class=\"elementor-widget-container\">\n\t\t\t\t\t\t\t\t\t<p class=\"p1\">He trabajado con ni\u00f1os, adultos j\u00f3venes y familias que enfrentan depresi\u00f3n, ansiedad,<span class=\"Apple-converted-space\">  <\/span>duelo, trastorno de estr\u00e9s postraum\u00e1tico (TEPT),<span class=\"Apple-converted-space\">  <\/span>diagn\u00f3sticos m\u00e9dicos, discapacidades f\u00edsicas, trauma y el sistema de justicia juvenil.<span class=\"Apple-converted-space\">  <\/span>He presenciado los altibajos que uno puede experimentar en la vida y en el entorno terap\u00e9utico.<span class=\"Apple-converted-space\">  <\/span>Buscar ayuda es el primer paso en el viaje.<span class=\"Apple-converted-space\">  <\/span>Como equipo,<span class=\"Apple-converted-space\">  <\/span>crearemos un espacio seguro que le ayudar\u00e1 a alcanzar sus objetivos.<\/p>\t\t\t\t\t\t\t\t<\/div>\n\t\t\t\t<\/div>\n\t\t\t\t<div class=\"elementor-element elementor-element-8df733a elementor-widget elementor-widget-heading\" data-id=\"8df733a\" data-element_type=\"widget\" data-e-type=\"widget\" data-widget_type=\"heading.default\">\n\t\t\t\t<div class=\"elementor-widget-container\">\n\t\t\t\t\t<h2 class=\"elementor-heading-title elementor-size-default\">Conoce un poco m\u00e1s sobre m\u00ed<\/h2>\t\t\t\t<\/div>\n\t\t\t\t<\/div>\n\t\t\t\t<div class=\"elementor-element elementor-element-8eca94e elementor-widget elementor-widget-text-editor\" data-id=\"8eca94e\" data-element_type=\"widget\" data-e-type=\"widget\" data-widget_type=\"text-editor.default\">\n\t\t\t\t<div class=\"elementor-widget-container\">\n\t\t\t\t\t\t\t\t\t<p class=\"p1\"><i>Nac\u00ed y crec\u00ed en el lado sur de Chicago en un vecindario predominantemente latino.<span class=\"Apple-converted-space\">  <\/span>Desde ni\u00f1a, me sent\u00ed atra\u00edda por las artes, y en mi adolescencia, experiment\u00e9 de primera mano cu\u00e1n sanadoras pueden ser las artes.<\/i><i> <\/i><i> Aprend\u00ed sobre la terapia de arte y la vi como una manera maravillosa de unir no solo las artes y la salud mental, sino tambi\u00e9n como una nueva forma de introducir servicios de salud mental sin el estigma. Como estudiante universitaria de primera generaci\u00f3n, estoy familiarizada con la ansiedad y los factores estresantes de aventurarse en lo desconocido.  <span class=\"Apple-converted-space\">  <\/span>Comenc\u00e9 mi camino en la salud mental como voluntaria en el Hospital Infantil Lurie, luego trabajando en el Club de Ni\u00f1os y Ni\u00f1as mientras realizaba pr\u00e1cticas en el programa de terapia de arte en el Hospital Infantil Lurie.<span class=\"Apple-converted-space\">  <\/span>Despu\u00e9s de obtener mi maestr\u00eda en la Universidad Adler, comenc\u00e9 a trabajar con j\u00f3venes migrantes y posteriormente pas\u00e9 a trabajar con j\u00f3venes en el sistema de justicia juvenil del Condado de Cook.<span class=\"Apple-converted-space\">  <\/span>Siendo latina y terapeuta,<\/i><i> <\/i><i>he experimentado y presenciado la falta de recursos y el efecto del estigma de la salud mental. Contin\u00fao sinti\u00e9ndome comprometida a proporcionar servicios culturalmente competentes a la comunidad BIPOC. Cuanto m\u00e1s hablemos sobre salud mental, m\u00e1s podremos superar el estigma.  <\/i><\/p>\t\t\t\t\t\t\t\t<\/div>\n\t\t\t\t<\/div>\n\t\t\t\t<div class=\"elementor-element elementor-element-40b7c25 elementor-widget elementor-widget-heading\" data-id=\"40b7c25\" data-element_type=\"widget\" data-e-type=\"widget\" data-widget_type=\"heading.default\">\n\t\t\t\t<div class=\"elementor-widget-container\">\n\t\t\t\t\t<h2 class=\"elementor-heading-title elementor-size-default\">Mis especialidades  <\/h2>\t\t\t\t<\/div>\n\t\t\t\t<\/div>\n\t\t\t\t<div class=\"elementor-element elementor-element-940ed5c elementor-widget elementor-widget-text-editor\" data-id=\"940ed5c\" data-element_type=\"widget\" data-e-type=\"widget\" data-widget_type=\"text-editor.default\">\n\t\t\t\t<div class=\"elementor-widget-container\">\n\t\t\t\t\t\t\t\t\t<p class=\"p1\">Tengo formaci\u00f3n especializada en Terapia de Arte, terapia cognitivo-conductual centrada en el trauma (TF-CBT) y terapia dial\u00e9ctica conductual (DBT). He trabajado principalmente con j\u00f3venes y adultos j\u00f3venes y sus familias. \u00c1reas de especialidad en el manejo de la depresi\u00f3n, ansiedad,  <span class=\"Apple-converted-space\">  <\/span>duelo, trastorno de estr\u00e9s postraum\u00e1tico (TEPT),<span class=\"Apple-converted-space\">  <\/span>diagn\u00f3sticos m\u00e9dicos, discapacidades f\u00edsicas, trauma, sistema de justicia juvenil, inmigraci\u00f3n, identidad cultural y otros factores estresantes de la vida. <\/p>\t\t\t\t\t\t\t\t<\/div>\n\t\t\t\t<\/div>\n\t\t\t\t\t<\/div>\n\t\t<\/div>\n\t\t\t\t\t<\/div>\n\t\t<\/section>\n\t\t\t\t<\/div>\n\t\t","protected":false},"excerpt":{"rendered":"<p>Apoyo a la comunidad Latinx ofreciendo nuevas formas de expresar emociones Inf\u00f3rmate sobre m\u00ed y c\u00f3mo puedo ayudarte Esmeralda Estrada, LPC Psicoterapeuta biling\u00fce Saludos, mi nombre es Esmeralda Estrada y soy psicoterapeuta biling\u00fce en Latinx Talk Therapy. Soy Consejera Profesional Licenciada (LPC) y Terapeuta de Arte Registrada (ATR). Me gusta incluir psicoeducaci\u00f3n, espanglish y arte [&hellip;]<\/p>\n","protected":false},"author":3,"featured_media":0,"parent":0,"menu_order":0,"comment_status":"closed","ping_status":"closed","template":"","meta":{"footnotes":""},"class_list":["post-14069","page","type-page","status-publish","hentry"],"_links":{"self":[{"href":"https:\/\/latinxtalktherapy.com\/es\/wp-json\/wp\/v2\/pages\/14069","targetHints":{"allow":["GET"]}}],"collection":[{"href":"https:\/\/latinxtalktherapy.com\/es\/wp-json\/wp\/v2\/pages"}],"about":[{"href":"https:\/\/latinxtalktherapy.com\/es\/wp-json\/wp\/v2\/types\/page"}],"author":[{"embeddable":true,"href":"https:\/\/latinxtalktherapy.com\/es\/wp-json\/wp\/v2\/users\/3"}],"replies":[{"embeddable":true,"href":"https:\/\/latinxtalktherapy.com\/es\/wp-json\/wp\/v2\/comments?post=14069"}],"version-history":[{"count":2,"href":"https:\/\/latinxtalktherapy.com\/es\/wp-json\/wp\/v2\/pages\/14069\/revisions"}],"predecessor-version":[{"id":515975,"href":"https:\/\/latinxtalktherapy.com\/es\/wp-json\/wp\/v2\/pages\/14069\/revisions\/515975"}],"wp:attachment":[{"href":"https:\/\/latinxtalktherapy.com\/es\/wp-json\/wp\/v2\/media?parent=14069"}],"curies":[{"name":"wp","href":"https:\/\/api.w.org\/{rel}","templated":true}]}}