{"id":14067,"date":"2022-05-03T11:02:48","date_gmt":"2022-05-03T16:02:48","guid":{"rendered":"https:\/\/latinxtalktherapy.com\/oli-soto-lcsw\/"},"modified":"2025-06-12T10:00:38","modified_gmt":"2025-06-12T15:00:38","slug":"oli-soto-lcsw","status":"publish","type":"page","link":"https:\/\/latinxtalktherapy.com\/es\/oli-soto-lcsw\/","title":{"rendered":"Oli Soto, LCSW"},"content":{"rendered":"\t\t<div data-elementor-type=\"wp-page\" data-elementor-id=\"14067\" class=\"elementor elementor-14067\" data-elementor-post-type=\"page\">\n\t\t\t\t\t\t<section class=\"elementor-section elementor-top-section elementor-element elementor-element-b0defaf elementor-section-stretched elementor-section-full_width elementor-section-height-default elementor-section-height-default\" data-id=\"b0defaf\" data-element_type=\"section\" data-e-type=\"section\" data-settings=\"{&quot;stretch_section&quot;:&quot;section-stretched&quot;,&quot;background_background&quot;:&quot;classic&quot;}\">\n\t\t\t\t\t\t<div class=\"elementor-container elementor-column-gap-no\">\n\t\t\t\t\t<div class=\"elementor-column elementor-col-100 elementor-top-column elementor-element elementor-element-5d175c7\" data-id=\"5d175c7\" data-element_type=\"column\" data-e-type=\"column\" data-settings=\"{&quot;background_background&quot;:&quot;classic&quot;}\">\n\t\t\t<div class=\"elementor-widget-wrap\">\n\t\t\t\t\t\t\t<\/div>\n\t\t<\/div>\n\t\t\t\t\t<\/div>\n\t\t<\/section>\n\t\t\t\t<section class=\"elementor-section elementor-top-section elementor-element elementor-element-58ee682 elementor-section-boxed elementor-section-height-default elementor-section-height-default\" data-id=\"58ee682\" data-element_type=\"section\" data-e-type=\"section\">\n\t\t\t\t\t\t<div class=\"elementor-container elementor-column-gap-default\">\n\t\t\t\t\t<div class=\"elementor-column elementor-col-100 elementor-top-column elementor-element elementor-element-23508ed\" data-id=\"23508ed\" data-element_type=\"column\" data-e-type=\"column\">\n\t\t\t<div class=\"elementor-widget-wrap elementor-element-populated\">\n\t\t\t\t\t\t<div class=\"elementor-element elementor-element-41ba507 elementor-widget elementor-widget-heading\" data-id=\"41ba507\" data-element_type=\"widget\" data-e-type=\"widget\" data-widget_type=\"heading.default\">\n\t\t\t\t<div class=\"elementor-widget-container\">\n\t\t\t\t\t<h1 class=\"elementor-heading-title elementor-size-default\">Juntos, elaboraremos un plan para ayudarle a navegar cualquier experiencia vital desafiante.<\/h1>\t\t\t\t<\/div>\n\t\t\t\t<\/div>\n\t\t\t\t<div class=\"elementor-element elementor-element-57bf3a6 elementor-widget elementor-widget-heading\" data-id=\"57bf3a6\" data-element_type=\"widget\" data-e-type=\"widget\" data-widget_type=\"heading.default\">\n\t\t\t\t<div class=\"elementor-widget-container\">\n\t\t\t\t\t<h2 class=\"elementor-heading-title elementor-size-default\">Inf\u00f3rmate sobre m\u00ed y c\u00f3mo puedo ayudarte<\/h2>\t\t\t\t<\/div>\n\t\t\t\t<\/div>\n\t\t\t\t\t<\/div>\n\t\t<\/div>\n\t\t\t\t\t<\/div>\n\t\t<\/section>\n\t\t\t\t<section class=\"elementor-section elementor-top-section elementor-element elementor-element-c4d306b elementor-section-boxed elementor-section-height-default elementor-section-height-default\" data-id=\"c4d306b\" data-element_type=\"section\" data-e-type=\"section\" data-settings=\"{&quot;background_background&quot;:&quot;classic&quot;}\">\n\t\t\t\t\t\t<div class=\"elementor-container elementor-column-gap-default\">\n\t\t\t\t\t<div class=\"elementor-column elementor-col-100 elementor-top-column elementor-element elementor-element-7fe17041\" data-id=\"7fe17041\" data-element_type=\"column\" data-e-type=\"column\" data-settings=\"{&quot;background_background&quot;:&quot;classic&quot;}\">\n\t\t\t<div class=\"elementor-widget-wrap elementor-element-populated\">\n\t\t\t\t\t\t<div class=\"elementor-element elementor-element-6af1d7bf elementor-widget elementor-widget-image\" data-id=\"6af1d7bf\" data-element_type=\"widget\" data-e-type=\"widget\" data-widget_type=\"image.default\">\n\t\t\t\t<div class=\"elementor-widget-container\">\n\t\t\t\t\t\t\t\t\t\t\t\t\t\t\t<img fetchpriority=\"high\" decoding=\"async\" width=\"598\" height=\"600\" src=\"https:\/\/latinxtalktherapy.com\/wp-content\/uploads\/oli-1.png\" class=\"attachment-large size-large wp-image-13778\" alt=\"\" srcset=\"https:\/\/latinxtalktherapy.com\/wp-content\/uploads\/oli-1.png 598w, https:\/\/latinxtalktherapy.com\/wp-content\/uploads\/oli-1-300x300.png 300w, https:\/\/latinxtalktherapy.com\/wp-content\/uploads\/oli-1-150x150.png 150w, https:\/\/latinxtalktherapy.com\/wp-content\/uploads\/oli-1-12x12.png 12w\" sizes=\"(max-width: 598px) 100vw, 598px\" \/>\t\t\t\t\t\t\t\t\t\t\t\t\t\t\t<\/div>\n\t\t\t\t<\/div>\n\t\t\t\t<div class=\"elementor-element elementor-element-1cb8709a elementor-widget elementor-widget-heading\" data-id=\"1cb8709a\" data-element_type=\"widget\" data-e-type=\"widget\" data-widget_type=\"heading.default\">\n\t\t\t\t<div class=\"elementor-widget-container\">\n\t\t\t\t\t<h2 class=\"elementor-heading-title elementor-size-default\">Oli Soto, LCSW<\/h2>\t\t\t\t<\/div>\n\t\t\t\t<\/div>\n\t\t\t\t<div class=\"elementor-element elementor-element-130ef561 elementor-widget elementor-widget-heading\" data-id=\"130ef561\" data-element_type=\"widget\" data-e-type=\"widget\" data-widget_type=\"heading.default\">\n\t\t\t\t<div class=\"elementor-widget-container\">\n\t\t\t\t\t<h2 class=\"elementor-heading-title elementor-size-default\">Psicoterapeuta biling\u00fce<br>Director cl\u00ednico<\/h2>\t\t\t\t<\/div>\n\t\t\t\t<\/div>\n\t\t\t\t<div class=\"elementor-element elementor-element-2130584e elementor-widget elementor-widget-text-editor\" data-id=\"2130584e\" data-element_type=\"widget\" data-e-type=\"widget\" data-widget_type=\"text-editor.default\">\n\t\t\t\t<div class=\"elementor-widget-container\">\n\t\t\t\t\t\t\t\t\t<p>Somos moldeados por nuestras experiencias y circunstancias vitales, por experiencias que acogemos y por aquellas que no. Y por circunstancias dentro o fuera de nuestro control. Las tensiones de la vida a veces tienen un impacto positivo: impuls\u00e1ndonos a la acci\u00f3n y ayud\u00e1ndonos a lograr nuestros objetivos.  <\/p><p>No obstante, en otras ocasiones, las tensiones de la vida tienen un impacto negativo: obstaculizando nuestra motivaci\u00f3n, agobi\u00e1ndonos y dificultando el reconocimiento de nuestra autoestima, la toma de decisiones o el mantenimiento de relaciones exitosas. La terapia puede ser \u00fatil cuando el estr\u00e9s se vuelve abrumador o cuando los recursos en los que confiamos para afrontar ya no nos resultan eficaces. <\/p>\t\t\t\t\t\t\t\t<\/div>\n\t\t\t\t<\/div>\n\t\t\t\t<div class=\"elementor-element elementor-element-687e4ee elementor-widget elementor-widget-heading\" data-id=\"687e4ee\" data-element_type=\"widget\" data-e-type=\"widget\" data-widget_type=\"heading.default\">\n\t\t\t\t<div class=\"elementor-widget-container\">\n\t\t\t\t\t<h2 class=\"elementor-heading-title elementor-size-default\">No tienes que afrontar tus luchas solo, estoy aqu\u00ed para ayudarte<\/h2>\t\t\t\t<\/div>\n\t\t\t\t<\/div>\n\t\t\t\t<div class=\"elementor-element elementor-element-42722fde elementor-widget elementor-widget-text-editor\" data-id=\"42722fde\" data-element_type=\"widget\" data-e-type=\"widget\" data-widget_type=\"text-editor.default\">\n\t\t\t\t<div class=\"elementor-widget-container\">\n\t\t\t\t\t\t\t\t\t<p><strong>Me re\u00fano con los clientes de manera presencial y virtual.<\/strong> Mi enfoque cl\u00ednico es psicodin\u00e1mico, basado en las fortalezas e informado sobre el trauma. No obstante, mi primera tarea es crear un espacio seguro para escuchar y aprender sobre usted: \u00bfQu\u00e9 considera que son sus fortalezas? \u00bfQu\u00e9 le proporciona esperanza y tranquilidad? \u00bfCu\u00e1les son las cosas m\u00e1s importantes para usted?    Juntos, elaboraremos un plan para ayudarle a navegar cualquier experiencia vital desafiante. Le brindar\u00e9 apoyo a lo largo de su traves\u00eda.<\/p>\t\t\t\t\t\t\t\t<\/div>\n\t\t\t\t<\/div>\n\t\t\t\t\t<\/div>\n\t\t<\/div>\n\t\t\t\t\t<\/div>\n\t\t<\/section>\n\t\t\t\t<section class=\"elementor-section elementor-top-section elementor-element elementor-element-0dcc7cd elementor-section-boxed elementor-section-height-default elementor-section-height-default\" data-id=\"0dcc7cd\" data-element_type=\"section\" data-e-type=\"section\">\n\t\t\t\t\t\t<div class=\"elementor-container elementor-column-gap-default\">\n\t\t\t\t\t<div class=\"elementor-column elementor-col-100 elementor-top-column elementor-element elementor-element-7bef738\" data-id=\"7bef738\" data-element_type=\"column\" data-e-type=\"column\">\n\t\t\t<div class=\"elementor-widget-wrap elementor-element-populated\">\n\t\t\t\t\t\t<div class=\"elementor-element elementor-element-f7d0b98 elementor-align-center elementor-mobile-align-start animated-slow elementor-icon-list--layout-traditional elementor-list-item-link-full_width elementor-invisible elementor-widget elementor-widget-icon-list\" data-id=\"f7d0b98\" data-element_type=\"widget\" data-e-type=\"widget\" data-settings=\"{&quot;_animation&quot;:&quot;fadeInLeft&quot;}\" data-widget_type=\"icon-list.default\">\n\t\t\t\t<div class=\"elementor-widget-container\">\n\t\t\t\t\t\t\t<ul class=\"elementor-icon-list-items\">\n\t\t\t\t\t\t\t<li class=\"elementor-icon-list-item\">\n\t\t\t\t\t\t\t\t\t\t\t<span class=\"elementor-icon-list-icon\">\n\t\t\t\t\t\t\t<i aria-hidden=\"true\" class=\"fas fa-check\"><\/i>\t\t\t\t\t\t<\/span>\n\t\t\t\t\t\t\t\t\t\t<span class=\"elementor-icon-list-text\">Me re\u00fano con los clientes <span style=\"color: #9b7c8c\"><strong>virtualmente<\/strong><\/span>.<\/span>\n\t\t\t\t\t\t\t\t\t<\/li>\n\t\t\t\t\t\t<\/ul>\n\t\t\t\t\t\t<\/div>\n\t\t\t\t<\/div>\n\t\t\t\t<div class=\"elementor-element elementor-element-9da772b elementor-widget elementor-widget-heading\" data-id=\"9da772b\" data-element_type=\"widget\" data-e-type=\"widget\" data-widget_type=\"heading.default\">\n\t\t\t\t<div class=\"elementor-widget-container\">\n\t\t\t\t\t<h2 class=\"elementor-heading-title elementor-size-default\">Conoce un poco m\u00e1s sobre m\u00ed<\/h2>\t\t\t\t<\/div>\n\t\t\t\t<\/div>\n\t\t\t\t<div class=\"elementor-element elementor-element-0e6bdd4 elementor-widget elementor-widget-text-editor\" data-id=\"0e6bdd4\" data-element_type=\"widget\" data-e-type=\"widget\" data-widget_type=\"text-editor.default\">\n\t\t\t\t<div class=\"elementor-widget-container\">\n\t\t\t\t\t\t\t\t\t<p>Soy un psicoterapeuta con experiencia en el trabajo con individuos, adultos, ni\u00f1os y grupos en cuestiones relacionadas con la depresi\u00f3n, el estr\u00e9s, la ansiedad, el trauma, el duelo y la p\u00e9rdida. Considero que la psicoterapia es un regalo para uno mismo y deber\u00eda ser accesible para todos. La terapia es tambi\u00e9n una herramienta para el crecimiento personal, y le guiar\u00e9 en la aplicaci\u00f3n de lo que aprenda en nuestras sesiones a su vida cotidiana.  <\/p>\t\t\t\t\t\t\t\t<\/div>\n\t\t\t\t<\/div>\n\t\t\t\t<div class=\"elementor-element elementor-element-299659f elementor-widget elementor-widget-heading\" data-id=\"299659f\" data-element_type=\"widget\" data-e-type=\"widget\" data-widget_type=\"heading.default\">\n\t\t\t\t<div class=\"elementor-widget-container\">\n\t\t\t\t\t<h2 class=\"elementor-heading-title elementor-size-default\">Mis especialidades  <\/h2>\t\t\t\t<\/div>\n\t\t\t\t<\/div>\n\t\t\t\t<div class=\"elementor-element elementor-element-c6c1b2b elementor-widget elementor-widget-text-editor\" data-id=\"c6c1b2b\" data-element_type=\"widget\" data-e-type=\"widget\" data-widget_type=\"text-editor.default\">\n\t\t\t\t<div class=\"elementor-widget-container\">\n\t\t\t\t\t\t\t\t\t<p>Soy biling\u00fce (ingl\u00e9s\/espa\u00f1ol) y bicultural. Tengo experiencia en el trabajo con terapia familiar, matrimonial, de pareja, cuidadores, inmigrantes, identidad de g\u00e9nero, trastornos alimentarios, autoestima, abuso dom\u00e9stico y sexual, problemas laborales, envejecimiento y transiciones vitales. Adem\u00e1s, respeto y aprecio que para muchos de nosotros, la religi\u00f3n y la espiritualidad son fuerzas gu\u00eda en nuestras vidas. Soy un trabajador social cl\u00ednico licenciado con una maestr\u00eda de la Universidad de Chicago, Escuela de Administraci\u00f3n de Servicios Sociales.   <\/p>\t\t\t\t\t\t\t\t<\/div>\n\t\t\t\t<\/div>\n\t\t\t\t<div class=\"elementor-element elementor-element-5ad0ab0 elementor-widget elementor-widget-heading\" data-id=\"5ad0ab0\" data-element_type=\"widget\" data-e-type=\"widget\" data-widget_type=\"heading.default\">\n\t\t\t\t<div class=\"elementor-widget-container\">\n\t\t\t\t\t<h2 class=\"elementor-heading-title elementor-size-default\">Mi \u00faltima entrada de blog<\/h2>\t\t\t\t<\/div>\n\t\t\t\t<\/div>\n\t\t\t\t\t<\/div>\n\t\t<\/div>\n\t\t\t\t\t<\/div>\n\t\t<\/section>\n\t\t\t\t<section class=\"elementor-section elementor-top-section elementor-element elementor-element-c9a6f7e elementor-section-boxed elementor-section-height-default elementor-section-height-default\" data-id=\"c9a6f7e\" data-element_type=\"section\" data-e-type=\"section\" data-settings=\"{&quot;background_background&quot;:&quot;classic&quot;}\">\n\t\t\t\t\t\t<div class=\"elementor-container elementor-column-gap-no\">\n\t\t\t\t\t<div class=\"elementor-column elementor-col-100 elementor-top-column elementor-element elementor-element-7bdd580\" data-id=\"7bdd580\" data-element_type=\"column\" data-e-type=\"column\">\n\t\t\t<div class=\"elementor-widget-wrap elementor-element-populated\">\n\t\t\t\t\t\t<div class=\"elementor-element elementor-element-103d954 elementor-widget elementor-widget-heading\" data-id=\"103d954\" data-element_type=\"widget\" data-e-type=\"widget\" data-widget_type=\"heading.default\">\n\t\t\t\t<div class=\"elementor-widget-container\">\n\t\t\t\t\t<h2 class=\"elementor-heading-title elementor-size-default\">Testimonios de clientes<\/h2>\t\t\t\t<\/div>\n\t\t\t\t<\/div>\n\t\t\t\t\t<\/div>\n\t\t<\/div>\n\t\t\t\t\t<\/div>\n\t\t<\/section>\n\t\t\t\t<\/div>\n\t\t","protected":false},"excerpt":{"rendered":"<p>Juntos, elaboraremos un plan para ayudarle a navegar cualquier experiencia vital desafiante. Inf\u00f3rmate sobre m\u00ed y c\u00f3mo puedo ayudarte Oli Soto, LCSW Psicoterapeuta biling\u00fceDirector cl\u00ednico Somos moldeados por nuestras experiencias y circunstancias vitales, por experiencias que acogemos y por aquellas que no. Y por circunstancias dentro o fuera de nuestro control. Las tensiones de la [&hellip;]<\/p>\n","protected":false},"author":3,"featured_media":0,"parent":0,"menu_order":0,"comment_status":"closed","ping_status":"closed","template":"","meta":{"footnotes":""},"class_list":["post-14067","page","type-page","status-publish","hentry"],"_links":{"self":[{"href":"https:\/\/latinxtalktherapy.com\/es\/wp-json\/wp\/v2\/pages\/14067","targetHints":{"allow":["GET"]}}],"collection":[{"href":"https:\/\/latinxtalktherapy.com\/es\/wp-json\/wp\/v2\/pages"}],"about":[{"href":"https:\/\/latinxtalktherapy.com\/es\/wp-json\/wp\/v2\/types\/page"}],"author":[{"embeddable":true,"href":"https:\/\/latinxtalktherapy.com\/es\/wp-json\/wp\/v2\/users\/3"}],"replies":[{"embeddable":true,"href":"https:\/\/latinxtalktherapy.com\/es\/wp-json\/wp\/v2\/comments?post=14067"}],"version-history":[{"count":2,"href":"https:\/\/latinxtalktherapy.com\/es\/wp-json\/wp\/v2\/pages\/14067\/revisions"}],"predecessor-version":[{"id":515985,"href":"https:\/\/latinxtalktherapy.com\/es\/wp-json\/wp\/v2\/pages\/14067\/revisions\/515985"}],"wp:attachment":[{"href":"https:\/\/latinxtalktherapy.com\/es\/wp-json\/wp\/v2\/media?parent=14067"}],"curies":[{"name":"wp","href":"https:\/\/api.w.org\/{rel}","templated":true}]}}