{"id":14063,"date":"2023-10-10T01:56:09","date_gmt":"2023-10-10T06:56:09","guid":{"rendered":"https:\/\/latinxtalktherapy.com\/iris-medina-lsw\/"},"modified":"2025-06-12T09:59:57","modified_gmt":"2025-06-12T14:59:57","slug":"iris-medina-lsw","status":"publish","type":"page","link":"https:\/\/latinxtalktherapy.com\/es\/iris-medina-lsw\/","title":{"rendered":"Iris Medina, LSW"},"content":{"rendered":"\t\t<div data-elementor-type=\"wp-page\" data-elementor-id=\"14063\" class=\"elementor elementor-14063\" data-elementor-post-type=\"page\">\n\t\t\t\t\t\t<section class=\"elementor-section elementor-top-section elementor-element elementor-element-b0defaf elementor-section-stretched elementor-section-full_width elementor-section-height-default elementor-section-height-default\" data-id=\"b0defaf\" data-element_type=\"section\" data-e-type=\"section\" data-settings=\"{&quot;stretch_section&quot;:&quot;section-stretched&quot;,&quot;background_background&quot;:&quot;classic&quot;}\">\n\t\t\t\t\t\t<div class=\"elementor-container elementor-column-gap-no\">\n\t\t\t\t\t<div class=\"elementor-column elementor-col-100 elementor-top-column elementor-element elementor-element-5d175c7\" data-id=\"5d175c7\" data-element_type=\"column\" data-e-type=\"column\" data-settings=\"{&quot;background_background&quot;:&quot;classic&quot;}\">\n\t\t\t<div class=\"elementor-widget-wrap\">\n\t\t\t\t\t\t\t<\/div>\n\t\t<\/div>\n\t\t\t\t\t<\/div>\n\t\t<\/section>\n\t\t\t\t<section class=\"elementor-section elementor-top-section elementor-element elementor-element-58ee682 elementor-section-boxed elementor-section-height-default elementor-section-height-default\" data-id=\"58ee682\" data-element_type=\"section\" data-e-type=\"section\">\n\t\t\t\t\t\t<div class=\"elementor-container elementor-column-gap-default\">\n\t\t\t\t\t<div class=\"elementor-column elementor-col-100 elementor-top-column elementor-element elementor-element-23508ed\" data-id=\"23508ed\" data-element_type=\"column\" data-e-type=\"column\">\n\t\t\t<div class=\"elementor-widget-wrap elementor-element-populated\">\n\t\t\t\t\t\t<div class=\"elementor-element elementor-element-41ba507 elementor-widget elementor-widget-heading\" data-id=\"41ba507\" data-element_type=\"widget\" data-e-type=\"widget\" data-widget_type=\"heading.default\">\n\t\t\t\t<div class=\"elementor-widget-container\">\n\t\t\t\t\t<h1 class=\"elementor-heading-title elementor-size-default\">Apoyo a la comunidad Latinx ayud\u00e1ndoles a tomar control de su propia sanaci\u00f3n<\/h1>\t\t\t\t<\/div>\n\t\t\t\t<\/div>\n\t\t\t\t<div class=\"elementor-element elementor-element-57bf3a6 elementor-widget elementor-widget-heading\" data-id=\"57bf3a6\" data-element_type=\"widget\" data-e-type=\"widget\" data-widget_type=\"heading.default\">\n\t\t\t\t<div class=\"elementor-widget-container\">\n\t\t\t\t\t<h2 class=\"elementor-heading-title elementor-size-default\">Inf\u00f3rmate sobre m\u00ed y c\u00f3mo puedo ayudarte<\/h2>\t\t\t\t<\/div>\n\t\t\t\t<\/div>\n\t\t\t\t\t<\/div>\n\t\t<\/div>\n\t\t\t\t\t<\/div>\n\t\t<\/section>\n\t\t\t\t<section class=\"elementor-section elementor-top-section elementor-element elementor-element-07e956e elementor-section-boxed elementor-section-height-default elementor-section-height-default\" data-id=\"07e956e\" data-element_type=\"section\" data-e-type=\"section\" data-settings=\"{&quot;background_background&quot;:&quot;classic&quot;}\">\n\t\t\t\t\t\t<div class=\"elementor-container elementor-column-gap-default\">\n\t\t\t\t\t<div class=\"elementor-column elementor-col-100 elementor-top-column elementor-element elementor-element-683d3313\" data-id=\"683d3313\" data-element_type=\"column\" data-e-type=\"column\" data-settings=\"{&quot;background_background&quot;:&quot;classic&quot;}\">\n\t\t\t<div class=\"elementor-widget-wrap elementor-element-populated\">\n\t\t\t\t\t\t<div class=\"elementor-element elementor-element-4c99f854 elementor-widget elementor-widget-image\" data-id=\"4c99f854\" data-element_type=\"widget\" data-e-type=\"widget\" data-widget_type=\"image.default\">\n\t\t\t\t<div class=\"elementor-widget-container\">\n\t\t\t\t\t\t\t\t\t\t\t\t\t\t\t<img fetchpriority=\"high\" decoding=\"async\" width=\"1500\" height=\"1500\" src=\"https:\/\/latinxtalktherapy.com\/wp-content\/uploads\/iris-medina.png\" class=\"attachment-full size-full wp-image-13875\" alt=\"\" srcset=\"https:\/\/latinxtalktherapy.com\/wp-content\/uploads\/iris-medina.png 1500w, https:\/\/latinxtalktherapy.com\/wp-content\/uploads\/iris-medina-300x300.png 300w, https:\/\/latinxtalktherapy.com\/wp-content\/uploads\/iris-medina-1024x1024.png 1024w, https:\/\/latinxtalktherapy.com\/wp-content\/uploads\/iris-medina-150x150.png 150w, https:\/\/latinxtalktherapy.com\/wp-content\/uploads\/iris-medina-768x768.png 768w, https:\/\/latinxtalktherapy.com\/wp-content\/uploads\/iris-medina-12x12.png 12w\" sizes=\"(max-width: 1500px) 100vw, 1500px\" \/>\t\t\t\t\t\t\t\t\t\t\t\t\t\t\t<\/div>\n\t\t\t\t<\/div>\n\t\t\t\t<div class=\"elementor-element elementor-element-272f53b8 elementor-widget elementor-widget-heading\" data-id=\"272f53b8\" data-element_type=\"widget\" data-e-type=\"widget\" data-widget_type=\"heading.default\">\n\t\t\t\t<div class=\"elementor-widget-container\">\n\t\t\t\t\t<h2 class=\"elementor-heading-title elementor-size-default\">Iris Medina, LSW<\/h2>\t\t\t\t<\/div>\n\t\t\t\t<\/div>\n\t\t\t\t<div class=\"elementor-element elementor-element-b43e444 elementor-widget elementor-widget-heading\" data-id=\"b43e444\" data-element_type=\"widget\" data-e-type=\"widget\" data-widget_type=\"heading.default\">\n\t\t\t\t<div class=\"elementor-widget-container\">\n\t\t\t\t\t<h2 class=\"elementor-heading-title elementor-size-default\">Psicoterapeuta biling\u00fce<\/h2>\t\t\t\t<\/div>\n\t\t\t\t<\/div>\n\t\t\t\t<div class=\"elementor-element elementor-element-2deb93ec elementor-widget elementor-widget-text-editor\" data-id=\"2deb93ec\" data-element_type=\"widget\" data-e-type=\"widget\" data-widget_type=\"text-editor.default\">\n\t\t\t\t<div class=\"elementor-widget-container\">\n\t\t\t\t\t\t\t\t\t<p class=\"p1\">Saludos, mi nombre es Iris Medina (ella\/ella) y soy psicoterapeuta biling\u00fce en Latinx Talk Therapy. Soy Trabajadora Social Licenciada (LSW). Si bien mi enfoque es ecl\u00e9ctico, tambi\u00e9n es hol\u00edstico. Tomo en consideraci\u00f3n las experiencias, preferencias y necesidades de mis clientes. Adopto un enfoque basado en las fortalezas y me gusta utilizar modalidades psicodin\u00e1micas, mindfulness y terapia cognitivo-conductual en mi aproximaci\u00f3n te\u00f3rica. Creo en la creaci\u00f3n de una s\u00f3lida relaci\u00f3n terap\u00e9utica basada en la confianza con mis clientes. Juntos, trabajaremos en habilidades para fortalecer la autoestima, potenciar sus fortalezas y en la autoexploraci\u00f3n. Mi funci\u00f3n es ayudarle a sanar y tomar control de su propia sanaci\u00f3n.       <\/p><p class=\"p1\">Como latina, he experimentado lo que significa ser \u201cotro\u201d y no tener a alguien, fuera de mi familia y amigos, con quien pueda identificarme para ayudarme a navegar los desaf\u00edos de la vida. Nuestra comunidad tiene una profunda historia arraigada en adversidades e injusticias que han mancillado nuestras perspectivas y nuestra salud emocional y mental. Venimos a este mundo con trauma generacional y a veces tenemos que cargar ese peso adem\u00e1s de los desaf\u00edos que nuestras propias vidas nos presentan. Estoy dedicada a ayudarle a descargar esta carga con empat\u00eda y compasi\u00f3n. Es mi esperanza que pueda identificar patrones \u00fatiles y no \u00fatiles, enfocarse en soluciones y crear su propio camino de realizaci\u00f3n y felicidad.    <\/p>\t\t\t\t\t\t\t\t<\/div>\n\t\t\t\t<\/div>\n\t\t\t\t<div class=\"elementor-element elementor-element-17f83ae0 elementor-widget elementor-widget-heading\" data-id=\"17f83ae0\" data-element_type=\"widget\" data-e-type=\"widget\" data-widget_type=\"heading.default\">\n\t\t\t\t<div class=\"elementor-widget-container\">\n\t\t\t\t\t<h2 class=\"elementor-heading-title elementor-size-default\">No tienes que afrontar tus luchas solo, estoy aqu\u00ed para ayudarte\n<\/h2>\t\t\t\t<\/div>\n\t\t\t\t<\/div>\n\t\t\t\t<div class=\"elementor-element elementor-element-31f667e2 elementor-widget elementor-widget-text-editor\" data-id=\"31f667e2\" data-element_type=\"widget\" data-e-type=\"widget\" data-widget_type=\"text-editor.default\">\n\t\t\t\t<div class=\"elementor-widget-container\">\n\t\t\t\t\t\t\t\t\t<p class=\"p1\">En mis experiencias profesionales pasadas, he trabajado con ni\u00f1os, adultos y familias para ayudarles a navegar por transiciones de vida dif\u00edciles, ayud\u00e1ndoles a aprender t\u00e9cnicas para manejar sentimientos de estancamiento, baja motivaci\u00f3n, agobio, miedo, frustraci\u00f3n, desconfianza y soledad.<\/p><p class=\"p1\">Mi educaci\u00f3n, experiencia profesional, junto con mi propio viaje personal, me permiten tratar a personas de diversos or\u00edgenes y generaciones, estatus migratorio, y trasfondos \u00e9tnicos, raciales y espirituales. Los cambios pueden llevar tiempo, y los h\u00e1bitos pueden ser dif\u00edciles de desarrollar y\/o desaprender. La sanaci\u00f3n es un proceso din\u00e1mico y no tiene un cronograma. Estoy aqu\u00ed para ayudarle a lo largo de su traves\u00eda.   <\/p>\t\t\t\t\t\t\t\t<\/div>\n\t\t\t\t<\/div>\n\t\t\t\t\t<\/div>\n\t\t<\/div>\n\t\t\t\t\t<\/div>\n\t\t<\/section>\n\t\t\t\t<section class=\"elementor-section elementor-top-section elementor-element elementor-element-6228d98 elementor-section-boxed elementor-section-height-default elementor-section-height-default\" data-id=\"6228d98\" data-element_type=\"section\" data-e-type=\"section\">\n\t\t\t\t\t\t<div class=\"elementor-container elementor-column-gap-default\">\n\t\t\t\t\t<div class=\"elementor-column elementor-col-100 elementor-top-column elementor-element elementor-element-1a56166\" data-id=\"1a56166\" data-element_type=\"column\" data-e-type=\"column\">\n\t\t\t<div class=\"elementor-widget-wrap elementor-element-populated\">\n\t\t\t\t\t\t<div class=\"elementor-element elementor-element-ac8ca77 elementor-align-center elementor-mobile-align-start animated-slow elementor-icon-list--layout-traditional elementor-list-item-link-full_width elementor-invisible elementor-widget elementor-widget-icon-list\" data-id=\"ac8ca77\" data-element_type=\"widget\" data-e-type=\"widget\" data-settings=\"{&quot;_animation&quot;:&quot;fadeInLeft&quot;}\" data-widget_type=\"icon-list.default\">\n\t\t\t\t<div class=\"elementor-widget-container\">\n\t\t\t\t\t\t\t<ul class=\"elementor-icon-list-items\">\n\t\t\t\t\t\t\t<li class=\"elementor-icon-list-item\">\n\t\t\t\t\t\t\t\t\t\t\t<span class=\"elementor-icon-list-icon\">\n\t\t\t\t\t\t\t<i aria-hidden=\"true\" class=\"fas fa-check\"><\/i>\t\t\t\t\t\t<\/span>\n\t\t\t\t\t\t\t\t\t\t<span class=\"elementor-icon-list-text\">Me re\u00fano con los clientes <span style=\"color: #9b7c8c\"><strong>en persona<\/strong><\/span> y <span style=\"color: #9b7c8c\"><strong>virtualmente<\/strong><\/span>.<\/span>\n\t\t\t\t\t\t\t\t\t<\/li>\n\t\t\t\t\t\t<\/ul>\n\t\t\t\t\t\t<\/div>\n\t\t\t\t<\/div>\n\t\t\t\t<div class=\"elementor-element elementor-element-8df733a elementor-widget elementor-widget-heading\" data-id=\"8df733a\" data-element_type=\"widget\" data-e-type=\"widget\" data-widget_type=\"heading.default\">\n\t\t\t\t<div class=\"elementor-widget-container\">\n\t\t\t\t\t<h2 class=\"elementor-heading-title elementor-size-default\">Conoce un poco m\u00e1s sobre m\u00ed<\/h2>\t\t\t\t<\/div>\n\t\t\t\t<\/div>\n\t\t\t\t<div class=\"elementor-element elementor-element-8eca94e elementor-widget elementor-widget-text-editor\" data-id=\"8eca94e\" data-element_type=\"widget\" data-e-type=\"widget\" data-widget_type=\"text-editor.default\">\n\t\t\t\t<div class=\"elementor-widget-container\">\n\t\t\t\t\t\t\t\t\t<p class=\"p1\">Soy una orgullosa m\u00e9xico-americana y chicag\u00fcense, nacida y criada en el lado suroeste en un vecindario predominantemente de inmigrantes mexicanos. Crec\u00ed como la hija mayor en una familia de estatus mixto. Soy hablante nativa de espa\u00f1ol. Comenc\u00e9 mi carrera en la Universidad de Illinois en Urbana-Champaign, siendo la primera en mi familia en obtener mi t\u00edtulo de licenciatura. Me especialic\u00e9 en Estudios Latinos\/Latinas, donde encontr\u00e9 una verdadera apreciaci\u00f3n por mi cultura y una comprensi\u00f3n de    <span class=\"Apple-converted-space\">  <\/span>la historia de las personas Latinx y las diversas experiencias que nos han conducido a estos momentos en el tiempo. Posteriormente, regres\u00e9 a mi alma mater para obtener mi Maestr\u00eda en Trabajo Social con una concentraci\u00f3n Cl\u00ednica Avanzada y un enfoque en atenci\u00f3n m\u00e9dica. Creo que para proporcionar el mejor apoyo, es esencial considerar no solo las necesidades de salud mental, sino tambi\u00e9n el bienestar f\u00edsico, emocional, social y espiritual.  <\/p><p class=\"p1\">Mi pasi\u00f3n es retribuir a la comunidad que est\u00e1 tan cerca de mi coraz\u00f3n. Encuentro felicidad en servir a individuos Latinx, ayud\u00e1ndoles a sanar y fomentando su fortaleza, coraje y resiliencia.  <\/p>\t\t\t\t\t\t\t\t<\/div>\n\t\t\t\t<\/div>\n\t\t\t\t<div class=\"elementor-element elementor-element-40b7c25 elementor-widget elementor-widget-heading\" data-id=\"40b7c25\" data-element_type=\"widget\" data-e-type=\"widget\" data-widget_type=\"heading.default\">\n\t\t\t\t<div class=\"elementor-widget-container\">\n\t\t\t\t\t<h2 class=\"elementor-heading-title elementor-size-default\">Mis especialidades  <\/h2>\t\t\t\t<\/div>\n\t\t\t\t<\/div>\n\t\t\t\t<div class=\"elementor-element elementor-element-940ed5c elementor-widget elementor-widget-text-editor\" data-id=\"940ed5c\" data-element_type=\"widget\" data-e-type=\"widget\" data-widget_type=\"text-editor.default\">\n\t\t\t\t<div class=\"elementor-widget-container\">\n\t\t\t\t\t\t\t\t\t<p class=\"p1\">Mi funci\u00f3n es proporcionar un espacio seguro y libre de juicios para la sanaci\u00f3n y permitir que mis clientes se presenten como sus aut\u00e9nticos seres. Trabajo principalmente con personas Latinx para abordar la depresi\u00f3n, ansiedad, duelo, p\u00e9rdida y trauma infantil. <\/p>\t\t\t\t\t\t\t\t<\/div>\n\t\t\t\t<\/div>\n\t\t\t\t\t<\/div>\n\t\t<\/div>\n\t\t\t\t\t<\/div>\n\t\t<\/section>\n\t\t\t\t<\/div>\n\t\t","protected":false},"excerpt":{"rendered":"<p>Apoyo a la comunidad Latinx ayud\u00e1ndoles a tomar control de su propia sanaci\u00f3n Inf\u00f3rmate sobre m\u00ed y c\u00f3mo puedo ayudarte Iris Medina, LSW Psicoterapeuta biling\u00fce Saludos, mi nombre es Iris Medina (ella\/ella) y soy psicoterapeuta biling\u00fce en Latinx Talk Therapy. Soy Trabajadora Social Licenciada (LSW). Si bien mi enfoque es ecl\u00e9ctico, tambi\u00e9n es hol\u00edstico. Tomo [&hellip;]<\/p>\n","protected":false},"author":3,"featured_media":0,"parent":0,"menu_order":0,"comment_status":"closed","ping_status":"closed","template":"","meta":{"footnotes":""},"class_list":["post-14063","page","type-page","status-publish","hentry"],"_links":{"self":[{"href":"https:\/\/latinxtalktherapy.com\/es\/wp-json\/wp\/v2\/pages\/14063","targetHints":{"allow":["GET"]}}],"collection":[{"href":"https:\/\/latinxtalktherapy.com\/es\/wp-json\/wp\/v2\/pages"}],"about":[{"href":"https:\/\/latinxtalktherapy.com\/es\/wp-json\/wp\/v2\/types\/page"}],"author":[{"embeddable":true,"href":"https:\/\/latinxtalktherapy.com\/es\/wp-json\/wp\/v2\/users\/3"}],"replies":[{"embeddable":true,"href":"https:\/\/latinxtalktherapy.com\/es\/wp-json\/wp\/v2\/comments?post=14063"}],"version-history":[{"count":2,"href":"https:\/\/latinxtalktherapy.com\/es\/wp-json\/wp\/v2\/pages\/14063\/revisions"}],"predecessor-version":[{"id":515983,"href":"https:\/\/latinxtalktherapy.com\/es\/wp-json\/wp\/v2\/pages\/14063\/revisions\/515983"}],"wp:attachment":[{"href":"https:\/\/latinxtalktherapy.com\/es\/wp-json\/wp\/v2\/media?parent=14063"}],"curies":[{"name":"wp","href":"https:\/\/api.w.org\/{rel}","templated":true}]}}