{"id":14055,"date":"2024-01-09T02:54:00","date_gmt":"2024-01-09T08:54:00","guid":{"rendered":"https:\/\/latinxtalktherapy.com\/jackie-anonales\/"},"modified":"2025-06-12T10:04:25","modified_gmt":"2025-06-12T15:04:25","slug":"jackie-anonales","status":"publish","type":"page","link":"https:\/\/latinxtalktherapy.com\/es\/jackie-anonales\/","title":{"rendered":"Jackie Anonales"},"content":{"rendered":"\t\t<div data-elementor-type=\"wp-page\" data-elementor-id=\"14055\" class=\"elementor elementor-14055\" data-elementor-post-type=\"page\">\n\t\t\t\t\t\t<section class=\"elementor-section elementor-top-section elementor-element elementor-element-b0defaf elementor-section-stretched elementor-section-full_width elementor-section-height-default elementor-section-height-default\" data-id=\"b0defaf\" data-element_type=\"section\" data-e-type=\"section\" data-settings=\"{&quot;stretch_section&quot;:&quot;section-stretched&quot;,&quot;background_background&quot;:&quot;classic&quot;}\">\n\t\t\t\t\t\t<div class=\"elementor-container elementor-column-gap-no\">\n\t\t\t\t\t<div class=\"elementor-column elementor-col-100 elementor-top-column elementor-element elementor-element-5d175c7\" data-id=\"5d175c7\" data-element_type=\"column\" data-e-type=\"column\" data-settings=\"{&quot;background_background&quot;:&quot;classic&quot;}\">\n\t\t\t<div class=\"elementor-widget-wrap\">\n\t\t\t\t\t\t\t<\/div>\n\t\t<\/div>\n\t\t\t\t\t<\/div>\n\t\t<\/section>\n\t\t\t\t<section class=\"elementor-section elementor-top-section elementor-element elementor-element-58ee682 elementor-section-boxed elementor-section-height-default elementor-section-height-default\" data-id=\"58ee682\" data-element_type=\"section\" data-e-type=\"section\">\n\t\t\t\t\t\t<div class=\"elementor-container elementor-column-gap-default\">\n\t\t\t\t\t<div class=\"elementor-column elementor-col-100 elementor-top-column elementor-element elementor-element-23508ed\" data-id=\"23508ed\" data-element_type=\"column\" data-e-type=\"column\">\n\t\t\t<div class=\"elementor-widget-wrap elementor-element-populated\">\n\t\t\t\t\t\t<div class=\"elementor-element elementor-element-41ba507 elementor-widget elementor-widget-heading\" data-id=\"41ba507\" data-element_type=\"widget\" data-e-type=\"widget\" data-widget_type=\"heading.default\">\n\t\t\t\t<div class=\"elementor-widget-container\">\n\t\t\t\t\t<h1 class=\"elementor-heading-title elementor-size-default\">Apoyo a la comunidad Latinx valorando las experiencias vitales \u00fanicas a trav\u00e9s de una perspectiva culturalmente sensible.\n\n<\/h1>\t\t\t\t<\/div>\n\t\t\t\t<\/div>\n\t\t\t\t<div class=\"elementor-element elementor-element-57bf3a6 elementor-widget elementor-widget-heading\" data-id=\"57bf3a6\" data-element_type=\"widget\" data-e-type=\"widget\" data-widget_type=\"heading.default\">\n\t\t\t\t<div class=\"elementor-widget-container\">\n\t\t\t\t\t<h2 class=\"elementor-heading-title elementor-size-default\">Inf\u00f3rmate sobre m\u00ed y c\u00f3mo puedo ayudarte\n<\/h2>\t\t\t\t<\/div>\n\t\t\t\t<\/div>\n\t\t\t\t\t<\/div>\n\t\t<\/div>\n\t\t\t\t\t<\/div>\n\t\t<\/section>\n\t\t\t\t<section class=\"elementor-section elementor-top-section elementor-element elementor-element-0486c0d elementor-section-boxed elementor-section-height-default elementor-section-height-default\" data-id=\"0486c0d\" data-element_type=\"section\" data-e-type=\"section\" data-settings=\"{&quot;background_background&quot;:&quot;classic&quot;}\">\n\t\t\t\t\t\t<div class=\"elementor-container elementor-column-gap-default\">\n\t\t\t\t\t<div class=\"elementor-column elementor-col-100 elementor-top-column elementor-element elementor-element-3e196d66\" data-id=\"3e196d66\" data-element_type=\"column\" data-e-type=\"column\" data-settings=\"{&quot;background_background&quot;:&quot;classic&quot;}\">\n\t\t\t<div class=\"elementor-widget-wrap elementor-element-populated\">\n\t\t\t\t\t\t<div class=\"elementor-element elementor-element-55dd97d7 elementor-widget elementor-widget-image\" data-id=\"55dd97d7\" data-element_type=\"widget\" data-e-type=\"widget\" data-widget_type=\"image.default\">\n\t\t\t\t<div class=\"elementor-widget-container\">\n\t\t\t\t\t\t\t\t\t\t\t\t\t\t\t<img fetchpriority=\"high\" decoding=\"async\" width=\"800\" height=\"800\" src=\"https:\/\/latinxtalktherapy.com\/wp-content\/uploads\/jacqueline-anonales.png\" class=\"attachment-full size-full wp-image-13895\" alt=\"\" srcset=\"https:\/\/latinxtalktherapy.com\/wp-content\/uploads\/jacqueline-anonales.png 800w, https:\/\/latinxtalktherapy.com\/wp-content\/uploads\/jacqueline-anonales-300x300.png 300w, https:\/\/latinxtalktherapy.com\/wp-content\/uploads\/jacqueline-anonales-150x150.png 150w, https:\/\/latinxtalktherapy.com\/wp-content\/uploads\/jacqueline-anonales-768x768.png 768w, https:\/\/latinxtalktherapy.com\/wp-content\/uploads\/jacqueline-anonales-12x12.png 12w\" sizes=\"(max-width: 800px) 100vw, 800px\" \/>\t\t\t\t\t\t\t\t\t\t\t\t\t\t\t<\/div>\n\t\t\t\t<\/div>\n\t\t\t\t<div class=\"elementor-element elementor-element-256cd4a8 elementor-widget elementor-widget-heading\" data-id=\"256cd4a8\" data-element_type=\"widget\" data-e-type=\"widget\" data-widget_type=\"heading.default\">\n\t\t\t\t<div class=\"elementor-widget-container\">\n\t\t\t\t\t<h2 class=\"elementor-heading-title elementor-size-default\">Jackie Anonales, LPC<\/h2>\t\t\t\t<\/div>\n\t\t\t\t<\/div>\n\t\t\t\t<div class=\"elementor-element elementor-element-7fcfc74 elementor-widget elementor-widget-heading\" data-id=\"7fcfc74\" data-element_type=\"widget\" data-e-type=\"widget\" data-widget_type=\"heading.default\">\n\t\t\t\t<div class=\"elementor-widget-container\">\n\t\t\t\t\t<h2 class=\"elementor-heading-title elementor-size-default\">Psicoterapeuta biling\u00fce<\/h2>\t\t\t\t<\/div>\n\t\t\t\t<\/div>\n\t\t\t\t<div class=\"elementor-element elementor-element-1d0b51ee elementor-widget elementor-widget-text-editor\" data-id=\"1d0b51ee\" data-element_type=\"widget\" data-e-type=\"widget\" data-widget_type=\"text-editor.default\">\n\t\t\t\t<div class=\"elementor-widget-container\">\n\t\t\t\t\t\t\t\t\t<p class=\"p1\">Saludos, mi nombre es Jackie Anonales y soy psicoterapeuta biling\u00fce en Latinx Talk Therapy. Adopto un enfoque multicultural e informado sobre el trauma que, en su esencia, est\u00e1 centrado en el cliente y es hol\u00edstico. <\/p><p class=\"p1\">Como latina de primera generaci\u00f3n, comprendo la importancia de continuar honrando nuestro pasado, presente y futuro mientras enfrentamos injusticias. He sido testigo de primera mano de la resiliencia y la fortaleza que nuestra comunidad contin\u00faa manteniendo, y reconozco la sanaci\u00f3n, la autoexploraci\u00f3n y el crecimiento como elementos vitales para que esto contin\u00fae. En nuestro espacio compartido, tendr\u00e1 la oportunidad de ser intencional sobre c\u00f3mo elige honrar sus experiencias y emociones \u00fanicas. Colaboraremos para encontrar formas de reconectarse consigo mismo, abrazar su humanidad y desafiar las barreras tanto externas como internas.   <\/p>\t\t\t\t\t\t\t\t<\/div>\n\t\t\t\t<\/div>\n\t\t\t\t\t<\/div>\n\t\t<\/div>\n\t\t\t\t\t<\/div>\n\t\t<\/section>\n\t\t\t\t<section class=\"elementor-section elementor-top-section elementor-element elementor-element-098997b elementor-section-boxed elementor-section-height-default elementor-section-height-default\" data-id=\"098997b\" data-element_type=\"section\" data-e-type=\"section\">\n\t\t\t\t\t\t<div class=\"elementor-container elementor-column-gap-default\">\n\t\t\t\t\t<div class=\"elementor-column elementor-col-100 elementor-top-column elementor-element elementor-element-3e2f428\" data-id=\"3e2f428\" data-element_type=\"column\" data-e-type=\"column\">\n\t\t\t<div class=\"elementor-widget-wrap elementor-element-populated\">\n\t\t\t\t\t\t<div class=\"elementor-element elementor-element-9709189 elementor-align-center elementor-mobile-align-start animated-slow elementor-icon-list--layout-traditional elementor-list-item-link-full_width elementor-invisible elementor-widget elementor-widget-icon-list\" data-id=\"9709189\" data-element_type=\"widget\" data-e-type=\"widget\" data-settings=\"{&quot;_animation&quot;:&quot;fadeInLeft&quot;}\" data-widget_type=\"icon-list.default\">\n\t\t\t\t<div class=\"elementor-widget-container\">\n\t\t\t\t\t\t\t<ul class=\"elementor-icon-list-items\">\n\t\t\t\t\t\t\t<li class=\"elementor-icon-list-item\">\n\t\t\t\t\t\t\t\t\t\t\t<span class=\"elementor-icon-list-icon\">\n\t\t\t\t\t\t\t<i aria-hidden=\"true\" class=\"fas fa-check\"><\/i>\t\t\t\t\t\t<\/span>\n\t\t\t\t\t\t\t\t\t\t<span class=\"elementor-icon-list-text\">Me re\u00fano con los clientes <span style=\"color: #9b7c8c\"><strong>virtualmente<\/strong><\/span>.<\/span>\n\t\t\t\t\t\t\t\t\t<\/li>\n\t\t\t\t\t\t<\/ul>\n\t\t\t\t\t\t<\/div>\n\t\t\t\t<\/div>\n\t\t\t\t<div class=\"elementor-element elementor-element-513c701 elementor-widget elementor-widget-heading\" data-id=\"513c701\" data-element_type=\"widget\" data-e-type=\"widget\" data-widget_type=\"heading.default\">\n\t\t\t\t<div class=\"elementor-widget-container\">\n\t\t\t\t\t<h2 class=\"elementor-heading-title elementor-size-default\">No tienes que afrontar tus luchas solo, estoy aqu\u00ed para ayudarte\n<\/h2>\t\t\t\t<\/div>\n\t\t\t\t<\/div>\n\t\t\t\t<div class=\"elementor-element elementor-element-c14a92b elementor-widget elementor-widget-text-editor\" data-id=\"c14a92b\" data-element_type=\"widget\" data-e-type=\"widget\" data-widget_type=\"text-editor.default\">\n\t\t\t\t<div class=\"elementor-widget-container\">\n\t\t\t\t\t\t\t\t\t<p class=\"p1\">En mis experiencias profesionales previas, he aprendido y trabajado con un conjunto diverso de poblaciones que se han encontrado luchando por navegar a trav\u00e9s de diferentes etapas de la vida.<\/p><p class=\"p2\">He sido testigo de los impactos mentales y emocionales que la ansiedad, la depresi\u00f3n, el estr\u00e9s y el trauma pueden tener en una persona, especialmente cuando no se tratan. Tambi\u00e9n he presenciado c\u00f3mo el crecimiento y la luz brillan a medida que los individuos comienzan su viaje de salud mental. Comprendo cu\u00e1n dif\u00edcil puede ser abordar lo que ha estado experimentando, ya sea desesperanza, soledad o estr\u00e9s. Los objetivos que ha visualizado para s\u00ed mismo pueden parecer inalcanzables cuando simult\u00e1neamente lucha por su bienestar mental y emocional a diario. En lugar de sentir que est\u00e1 cargando el peso de recuerdos, pensamientos y emociones dolorosas por s\u00ed solo, espero unirme a usted en su viaje y trabajar junto a usted hacia sus metas.    <\/p>\t\t\t\t\t\t\t\t<\/div>\n\t\t\t\t<\/div>\n\t\t\t\t<div class=\"elementor-element elementor-element-e602d1f elementor-widget elementor-widget-heading\" data-id=\"e602d1f\" data-element_type=\"widget\" data-e-type=\"widget\" data-widget_type=\"heading.default\">\n\t\t\t\t<div class=\"elementor-widget-container\">\n\t\t\t\t\t<h2 class=\"elementor-heading-title elementor-size-default\">Conoce un poco m\u00e1s sobre m\u00ed<\/h2>\t\t\t\t<\/div>\n\t\t\t\t<\/div>\n\t\t\t\t<div class=\"elementor-element elementor-element-5c57a66 elementor-widget elementor-widget-text-editor\" data-id=\"5c57a66\" data-element_type=\"widget\" data-e-type=\"widget\" data-widget_type=\"text-editor.default\">\n\t\t\t\t<div class=\"elementor-widget-container\">\n\t\t\t\t\t\t\t\t\t<p class=\"p1\">Nac\u00ed en East Los Angeles, CA y posteriormente me mud\u00e9 a Illinois; ambos padres migraron desde M\u00e9xico. Crec\u00ed hablando espa\u00f1ol y contin\u00fao utilizando mi fluidez en espa\u00f1ol tanto personal como profesionalmente. Disfruto de la lectura, crear listas de reproducci\u00f3n y estar bajo el sol.  <\/p><p class=\"p1\">Me gradu\u00e9 de la Universidad de Illinois en Urbana-Champaign con un t\u00edtulo en Psicolog\u00eda y Estudios Latinos\/Latinas. Mientras avanzaba en mi educaci\u00f3n, reconoc\u00ed mi deseo de combinar mi formaci\u00f3n en psicolog\u00eda y estudios Latinx para crear conciencia sobre la salud mental en nuestra comunidad. Obtuve mi Maestr\u00eda en Consejer\u00eda Comunitaria de la Universidad Loyola en Chicago. He trabajado en entornos escolares, salud mental comunitaria y pr\u00e1ctica privada, proporcionando terapia individual y grupal tanto en ingl\u00e9s como en espa\u00f1ol.   <\/p>\t\t\t\t\t\t\t\t<\/div>\n\t\t\t\t<\/div>\n\t\t\t\t<div class=\"elementor-element elementor-element-bfc11be elementor-widget elementor-widget-heading\" data-id=\"bfc11be\" data-element_type=\"widget\" data-e-type=\"widget\" data-widget_type=\"heading.default\">\n\t\t\t\t<div class=\"elementor-widget-container\">\n\t\t\t\t\t<h2 class=\"elementor-heading-title elementor-size-default\">Mis especialidades<\/h2>\t\t\t\t<\/div>\n\t\t\t\t<\/div>\n\t\t\t\t<div class=\"elementor-element elementor-element-edf0638 elementor-widget elementor-widget-text-editor\" data-id=\"edf0638\" data-element_type=\"widget\" data-e-type=\"widget\" data-widget_type=\"text-editor.default\">\n\t\t\t\t<div class=\"elementor-widget-container\">\n\t\t\t\t\t\t\t\t\t<p class=\"p1\">Tengo experiencia trabajando con un conjunto diverso de poblaciones con varias preocupaciones de salud mental como depresi\u00f3n, ansiedad, trauma pasado y transiciones de vida. Particularmente disfruto trabajar con individuos de diversos or\u00edgenes y t\u00edpicamente utilizo t\u00e9cnicas consistentes con la TCC (terapia cognitivo-conductual) y la TAC (terapia de aceptaci\u00f3n y compromiso). <\/p>\t\t\t\t\t\t\t\t<\/div>\n\t\t\t\t<\/div>\n\t\t\t\t\t<\/div>\n\t\t<\/div>\n\t\t\t\t\t<\/div>\n\t\t<\/section>\n\t\t\t\t<\/div>\n\t\t","protected":false},"excerpt":{"rendered":"<p>Apoyo a la comunidad Latinx valorando las experiencias vitales \u00fanicas a trav\u00e9s de una perspectiva culturalmente sensible. Inf\u00f3rmate sobre m\u00ed y c\u00f3mo puedo ayudarte Jackie Anonales, LPC Psicoterapeuta biling\u00fce Saludos, mi nombre es Jackie Anonales y soy psicoterapeuta biling\u00fce en Latinx Talk Therapy. Adopto un enfoque multicultural e informado sobre el trauma que, en su [&hellip;]<\/p>\n","protected":false},"author":3,"featured_media":0,"parent":0,"menu_order":0,"comment_status":"closed","ping_status":"closed","template":"","meta":{"footnotes":""},"class_list":["post-14055","page","type-page","status-publish","hentry"],"_links":{"self":[{"href":"https:\/\/latinxtalktherapy.com\/es\/wp-json\/wp\/v2\/pages\/14055","targetHints":{"allow":["GET"]}}],"collection":[{"href":"https:\/\/latinxtalktherapy.com\/es\/wp-json\/wp\/v2\/pages"}],"about":[{"href":"https:\/\/latinxtalktherapy.com\/es\/wp-json\/wp\/v2\/types\/page"}],"author":[{"embeddable":true,"href":"https:\/\/latinxtalktherapy.com\/es\/wp-json\/wp\/v2\/users\/3"}],"replies":[{"embeddable":true,"href":"https:\/\/latinxtalktherapy.com\/es\/wp-json\/wp\/v2\/comments?post=14055"}],"version-history":[{"count":2,"href":"https:\/\/latinxtalktherapy.com\/es\/wp-json\/wp\/v2\/pages\/14055\/revisions"}],"predecessor-version":[{"id":515981,"href":"https:\/\/latinxtalktherapy.com\/es\/wp-json\/wp\/v2\/pages\/14055\/revisions\/515981"}],"wp:attachment":[{"href":"https:\/\/latinxtalktherapy.com\/es\/wp-json\/wp\/v2\/media?parent=14055"}],"curies":[{"name":"wp","href":"https:\/\/api.w.org\/{rel}","templated":true}]}}