{"id":14053,"date":"2023-11-13T13:49:41","date_gmt":"2023-11-13T19:49:41","guid":{"rendered":"https:\/\/latinxtalktherapy.com\/caitrina-fragoso-lpc\/"},"modified":"2025-03-13T14:27:29","modified_gmt":"2025-03-13T19:27:29","slug":"caitrina-fragoso-lpc","status":"publish","type":"page","link":"https:\/\/latinxtalktherapy.com\/es\/caitrina-fragoso-lpc\/","title":{"rendered":"Caitrina Fragoso, LPC"},"content":{"rendered":"\t\t<div data-elementor-type=\"wp-page\" data-elementor-id=\"14053\" class=\"elementor elementor-14053\" data-elementor-post-type=\"page\">\n\t\t\t\t\t\t<section class=\"elementor-section elementor-top-section elementor-element elementor-element-b0defaf elementor-section-stretched elementor-section-full_width elementor-section-height-default elementor-section-height-default\" data-id=\"b0defaf\" data-element_type=\"section\" data-e-type=\"section\" data-settings=\"{&quot;stretch_section&quot;:&quot;section-stretched&quot;,&quot;background_background&quot;:&quot;classic&quot;}\">\n\t\t\t\t\t\t<div class=\"elementor-container elementor-column-gap-no\">\n\t\t\t\t\t<div class=\"elementor-column elementor-col-100 elementor-top-column elementor-element elementor-element-5d175c7\" data-id=\"5d175c7\" data-element_type=\"column\" data-e-type=\"column\" data-settings=\"{&quot;background_background&quot;:&quot;classic&quot;}\">\n\t\t\t<div class=\"elementor-widget-wrap\">\n\t\t\t\t\t\t\t<\/div>\n\t\t<\/div>\n\t\t\t\t\t<\/div>\n\t\t<\/section>\n\t\t\t\t<section class=\"elementor-section elementor-top-section elementor-element elementor-element-58ee682 elementor-section-boxed elementor-section-height-default elementor-section-height-default\" data-id=\"58ee682\" data-element_type=\"section\" data-e-type=\"section\">\n\t\t\t\t\t\t<div class=\"elementor-container elementor-column-gap-default\">\n\t\t\t\t\t<div class=\"elementor-column elementor-col-100 elementor-top-column elementor-element elementor-element-23508ed\" data-id=\"23508ed\" data-element_type=\"column\" data-e-type=\"column\">\n\t\t\t<div class=\"elementor-widget-wrap elementor-element-populated\">\n\t\t\t\t\t\t<div class=\"elementor-element elementor-element-41ba507 elementor-widget elementor-widget-heading\" data-id=\"41ba507\" data-element_type=\"widget\" data-e-type=\"widget\" data-widget_type=\"heading.default\">\n\t\t\t\t<div class=\"elementor-widget-container\">\n\t\t\t\t\t<h1 class=\"elementor-heading-title elementor-size-default\">Apoyo a la Comunidad Latinx Ayudando a Romper las Barreras a los Servicios de Salud Mental\n<\/h1>\t\t\t\t<\/div>\n\t\t\t\t<\/div>\n\t\t\t\t<div class=\"elementor-element elementor-element-57bf3a6 elementor-widget elementor-widget-heading\" data-id=\"57bf3a6\" data-element_type=\"widget\" data-e-type=\"widget\" data-widget_type=\"heading.default\">\n\t\t\t\t<div class=\"elementor-widget-container\">\n\t\t\t\t\t<h2 class=\"elementor-heading-title elementor-size-default\">Inf\u00f3rmate sobre m\u00ed y c\u00f3mo puedo ayudarte\n<\/h2>\t\t\t\t<\/div>\n\t\t\t\t<\/div>\n\t\t\t\t\t<\/div>\n\t\t<\/div>\n\t\t\t\t\t<\/div>\n\t\t<\/section>\n\t\t\t\t<section class=\"elementor-section elementor-top-section elementor-element elementor-element-0486c0d elementor-section-boxed elementor-section-height-default elementor-section-height-default\" data-id=\"0486c0d\" data-element_type=\"section\" data-e-type=\"section\" data-settings=\"{&quot;background_background&quot;:&quot;classic&quot;}\">\n\t\t\t\t\t\t<div class=\"elementor-container elementor-column-gap-default\">\n\t\t\t\t\t<div class=\"elementor-column elementor-col-100 elementor-top-column elementor-element elementor-element-3e196d66\" data-id=\"3e196d66\" data-element_type=\"column\" data-e-type=\"column\" data-settings=\"{&quot;background_background&quot;:&quot;classic&quot;}\">\n\t\t\t<div class=\"elementor-widget-wrap elementor-element-populated\">\n\t\t\t\t\t\t<div class=\"elementor-element elementor-element-55dd97d7 elementor-widget elementor-widget-image\" data-id=\"55dd97d7\" data-element_type=\"widget\" data-e-type=\"widget\" data-widget_type=\"image.default\">\n\t\t\t\t<div class=\"elementor-widget-container\">\n\t\t\t\t\t\t\t\t\t\t\t\t\t\t\t<img fetchpriority=\"high\" decoding=\"async\" width=\"1500\" height=\"1500\" src=\"https:\/\/latinxtalktherapy.com\/wp-content\/uploads\/caitrina-fragoso-latinx.png\" class=\"attachment-full size-full wp-image-13893\" alt=\"\" srcset=\"https:\/\/latinxtalktherapy.com\/wp-content\/uploads\/caitrina-fragoso-latinx.png 1500w, https:\/\/latinxtalktherapy.com\/wp-content\/uploads\/caitrina-fragoso-latinx-300x300.png 300w, https:\/\/latinxtalktherapy.com\/wp-content\/uploads\/caitrina-fragoso-latinx-1024x1024.png 1024w, https:\/\/latinxtalktherapy.com\/wp-content\/uploads\/caitrina-fragoso-latinx-150x150.png 150w, https:\/\/latinxtalktherapy.com\/wp-content\/uploads\/caitrina-fragoso-latinx-768x768.png 768w, https:\/\/latinxtalktherapy.com\/wp-content\/uploads\/caitrina-fragoso-latinx-12x12.png 12w\" sizes=\"(max-width: 1500px) 100vw, 1500px\" \/>\t\t\t\t\t\t\t\t\t\t\t\t\t\t\t<\/div>\n\t\t\t\t<\/div>\n\t\t\t\t<div class=\"elementor-element elementor-element-256cd4a8 elementor-widget elementor-widget-heading\" data-id=\"256cd4a8\" data-element_type=\"widget\" data-e-type=\"widget\" data-widget_type=\"heading.default\">\n\t\t\t\t<div class=\"elementor-widget-container\">\n\t\t\t\t\t<h2 class=\"elementor-heading-title elementor-size-default\">Caitrina Fragoso, LPC<\/h2>\t\t\t\t<\/div>\n\t\t\t\t<\/div>\n\t\t\t\t<div class=\"elementor-element elementor-element-7fcfc74 elementor-widget elementor-widget-heading\" data-id=\"7fcfc74\" data-element_type=\"widget\" data-e-type=\"widget\" data-widget_type=\"heading.default\">\n\t\t\t\t<div class=\"elementor-widget-container\">\n\t\t\t\t\t<h2 class=\"elementor-heading-title elementor-size-default\">Psicoterapeuta<\/h2>\t\t\t\t<\/div>\n\t\t\t\t<\/div>\n\t\t\t\t<div class=\"elementor-element elementor-element-1d0b51ee elementor-widget elementor-widget-text-editor\" data-id=\"1d0b51ee\" data-element_type=\"widget\" data-e-type=\"widget\" data-widget_type=\"text-editor.default\">\n\t\t\t\t<div class=\"elementor-widget-container\">\n\t\t\t\t\t\t\t\t\t<p class=\"p1\">Saludos cordiales, mi nombre es Caitrina (Cat) Fragoso y soy psicoterapeuta en Latinx Talk Therapy. Soy Consejera Profesional Licenciada (LPC). Me complace incluir validaci\u00f3n, psicoeducaci\u00f3n y referencias a la cultura popular en mis sesiones. Mi enfoque cl\u00ednico es ecl\u00e9ctico, lo que significa que incorporo m\u00faltiples aproximaciones basadas en las necesidades y experiencias individualizadas de mis clientes.   <\/p><p class=\"p1\">Como latina, comprendo la importancia de mantener las tradiciones y valores culturales mientras se gestiona la presi\u00f3n de aculturarse a las normas culturales estadounidenses. Considero que a trav\u00e9s de la terapia podemos comenzar a sanar las presiones sociales, los traumas infantiles y los traumas generacionales. <\/p>\t\t\t\t\t\t\t\t<\/div>\n\t\t\t\t<\/div>\n\t\t\t\t\t<\/div>\n\t\t<\/div>\n\t\t\t\t\t<\/div>\n\t\t<\/section>\n\t\t\t\t<section class=\"elementor-section elementor-top-section elementor-element elementor-element-098997b elementor-section-boxed elementor-section-height-default elementor-section-height-default\" data-id=\"098997b\" data-element_type=\"section\" data-e-type=\"section\">\n\t\t\t\t\t\t<div class=\"elementor-container elementor-column-gap-default\">\n\t\t\t\t\t<div class=\"elementor-column elementor-col-100 elementor-top-column elementor-element elementor-element-3e2f428\" data-id=\"3e2f428\" data-element_type=\"column\" data-e-type=\"column\">\n\t\t\t<div class=\"elementor-widget-wrap elementor-element-populated\">\n\t\t\t\t\t\t<div class=\"elementor-element elementor-element-9709189 elementor-align-center elementor-mobile-align-start animated-slow elementor-icon-list--layout-traditional elementor-list-item-link-full_width elementor-invisible elementor-widget elementor-widget-icon-list\" data-id=\"9709189\" data-element_type=\"widget\" data-e-type=\"widget\" data-settings=\"{&quot;_animation&quot;:&quot;fadeInLeft&quot;}\" data-widget_type=\"icon-list.default\">\n\t\t\t\t<div class=\"elementor-widget-container\">\n\t\t\t\t\t\t\t<ul class=\"elementor-icon-list-items\">\n\t\t\t\t\t\t\t<li class=\"elementor-icon-list-item\">\n\t\t\t\t\t\t\t\t\t\t\t<span class=\"elementor-icon-list-icon\">\n\t\t\t\t\t\t\t<i aria-hidden=\"true\" class=\"fas fa-check\"><\/i>\t\t\t\t\t\t<\/span>\n\t\t\t\t\t\t\t\t\t\t<span class=\"elementor-icon-list-text\">Me re\u00fano con los clientes <span style=\"color: #9b7c8c\"><strong>en persona<\/strong><\/span> y <span style=\"color: #9b7c8c\"><strong>virtualmente<\/strong><\/span>.<\/span>\n\t\t\t\t\t\t\t\t\t<\/li>\n\t\t\t\t\t\t<\/ul>\n\t\t\t\t\t\t<\/div>\n\t\t\t\t<\/div>\n\t\t\t\t<div class=\"elementor-element elementor-element-513c701 elementor-widget elementor-widget-heading\" data-id=\"513c701\" data-element_type=\"widget\" data-e-type=\"widget\" data-widget_type=\"heading.default\">\n\t\t\t\t<div class=\"elementor-widget-container\">\n\t\t\t\t\t<h2 class=\"elementor-heading-title elementor-size-default\">No tienes que afrontar tus luchas solo, estoy aqu\u00ed para ayudarte\n<\/h2>\t\t\t\t<\/div>\n\t\t\t\t<\/div>\n\t\t\t\t<div class=\"elementor-element elementor-element-c14a92b elementor-widget elementor-widget-text-editor\" data-id=\"c14a92b\" data-element_type=\"widget\" data-e-type=\"widget\" data-widget_type=\"text-editor.default\">\n\t\t\t\t<div class=\"elementor-widget-container\">\n\t\t\t\t\t\t\t\t\t<p class=\"p1\">En mis experiencias profesionales previas, he trabajado con individuos de todas las edades; asimismo, poseo experiencia en el trabajo con familias y he facilitado grupos de terapia. Cuento con experiencia en el tratamiento de individuos que experimentan ansiedad y clientes con antecedentes de trauma. He trabajado con la poblaci\u00f3n de veteranos y he centrado numerosos cr\u00e9ditos de educaci\u00f3n continua en la comunidad de veteranos y latina.  <\/p><p class=\"p2\">Insto a mis clientes a mantener un autocuidado regular. Mis principales formas de autocuidado son realizar excursiones con mis dos pastores alemanes y pasar tiempo con mi familia. Su forma de autocuidado puede ser diferente a la m\u00eda, pues lo importante es encontrar lo que funcione para usted.  <\/p>\t\t\t\t\t\t\t\t<\/div>\n\t\t\t\t<\/div>\n\t\t\t\t<div class=\"elementor-element elementor-element-e602d1f elementor-widget elementor-widget-heading\" data-id=\"e602d1f\" data-element_type=\"widget\" data-e-type=\"widget\" data-widget_type=\"heading.default\">\n\t\t\t\t<div class=\"elementor-widget-container\">\n\t\t\t\t\t<h2 class=\"elementor-heading-title elementor-size-default\">Conoce un poco m\u00e1s sobre m\u00ed<\/h2>\t\t\t\t<\/div>\n\t\t\t\t<\/div>\n\t\t\t\t<div class=\"elementor-element elementor-element-5c57a66 elementor-widget elementor-widget-text-editor\" data-id=\"5c57a66\" data-element_type=\"widget\" data-e-type=\"widget\" data-widget_type=\"text-editor.default\">\n\t\t\t\t<div class=\"elementor-widget-container\">\n\t\t\t\t\t\t\t\t\t<p class=\"p1\">Nac\u00ed y crec\u00ed en el lado norte de Chicago. Mi padre emigr\u00f3 de D.F., M\u00e9xico, y mis abuelos maternos son de Puerto Rico y Chile. Debido a la discriminaci\u00f3n que enfrentaron en su infancia, mis padres optaron por no ense\u00f1arnos espa\u00f1ol a mis hermanos y a m\u00ed. Obtuve mi Licenciatura en Sociolog\u00eda de la Universidad Saint Xavier en 2017. Fui la primera persona en mi familia en obtener un t\u00edtulo de Maestr\u00eda. Complet\u00e9 mi Maestr\u00eda en Consejer\u00eda de Salud Mental Cl\u00ednica en The Chicago School of Professional Psychology.     <\/p><p class=\"p1\">En mi tiempo personal, disfruto pasar tiempo con mi familia o realizando manualidades, haciendo excursiones con mis dos pastores alemanes, o leyendo con chocolate caliente de la Abuelita.<\/p>\t\t\t\t\t\t\t\t<\/div>\n\t\t\t\t<\/div>\n\t\t\t\t<div class=\"elementor-element elementor-element-bfc11be elementor-widget elementor-widget-heading\" data-id=\"bfc11be\" data-element_type=\"widget\" data-e-type=\"widget\" data-widget_type=\"heading.default\">\n\t\t\t\t<div class=\"elementor-widget-container\">\n\t\t\t\t\t<h2 class=\"elementor-heading-title elementor-size-default\">Mis especialidades<\/h2>\t\t\t\t<\/div>\n\t\t\t\t<\/div>\n\t\t\t\t<div class=\"elementor-element elementor-element-edf0638 elementor-widget elementor-widget-text-editor\" data-id=\"edf0638\" data-element_type=\"widget\" data-e-type=\"widget\" data-widget_type=\"text-editor.default\">\n\t\t\t\t<div class=\"elementor-widget-container\">\n\t\t\t\t\t\t\t\t\t<p class=\"p1\"><span class=\"s1\">Poseo<\/span> experiencia trabajando con individuos que tienen antecedentes de trauma, enfermedades mentales severas, trastornos del espectro de ansiedad y trastornos del espectro compulsivo<span class=\"s1\">. Mis especialidades son veteranos, trauma y ansiedad. <\/span><\/p>\t\t\t\t\t\t\t\t<\/div>\n\t\t\t\t<\/div>\n\t\t\t\t\t<\/div>\n\t\t<\/div>\n\t\t\t\t\t<\/div>\n\t\t<\/section>\n\t\t\t\t<\/div>\n\t\t","protected":false},"excerpt":{"rendered":"<p>Apoyo a la Comunidad Latinx Ayudando a Romper las Barreras a los Servicios de Salud Mental Inf\u00f3rmate sobre m\u00ed y c\u00f3mo puedo ayudarte Caitrina Fragoso, LPC Psicoterapeuta Saludos cordiales, mi nombre es Caitrina (Cat) Fragoso y soy psicoterapeuta en Latinx Talk Therapy. Soy Consejera Profesional Licenciada (LPC). Me complace incluir validaci\u00f3n, psicoeducaci\u00f3n y referencias a [&hellip;]<\/p>\n","protected":false},"author":3,"featured_media":0,"parent":0,"menu_order":0,"comment_status":"closed","ping_status":"closed","template":"","meta":{"footnotes":""},"class_list":["post-14053","page","type-page","status-publish","hentry"],"_links":{"self":[{"href":"https:\/\/latinxtalktherapy.com\/es\/wp-json\/wp\/v2\/pages\/14053","targetHints":{"allow":["GET"]}}],"collection":[{"href":"https:\/\/latinxtalktherapy.com\/es\/wp-json\/wp\/v2\/pages"}],"about":[{"href":"https:\/\/latinxtalktherapy.com\/es\/wp-json\/wp\/v2\/types\/page"}],"author":[{"embeddable":true,"href":"https:\/\/latinxtalktherapy.com\/es\/wp-json\/wp\/v2\/users\/3"}],"replies":[{"embeddable":true,"href":"https:\/\/latinxtalktherapy.com\/es\/wp-json\/wp\/v2\/comments?post=14053"}],"version-history":[{"count":1,"href":"https:\/\/latinxtalktherapy.com\/es\/wp-json\/wp\/v2\/pages\/14053\/revisions"}],"predecessor-version":[{"id":14054,"href":"https:\/\/latinxtalktherapy.com\/es\/wp-json\/wp\/v2\/pages\/14053\/revisions\/14054"}],"wp:attachment":[{"href":"https:\/\/latinxtalktherapy.com\/es\/wp-json\/wp\/v2\/media?parent=14053"}],"curies":[{"name":"wp","href":"https:\/\/api.w.org\/{rel}","templated":true}]}}