{"id":14025,"date":"2021-01-20T11:28:57","date_gmt":"2021-01-20T17:28:57","guid":{"rendered":"https:\/\/latinxtalktherapy.com\/estadisticas\/"},"modified":"2025-04-16T11:32:46","modified_gmt":"2025-04-16T16:32:46","slug":"estadisticas","status":"publish","type":"page","link":"https:\/\/latinxtalktherapy.com\/es\/estadisticas\/","title":{"rendered":"Estad\u00edsticas"},"content":{"rendered":"\t\t<div data-elementor-type=\"wp-page\" data-elementor-id=\"14025\" class=\"elementor elementor-14025 elementor-2649\" data-elementor-post-type=\"page\">\n\t\t\t\t\t\t<section class=\"elementor-section elementor-top-section elementor-element elementor-element-ad9a04d elementor-section-stretched elementor-section-full_width elementor-section-height-default elementor-section-height-default\" data-id=\"ad9a04d\" data-element_type=\"section\" data-e-type=\"section\" data-settings=\"{&quot;stretch_section&quot;:&quot;section-stretched&quot;,&quot;background_background&quot;:&quot;classic&quot;}\">\n\t\t\t\t\t\t<div class=\"elementor-container elementor-column-gap-no\">\n\t\t\t\t\t<div class=\"elementor-column elementor-col-100 elementor-top-column elementor-element elementor-element-a8485c6\" data-id=\"a8485c6\" data-element_type=\"column\" data-e-type=\"column\" data-settings=\"{&quot;background_background&quot;:&quot;classic&quot;}\">\n\t\t\t<div class=\"elementor-widget-wrap\">\n\t\t\t\t\t\t\t<\/div>\n\t\t<\/div>\n\t\t\t\t\t<\/div>\n\t\t<\/section>\n\t\t\t\t<section class=\"elementor-section elementor-top-section elementor-element elementor-element-710a376 elementor-section-boxed elementor-section-height-default elementor-section-height-default\" data-id=\"710a376\" data-element_type=\"section\" data-e-type=\"section\">\n\t\t\t\t\t\t<div class=\"elementor-container elementor-column-gap-default\">\n\t\t\t\t\t<div class=\"elementor-column elementor-col-100 elementor-top-column elementor-element elementor-element-c60fe15\" data-id=\"c60fe15\" data-element_type=\"column\" data-e-type=\"column\">\n\t\t\t<div class=\"elementor-widget-wrap elementor-element-populated\">\n\t\t\t\t\t\t<div class=\"elementor-element elementor-element-ecf02cb elementor-widget elementor-widget-heading\" data-id=\"ecf02cb\" data-element_type=\"widget\" data-e-type=\"widget\" data-widget_type=\"heading.default\">\n\t\t\t\t<div class=\"elementor-widget-container\">\n\t\t\t\t\t<h1 class=\"elementor-heading-title elementor-size-default\">Estad\u00edsticas:<\/h1>\t\t\t\t<\/div>\n\t\t\t\t<\/div>\n\t\t\t\t\t<\/div>\n\t\t<\/div>\n\t\t\t\t\t<\/div>\n\t\t<\/section>\n\t\t\t\t<section class=\"elementor-section elementor-top-section elementor-element elementor-element-02a84f4 elementor-section-boxed elementor-section-height-default elementor-section-height-default\" data-id=\"02a84f4\" data-element_type=\"section\" data-e-type=\"section\">\n\t\t\t\t\t\t<div class=\"elementor-container elementor-column-gap-default\">\n\t\t\t\t\t<div class=\"elementor-column elementor-col-100 elementor-top-column elementor-element elementor-element-653ee45\" data-id=\"653ee45\" data-element_type=\"column\" data-e-type=\"column\">\n\t\t\t<div class=\"elementor-widget-wrap elementor-element-populated\">\n\t\t\t\t\t\t<div class=\"elementor-element elementor-element-7af51ee elementor-widget elementor-widget-text-editor\" data-id=\"7af51ee\" data-element_type=\"widget\" data-e-type=\"widget\" data-widget_type=\"text-editor.default\">\n\t\t\t\t<div class=\"elementor-widget-container\">\n\t\t\t\t\t\t\t\t\t<h3 data-pm-slice=\"1 1 []\">&#8211; 1 de cada 5 estadounidenses padece un trastorno mental<\/h3><p><a class=\"ProsemirrorEditor-link\" href=\"https:\/\/www.nami.org\/nami\/media\/nami-media\/infographics\/generalmhfacts.pdf\" target=\"_blank\" rel=\"noopener\">Fuente  <i class=\"fas fa-angle-right\"><\/i><\/a><\/p><h3>&#8211; Los trastornos neuropsiqui\u00e1tricos son la principal causa de discapacidad en EE.UU. (seguidos de las enfermedades cardiovasculares y circulatorias y las neoplasias. Neuropsiqui\u00e1trico significa que los trastornos mentales afectan al sistema nervioso central)<\/h3><p><a class=\"ProsemirrorEditor-link\" href=\"https:\/\/www.nimh.nih.gov\/health\/statistics\/disability\/us-leading-categories-of-diseases-disorders.shtml#:~:text=Neuropsychiatric%20disorders%20are%20the%20leading,and%20circulatory%20diseases%20and%20neoplasms\" target=\"_blank\" rel=\"noopener\">Fuente  <i class=\"fas fa-angle-right\"><\/i><\/a><\/p><h3>&#8211; El retraso medio entre el inicio de los s\u00edntomas y el tratamiento es de 11 a\u00f1os<\/h3><p><a class=\"ProsemirrorEditor-link\" href=\"https:\/\/www.nami.org\/NAMI\/media\/NAMI-Media\/Infographics\/NAMI_MentalHealthCareMatters_2020_FINAL.pdf\" target=\"_blank\" rel=\"noopener\">Fuente  <i class=\"fas fa-angle-right\"><\/i><\/a><\/p><h3>&#8211; 1 de cada 8 visitas a los servicios de urgencias de EE.UU. est\u00e1n relacionadas con trastornos mentales y por consumo de sustancias<\/h3><p><a class=\"ProsemirrorEditor-link\" href=\"https:\/\/www.nami.org\/NAMI\/media\/NAMI-Media\/Infographics\/NAMI_Impact_RippleEffect_2020_FINAL.pdf\" target=\"_blank\" rel=\"noopener\">Fuente  <i class=\"fas fa-angle-right\"><\/i><\/a><\/p><h3>&#8211; M\u00e1s de 1 de cada 3 mujeres latinas declararon haber sido alguna vez v\u00edctimas de violencia sexual, f\u00edsica o acoso por parte de su pareja.<\/h3><p><a class=\"ProsemirrorEditor-link\" href=\"https:\/\/salud-america.org\/addressing-the-spike-in-domestic-violence-amid-coronavius-for-latinas-and-all-women\/#:~:text=The%20U.S.%20Has%20a%20Domestic,of%20women%20overall%20(37.3%25).\" target=\"_blank\" rel=\"noopener\">Fuente  <i class=\"fas fa-angle-right\"><\/i><\/a><\/p><h3>&#8211; En 2017, el suicidio fue la segunda causa de muerte entre los latinos de 15 a 34 a\u00f1os<\/h3><p><a class=\"ProsemirrorEditor-link\" href=\"https:\/\/minorityhealth.hhs.gov\/omh\/browse.aspx?lvl=4&amp;lvlid=69#:~:text=In%202017%2C%20suicide%20was%20the,Hispanics%2C%20ages%2015%20to%2034.&amp;text=Suicide%20attempts%20for%20Hispanic%20girls,often%20as%20Hispanics%2C%20in%202018.\" target=\"_blank\" rel=\"noopener\">Fuente  <i class=\"fas fa-angle-right\"><\/i><\/a><\/p><h3>&#8211; Los intentos de suicidio de las chicas latinas, de 9\u00ba a 12\u00ba curso, fueron un 40 % superiores a los de las chicas blancas no latinas del mismo grupo de edad<\/h3><p><a class=\"ProsemirrorEditor-link\" href=\"https:\/\/minorityhealth.hhs.gov\/omh\/browse.aspx?lvl=4&amp;lvlid=69#:~:text=In%202017%2C%20suicide%20was%20the,Hispanics%2C%20ages%2015%20to%2034.&amp;text=Suicide%20attempts%20for%20Hispanic%20girls,often%20as%20Hispanics%2C%20in%202018.\" target=\"_blank\" rel=\"noopener\">Fuente  <i class=\"fas fa-angle-right\"><\/i><\/a><\/p><h3>&#8211; Los latinos reciben la mitad de tratamiento de salud mental que los blancos no latinos<\/h3><p><a class=\"ProsemirrorEditor-link\" href=\"https:\/\/minorityhealth.hhs.gov\/omh\/browse.aspx?lvl=4&amp;lvlid=69#:~:text=In%202017%2C%20suicide%20was%20the,Hispanics%2C%20ages%2015%20to%2034.&amp;text=Suicide%20attempts%20for%20Hispanic%20girls,often%20as%20Hispanics%2C%20in%202018.\" target=\"_blank\" rel=\"noopener\">Fuente  <i class=\"fas fa-angle-right\"><\/i><\/a><\/p><h3>&#8211; La tasa de mortalidad por suicidio de los hombres latinos era 4 veces superior a la de las mujeres latinas<\/h3><p><a class=\"ProsemirrorEditor-link\" href=\"https:\/\/minorityhealth.hhs.gov\/omh\/browse.aspx?lvl=4&amp;lvlid=69#:~:text=In%202017%2C%20suicide%20was%20the,Hispanics%2C%20ages%2015%20to%2034.&amp;text=Suicide%20attempts%20for%20Hispanic%20girls,often%20as%20Hispanics%2C%20in%202018.\" target=\"_blank\" rel=\"noopener\">Fuente  <i class=\"fas fa-angle-right\"><\/i><\/a><\/p><h3>&#8211; El 76% de los latinos con ansiedad y depresi\u00f3n no reciben atenci\u00f3n sanitaria mental adecuada<\/h3><p><a class=\"ProsemirrorEditor-link\" href=\"https:\/\/ps.psychiatryonline.org\/doi\/full\/10.1176\/appi.ps.53.12.1547\" target=\"_blank\" rel=\"noopener\">Fuente  <i class=\"fas fa-angle-right\"><\/i><\/a><\/p><h3>&#8211; S\u00f3lo el 20% de los latinos que experimentan s\u00edntomas de un trastorno psicol\u00f3gico hablan con un m\u00e9dico sobre sus s\u00edntomas, y s\u00f3lo el 10% se pone en contacto con un profesional de la salud mental.<\/h3><p><a class=\"ProsemirrorEditor-link\" href=\"https:\/\/adaa.org\/finding-help\/hispanic-latinos\" target=\"_blank\" rel=\"noopener\">Fuente  <i class=\"fas fa-angle-right\"><\/i><\/a><\/p><h3>&#8211; Las principales barreras para la salud mental de los latinos son el idioma, la falta de seguro, la falta de conciencia cultural, la situaci\u00f3n legal, la aculturaci\u00f3n y el estigma.<\/h3><p><a class=\"ProsemirrorEditor-link\" href=\"https:\/\/www.nami.org\/Your-Journey\/Identity-and-Cultural-Dimensions\/Hispanic-Latinx\" target=\"_blank\" rel=\"noopener\">Fuente  <i class=\"fas fa-angle-right\"><\/i><\/a><\/p><h3>&#8211; Casi 4 de cada 5 j\u00f3venes latinos sufren al menos una experiencia traum\u00e1tica en la infancia, como la pobreza o los malos tratos, y carecen de la atenci\u00f3n, el apoyo y el entorno adecuados que necesitan para un desarrollo saludable en los a\u00f1os de formaci\u00f3n .<\/h3><p><a class=\"ProsemirrorEditor-link\" href=\"https:\/\/news.uthscsa.edu\/nearly-80-percent-latino-youth-suffer-childhood-trauma\/#:~:text=About%2028%20percent%20of%20Latino,language%2C%20literacy%20and%20math%20skills.\" target=\"_blank\" rel=\"noopener\">Fuente  <i class=\"fas fa-angle-right\"><\/i><\/a><\/p><h3>&#8211; Los inmigrantes son m\u00e1s susceptibles de desarrollar TEPT y trastornos por estr\u00e9s, dependiendo de la frecuencia, duraci\u00f3n y multiplicidad de experiencias traum\u00e1ticas sufridas durante las distintas etapas de la migraci\u00f3n (Kouyoumdjian et al., 2003).<\/h3><p><a class=\"ProsemirrorEditor-link\" href=\"https:\/\/www.socialworkers.org\/assets\/secured\/documents\/sections\/mental_health\/newsletters\/2009%20Mental%20Health%20Newsletter%20-%20Issue%202.pdf\" target=\"_blank\" rel=\"noopener\">Fuente  <i class=\"fas fa-angle-right\"><\/i><\/a><\/p><h3>&#8211; La disonancia cultural y el estr\u00e9s aculturativo, la discriminaci\u00f3n, las presiones socioecon\u00f3micas, la p\u00e9rdida de mecanismos de apoyo social tras la inmigraci\u00f3n y la exposici\u00f3n a las drogas y el alcohol conducen a menudo al consumo de sustancias qu\u00edmicas y a la dependencia\u00bb (Rios-Ellis, 2005, p.10).<\/h3><p><a class=\"ProsemirrorEditor-link\" href=\"https:\/\/www.socialworkers.org\/assets\/secured\/documents\/sections\/mental_health\/newsletters\/2009%20Mental%20Health%20Newsletter%20-%20Issue%202.pdf\" target=\"_blank\" rel=\"noopener\">Fuente  <i class=\"fas fa-angle-right\"><\/i><\/a><\/p><h3>&#8211; La Disonancia Cultural es una inc\u00f3moda sensaci\u00f3n de conflicto interior, desarmon\u00eda, confusi\u00f3n, experimentada por las personas durante el cambio en su entorno cultural. Los cambios suelen ser inesperados, inexplicables o incomprensibles debido a diversos tipos de din\u00e1micas culturales <\/h3><h3>&#8211; El estr\u00e9s aculturativo es el impacto psicol\u00f3gico de la adaptaci\u00f3n a una nueva cultura. Los factores de estr\u00e9s incluyen la situaci\u00f3n legal de la familia, la migraci\u00f3n forzada frente a la voluntaria y la discriminaci\u00f3n percibida. <\/h3>\t\t\t\t\t\t\t\t<\/div>\n\t\t\t\t<\/div>\n\t\t\t\t\t<\/div>\n\t\t<\/div>\n\t\t\t\t\t<\/div>\n\t\t<\/section>\n\t\t\t\t<\/div>\n\t\t","protected":false},"excerpt":{"rendered":"<p>Estad\u00edsticas: &#8211; 1 de cada 5 estadounidenses padece un trastorno mental Fuente &#8211; Los trastornos neuropsiqui\u00e1tricos son la principal causa de discapacidad en EE.UU. (seguidos de las enfermedades cardiovasculares y circulatorias y las neoplasias. Neuropsiqui\u00e1trico significa que los trastornos mentales afectan al sistema nervioso central) Fuente &#8211; El retraso medio entre el inicio de los [&hellip;]<\/p>\n","protected":false},"author":3,"featured_media":0,"parent":0,"menu_order":0,"comment_status":"closed","ping_status":"closed","template":"","meta":{"footnotes":""},"class_list":["post-14025","page","type-page","status-publish","hentry"],"_links":{"self":[{"href":"https:\/\/latinxtalktherapy.com\/es\/wp-json\/wp\/v2\/pages\/14025","targetHints":{"allow":["GET"]}}],"collection":[{"href":"https:\/\/latinxtalktherapy.com\/es\/wp-json\/wp\/v2\/pages"}],"about":[{"href":"https:\/\/latinxtalktherapy.com\/es\/wp-json\/wp\/v2\/types\/page"}],"author":[{"embeddable":true,"href":"https:\/\/latinxtalktherapy.com\/es\/wp-json\/wp\/v2\/users\/3"}],"replies":[{"embeddable":true,"href":"https:\/\/latinxtalktherapy.com\/es\/wp-json\/wp\/v2\/comments?post=14025"}],"version-history":[{"count":1,"href":"https:\/\/latinxtalktherapy.com\/es\/wp-json\/wp\/v2\/pages\/14025\/revisions"}],"predecessor-version":[{"id":14027,"href":"https:\/\/latinxtalktherapy.com\/es\/wp-json\/wp\/v2\/pages\/14025\/revisions\/14027"}],"wp:attachment":[{"href":"https:\/\/latinxtalktherapy.com\/es\/wp-json\/wp\/v2\/media?parent=14025"}],"curies":[{"name":"wp","href":"https:\/\/api.w.org\/{rel}","templated":true}]}}