{"id":14021,"date":"2020-11-10T09:36:35","date_gmt":"2020-11-10T15:36:35","guid":{"rendered":"https:\/\/latinxtalktherapy.com\/reyna-valdez-lsw\/"},"modified":"2025-06-12T10:01:40","modified_gmt":"2025-06-12T15:01:40","slug":"reyna-valdez-lsw","status":"publish","type":"page","link":"https:\/\/latinxtalktherapy.com\/es\/reyna-valdez-lsw\/","title":{"rendered":"Reyna Valdez, LSW"},"content":{"rendered":"\t\t<div data-elementor-type=\"wp-page\" data-elementor-id=\"14021\" class=\"elementor elementor-14021\" data-elementor-post-type=\"page\">\n\t\t\t\t\t\t<section class=\"elementor-section elementor-top-section elementor-element elementor-element-b0defaf elementor-section-stretched elementor-section-full_width elementor-section-height-default elementor-section-height-default\" data-id=\"b0defaf\" data-element_type=\"section\" data-e-type=\"section\" data-settings=\"{&quot;stretch_section&quot;:&quot;section-stretched&quot;,&quot;background_background&quot;:&quot;classic&quot;}\">\n\t\t\t\t\t\t<div class=\"elementor-container elementor-column-gap-no\">\n\t\t\t\t\t<div class=\"elementor-column elementor-col-100 elementor-top-column elementor-element elementor-element-5d175c7\" data-id=\"5d175c7\" data-element_type=\"column\" data-e-type=\"column\" data-settings=\"{&quot;background_background&quot;:&quot;classic&quot;}\">\n\t\t\t<div class=\"elementor-widget-wrap\">\n\t\t\t\t\t\t\t<\/div>\n\t\t<\/div>\n\t\t\t\t\t<\/div>\n\t\t<\/section>\n\t\t\t\t<section class=\"elementor-section elementor-top-section elementor-element elementor-element-58ee682 elementor-section-boxed elementor-section-height-default elementor-section-height-default\" data-id=\"58ee682\" data-element_type=\"section\" data-e-type=\"section\">\n\t\t\t\t\t\t<div class=\"elementor-container elementor-column-gap-default\">\n\t\t\t\t\t<div class=\"elementor-column elementor-col-100 elementor-top-column elementor-element elementor-element-23508ed\" data-id=\"23508ed\" data-element_type=\"column\" data-e-type=\"column\">\n\t\t\t<div class=\"elementor-widget-wrap elementor-element-populated\">\n\t\t\t\t\t\t<div class=\"elementor-element elementor-element-41ba507 elementor-widget elementor-widget-heading\" data-id=\"41ba507\" data-element_type=\"widget\" data-e-type=\"widget\" data-widget_type=\"heading.default\">\n\t\t\t\t<div class=\"elementor-widget-container\">\n\t\t\t\t\t<h1 class=\"elementor-heading-title elementor-size-default\">Apoyo a la comunidad Latinx en la superaci\u00f3n del estigma de la salud mental<\/h1>\t\t\t\t<\/div>\n\t\t\t\t<\/div>\n\t\t\t\t<div class=\"elementor-element elementor-element-57bf3a6 elementor-widget elementor-widget-heading\" data-id=\"57bf3a6\" data-element_type=\"widget\" data-e-type=\"widget\" data-widget_type=\"heading.default\">\n\t\t\t\t<div class=\"elementor-widget-container\">\n\t\t\t\t\t<h2 class=\"elementor-heading-title elementor-size-default\">Inf\u00f3rmate sobre m\u00ed y c\u00f3mo puedo ayudarte<\/h2>\t\t\t\t<\/div>\n\t\t\t\t<\/div>\n\t\t\t\t\t<\/div>\n\t\t<\/div>\n\t\t\t\t\t<\/div>\n\t\t<\/section>\n\t\t\t\t<section class=\"elementor-section elementor-top-section elementor-element elementor-element-d14833e elementor-section-boxed elementor-section-height-default elementor-section-height-default\" data-id=\"d14833e\" data-element_type=\"section\" data-e-type=\"section\" data-settings=\"{&quot;background_background&quot;:&quot;classic&quot;}\">\n\t\t\t\t\t\t<div class=\"elementor-container elementor-column-gap-default\">\n\t\t\t\t\t<div class=\"elementor-column elementor-col-100 elementor-top-column elementor-element elementor-element-a8862c1\" data-id=\"a8862c1\" data-element_type=\"column\" data-e-type=\"column\" data-settings=\"{&quot;background_background&quot;:&quot;classic&quot;}\">\n\t\t\t<div class=\"elementor-widget-wrap elementor-element-populated\">\n\t\t\t\t\t\t<div class=\"elementor-element elementor-element-dc463f4 elementor-widget elementor-widget-image\" data-id=\"dc463f4\" data-element_type=\"widget\" data-e-type=\"widget\" data-widget_type=\"image.default\">\n\t\t\t\t<div class=\"elementor-widget-container\">\n\t\t\t\t\t\t\t\t\t\t\t\t\t\t\t<img fetchpriority=\"high\" decoding=\"async\" width=\"800\" height=\"800\" src=\"https:\/\/latinxtalktherapy.com\/wp-content\/uploads\/reyna.png\" class=\"attachment-large size-large wp-image-13862\" alt=\"\" srcset=\"https:\/\/latinxtalktherapy.com\/wp-content\/uploads\/reyna.png 800w, https:\/\/latinxtalktherapy.com\/wp-content\/uploads\/reyna-300x300.png 300w, https:\/\/latinxtalktherapy.com\/wp-content\/uploads\/reyna-150x150.png 150w, https:\/\/latinxtalktherapy.com\/wp-content\/uploads\/reyna-768x768.png 768w, https:\/\/latinxtalktherapy.com\/wp-content\/uploads\/reyna-12x12.png 12w\" sizes=\"(max-width: 800px) 100vw, 800px\" \/>\t\t\t\t\t\t\t\t\t\t\t\t\t\t\t<\/div>\n\t\t\t\t<\/div>\n\t\t\t\t<div class=\"elementor-element elementor-element-1ba4a4d elementor-widget elementor-widget-heading\" data-id=\"1ba4a4d\" data-element_type=\"widget\" data-e-type=\"widget\" data-widget_type=\"heading.default\">\n\t\t\t\t<div class=\"elementor-widget-container\">\n\t\t\t\t\t<h2 class=\"elementor-heading-title elementor-size-default\">Reyna Valdez, LSW<\/h2>\t\t\t\t<\/div>\n\t\t\t\t<\/div>\n\t\t\t\t<div class=\"elementor-element elementor-element-1731de2 elementor-widget elementor-widget-heading\" data-id=\"1731de2\" data-element_type=\"widget\" data-e-type=\"widget\" data-widget_type=\"heading.default\">\n\t\t\t\t<div class=\"elementor-widget-container\">\n\t\t\t\t\t<h2 class=\"elementor-heading-title elementor-size-default\">Psicoterapeuta biling\u00fce<\/h2>\t\t\t\t<\/div>\n\t\t\t\t<\/div>\n\t\t\t\t<div class=\"elementor-element elementor-element-2601a5c elementor-widget elementor-widget-text-editor\" data-id=\"2601a5c\" data-element_type=\"widget\" data-e-type=\"widget\" data-widget_type=\"text-editor.default\">\n\t\t\t\t<div class=\"elementor-widget-container\">\n\t\t\t\t\t\t\t\t\t<p>Saludos, mi nombre es Reyna Valdez, y soy psicoterapeuta biling\u00fce en Latinx Talk Therapy. Incorporo el humor, la mentor\u00eda y el spanglish en las sesiones para crear un ambiente seguro y c\u00f3modo para mis clientes. Mi enfoque cl\u00ednico es ecl\u00e9ctico, integrando m\u00faltiples m\u00e9todos terap\u00e9uticos adaptados a las experiencias, preferencias y necesidades de cada cliente. Utilizo un enfoque basado en las fortalezas para empoderar a los clientes Latinx mientras trabajan para alcanzar sus objetivos y estilos de vida deseados.   <\/p><p>Como terapeuta informada en trauma, me especializo en la salud mental de las mujeres, el trabajo con el ni\u00f1o interior, la atenci\u00f3n culturalmente sensible para la comunidad Latinx y el bienestar hol\u00edstico. Soy experta en terapias basadas en la evidencia, incluyendo la Terapia de Activaci\u00f3n Conductual (TAC), la Terapia Cognitivo-Conductual (TCC) y la Terapia Dial\u00e9ctica Conductual (TDC), para ayudar a los clientes a desarrollar estrategias pr\u00e1cticas para manejar los desaf\u00edos de la vida. Mi enfoque se centra en desarrollar la autoestima, fomentar la autoexploraci\u00f3n y guiar a los clientes a trav\u00e9s de las transiciones con compasi\u00f3n y cuidado.  <\/p><p>Como latina, entiendo la importancia de honrar nuestras experiencias \u00fanicas y abrazar nuestras identidades. Las adversidades e injusticias a las que se enfrenta nuestra comunidad influyen profundamente en nuestras perspectivas, bienestar emocional y salud mental. Estoy aqu\u00ed para ayudarte a superar esos retos, a curarte de los traumas del pasado y a ganar confianza en ti misma, mientras avanzas hacia una vida m\u00e1s plena. Juntos podemos identificar pautas, aplicar soluciones y emprender un viaje de autodescubrimiento y crecimiento.   <\/p><p>En mi consulta, trabajo con clientes que atraviesan situaciones de estr\u00e9s, agotamiento, ansiedad, depresi\u00f3n leve, transiciones vitales (desde los 20 a los 40 a\u00f1os), problemas de pareja y traumas infantiles. Mi objetivo es ayudarte a dejar atr\u00e1s sentimientos de agobio, miedo, frustraci\u00f3n y baja autoestima, y abrazar una vida llena de valor, confianza y \u00e9xito. <\/p><div> <\/div>\t\t\t\t\t\t\t\t<\/div>\n\t\t\t\t<\/div>\n\t\t\t\t\t<\/div>\n\t\t<\/div>\n\t\t\t\t\t<\/div>\n\t\t<\/section>\n\t\t\t\t<section class=\"elementor-section elementor-top-section elementor-element elementor-element-6eb26fe elementor-section-boxed elementor-section-height-default elementor-section-height-default\" data-id=\"6eb26fe\" data-element_type=\"section\" data-e-type=\"section\">\n\t\t\t\t\t\t<div class=\"elementor-container elementor-column-gap-default\">\n\t\t\t\t\t<div class=\"elementor-column elementor-col-100 elementor-top-column elementor-element elementor-element-b71f4d3\" data-id=\"b71f4d3\" data-element_type=\"column\" data-e-type=\"column\">\n\t\t\t<div class=\"elementor-widget-wrap elementor-element-populated\">\n\t\t\t\t\t\t<div class=\"elementor-element elementor-element-193e2e8 elementor-align-center elementor-mobile-align-start animated-slow elementor-icon-list--layout-traditional elementor-list-item-link-full_width elementor-invisible elementor-widget elementor-widget-icon-list\" data-id=\"193e2e8\" data-element_type=\"widget\" data-e-type=\"widget\" data-settings=\"{&quot;_animation&quot;:&quot;fadeInLeft&quot;}\" data-widget_type=\"icon-list.default\">\n\t\t\t\t<div class=\"elementor-widget-container\">\n\t\t\t\t\t\t\t<ul class=\"elementor-icon-list-items\">\n\t\t\t\t\t\t\t<li class=\"elementor-icon-list-item\">\n\t\t\t\t\t\t\t\t\t\t\t<span class=\"elementor-icon-list-icon\">\n\t\t\t\t\t\t\t<i aria-hidden=\"true\" class=\"fas fa-check\"><\/i>\t\t\t\t\t\t<\/span>\n\t\t\t\t\t\t\t\t\t\t<span class=\"elementor-icon-list-text\">Me re\u00fano con los clientes <span style=\"color: #9b7c8c\"><strong>en persona<\/strong><\/span> y <span style=\"color: #9b7c8c\"><strong>virtualmente<\/strong><\/span>.<\/span>\n\t\t\t\t\t\t\t\t\t<\/li>\n\t\t\t\t\t\t<\/ul>\n\t\t\t\t\t\t<\/div>\n\t\t\t\t<\/div>\n\t\t\t\t<div class=\"elementor-element elementor-element-895d7fc elementor-widget elementor-widget-heading\" data-id=\"895d7fc\" data-element_type=\"widget\" data-e-type=\"widget\" data-widget_type=\"heading.default\">\n\t\t\t\t<div class=\"elementor-widget-container\">\n\t\t\t\t\t<h2 class=\"elementor-heading-title elementor-size-default\">No tienes que afrontar tus luchas solo, estoy aqu\u00ed para ayudarte\n<\/h2>\t\t\t\t<\/div>\n\t\t\t\t<\/div>\n\t\t\t\t<div class=\"elementor-element elementor-element-e9131c3 elementor-widget elementor-widget-text-editor\" data-id=\"e9131c3\" data-element_type=\"widget\" data-e-type=\"widget\" data-widget_type=\"text-editor.default\">\n\t\t\t\t<div class=\"elementor-widget-container\">\n\t\t\t\t\t\t\t\t\t<p>Trabajo con adultos que est\u00e1n navegando sentimientos de estancamiento, abrumaci\u00f3n o agobio por ansiedad, depresi\u00f3n, estr\u00e9s, trauma y transiciones vitales. Mi enfoque se centra en apoyar a individuos, especialmente mujeres y miembros de la comunidad Latinx, mientras trabajan en estos desaf\u00edos. La sanaci\u00f3n es un viaje personal y requiere disposici\u00f3n para crecer y cambiar. Estoy aqu\u00ed para guiarle, ofreciendo apoyo y aliento mientras explora lo que significa la sanaci\u00f3n para usted. En \u00faltima instancia, es a trav\u00e9s de su apertura que ocurre la transformaci\u00f3n, y juntos podemos trabajar para ayudarle a convertirse en la persona que est\u00e1 destinado a ser.    <\/p>\t\t\t\t\t\t\t\t<\/div>\n\t\t\t\t<\/div>\n\t\t\t\t<div class=\"elementor-element elementor-element-5a8dbe3 elementor-widget elementor-widget-heading\" data-id=\"5a8dbe3\" data-element_type=\"widget\" data-e-type=\"widget\" data-widget_type=\"heading.default\">\n\t\t\t\t<div class=\"elementor-widget-container\">\n\t\t\t\t\t<h2 class=\"elementor-heading-title elementor-size-default\">Conoce un poco m\u00e1s sobre m\u00ed\n<\/h2>\t\t\t\t<\/div>\n\t\t\t\t<\/div>\n\t\t\t\t<div class=\"elementor-element elementor-element-96a583a elementor-widget elementor-widget-text-editor\" data-id=\"96a583a\" data-element_type=\"widget\" data-e-type=\"widget\" data-widget_type=\"text-editor.default\">\n\t\t\t\t<div class=\"elementor-widget-container\">\n\t\t\t\t\t\t\t\t\t<p class=\"p1\"><i>Nac\u00ed y crec\u00ed en West Aurora, en un hogar mexicano dentro de un barrio predominantemente de inmigrantes mexicanos. Como hispanohablante nativa, tengo una profunda conexi\u00f3n con mis ra\u00edces culturales, y dirijo mis sesiones principalmente en ingl\u00e9s, aunque siempre incorporando el espa\u00f1ol cuando mejora el proceso de curaci\u00f3n del cliente. <\/i><\/p><p class=\"p1\"><i>Comenc\u00e9 mi andadura acad\u00e9mica en la Universidad Aurora, donde obtuve mi licenciatura en Trabajo Social, especializ\u00e1ndome en bienestar infantil. Durante mis estudios universitarios, adquir\u00ed experiencia pr\u00e1ctica trabajando con una agencia del DCFS centrada en el bienestar infantil. Continu\u00e9 ampliando mi experiencia en salud mental trabajando como asesora residencial en un centro psiqui\u00e1trico para adolescentes y, m\u00e1s tarde, en un hospital psiqui\u00e1trico para adultos. Obtuve mi M\u00e1ster en Trabajo Social en la Universidad Aurora, especializ\u00e1ndome en trabajo social forense.   <\/i><\/p><p class=\"p1\"><i>Me apasiona ayudar a los individuos Latinx nativos y \u00e9tnicos a superar los desaf\u00edos emocionales y las cargas mentales que obstaculizan su capacidad para lograr sus metas y aspiraciones personales. Lo que me impulsa es ver a mis clientes evolucionar de sentirse perdidos o estancados a tomar el control de sus vidas con confianza y establecer l\u00edmites saludables. <\/i><\/p><p class=\"p1\"><i>M\u00e1s all\u00e1 de mi trabajo profesional, participo activamente en actividades que nutren el alma y que no se ven a menudo en nuestras comunidades porque nunca nos las han presentado. Disfruto con salidas creativas como la cer\u00e1mica, la costura y los paseos por la naturaleza, pues creo que la curaci\u00f3n va m\u00e1s all\u00e1 de la terapia tradicional y que conectar con el arte y la naturaleza fomenta el crecimiento personal. <\/i><\/p><div> <\/div>\t\t\t\t\t\t\t\t<\/div>\n\t\t\t\t<\/div>\n\t\t\t\t<div class=\"elementor-element elementor-element-0dacc1f elementor-widget elementor-widget-heading\" data-id=\"0dacc1f\" data-element_type=\"widget\" data-e-type=\"widget\" data-widget_type=\"heading.default\">\n\t\t\t\t<div class=\"elementor-widget-container\">\n\t\t\t\t\t<h2 class=\"elementor-heading-title elementor-size-default\">Mis especialidades<\/h2>\t\t\t\t<\/div>\n\t\t\t\t<\/div>\n\t\t\t\t<div class=\"elementor-element elementor-element-5321232 elementor-widget elementor-widget-text-editor\" data-id=\"5321232\" data-element_type=\"widget\" data-e-type=\"widget\" data-widget_type=\"text-editor.default\">\n\t\t\t\t<div class=\"elementor-widget-container\">\n\t\t\t\t\t\t\t\t\t<p><i>Me especializo en apoyar la salud mental de las mujeres, el bienestar hol\u00edstico, la atenci\u00f3n informada en trauma y el apoyo culturalmente sensible para la comunidad Latinx. Mi trabajo incluye ayudar a las personas a navegar desaf\u00edos como problemas de aculturaci\u00f3n, cuestiones de ajuste familiar, dificultades de apego y trauma infantil. Adem\u00e1s, proporciono tratamiento para la depresi\u00f3n, ansiedad, estr\u00e9s, agotamiento, equilibrio entre trabajo y vida personal, desaf\u00edos en las relaciones y baja autoestima. Tambi\u00e9n me especializo en el trabajo con el ni\u00f1o interior para ayudar a los clientes a sanar heridas no resueltas y construir una autoestima m\u00e1s saludable.   <\/i><\/p>\t\t\t\t\t\t\t\t<\/div>\n\t\t\t\t<\/div>\n\t\t\t\t\t<\/div>\n\t\t<\/div>\n\t\t\t\t\t<\/div>\n\t\t<\/section>\n\t\t\t\t<\/div>\n\t\t","protected":false},"excerpt":{"rendered":"<p>Apoyo a la comunidad Latinx en la superaci\u00f3n del estigma de la salud mental Inf\u00f3rmate sobre m\u00ed y c\u00f3mo puedo ayudarte Reyna Valdez, LSW Psicoterapeuta biling\u00fce Saludos, mi nombre es Reyna Valdez, y soy psicoterapeuta biling\u00fce en Latinx Talk Therapy. Incorporo el humor, la mentor\u00eda y el spanglish en las sesiones para crear un ambiente [&hellip;]<\/p>\n","protected":false},"author":3,"featured_media":0,"parent":0,"menu_order":0,"comment_status":"closed","ping_status":"closed","template":"","meta":{"footnotes":""},"class_list":["post-14021","page","type-page","status-publish","hentry"],"_links":{"self":[{"href":"https:\/\/latinxtalktherapy.com\/es\/wp-json\/wp\/v2\/pages\/14021","targetHints":{"allow":["GET"]}}],"collection":[{"href":"https:\/\/latinxtalktherapy.com\/es\/wp-json\/wp\/v2\/pages"}],"about":[{"href":"https:\/\/latinxtalktherapy.com\/es\/wp-json\/wp\/v2\/types\/page"}],"author":[{"embeddable":true,"href":"https:\/\/latinxtalktherapy.com\/es\/wp-json\/wp\/v2\/users\/3"}],"replies":[{"embeddable":true,"href":"https:\/\/latinxtalktherapy.com\/es\/wp-json\/wp\/v2\/comments?post=14021"}],"version-history":[{"count":2,"href":"https:\/\/latinxtalktherapy.com\/es\/wp-json\/wp\/v2\/pages\/14021\/revisions"}],"predecessor-version":[{"id":515988,"href":"https:\/\/latinxtalktherapy.com\/es\/wp-json\/wp\/v2\/pages\/14021\/revisions\/515988"}],"wp:attachment":[{"href":"https:\/\/latinxtalktherapy.com\/es\/wp-json\/wp\/v2\/media?parent=14021"}],"curies":[{"name":"wp","href":"https:\/\/api.w.org\/{rel}","templated":true}]}}