{"id":14005,"date":"2020-04-25T03:42:54","date_gmt":"2020-04-25T08:42:54","guid":{"rendered":"https:\/\/latinxtalktherapy.com\/evaluaciones-de-inmigracion\/"},"modified":"2026-04-01T14:36:13","modified_gmt":"2026-04-01T19:36:13","slug":"evaluaciones-de-inmigracion","status":"publish","type":"page","link":"https:\/\/latinxtalktherapy.com\/es\/evaluaciones-de-inmigracion\/","title":{"rendered":"Evaluaciones de inmigraci\u00f3n"},"content":{"rendered":"\t\t<div data-elementor-type=\"wp-page\" data-elementor-id=\"14005\" class=\"elementor elementor-14005 elementor-33\" data-elementor-post-type=\"page\">\n\t\t\t\t\t\t<section class=\"elementor-section elementor-top-section elementor-element elementor-element-941fa4a elementor-section-stretched elementor-section-full_width elementor-section-height-default elementor-section-height-default\" data-id=\"941fa4a\" data-element_type=\"section\" data-e-type=\"section\" data-settings=\"{&quot;stretch_section&quot;:&quot;section-stretched&quot;,&quot;background_background&quot;:&quot;classic&quot;}\">\n\t\t\t\t\t\t<div class=\"elementor-container elementor-column-gap-no\">\n\t\t\t\t\t<div class=\"elementor-column elementor-col-100 elementor-top-column elementor-element elementor-element-21590a91\" data-id=\"21590a91\" data-element_type=\"column\" data-e-type=\"column\" data-settings=\"{&quot;background_background&quot;:&quot;classic&quot;}\">\n\t\t\t<div class=\"elementor-widget-wrap\">\n\t\t\t\t\t\t\t<\/div>\n\t\t<\/div>\n\t\t\t\t\t<\/div>\n\t\t<\/section>\n\t\t\t\t<section class=\"elementor-section elementor-top-section elementor-element elementor-element-50e72d1 elementor-section-boxed elementor-section-height-default elementor-section-height-default\" data-id=\"50e72d1\" data-element_type=\"section\" data-e-type=\"section\">\n\t\t\t\t\t\t<div class=\"elementor-container elementor-column-gap-default\">\n\t\t\t\t\t<div class=\"elementor-column elementor-col-100 elementor-top-column elementor-element elementor-element-29d900a\" data-id=\"29d900a\" data-element_type=\"column\" data-e-type=\"column\">\n\t\t\t<div class=\"elementor-widget-wrap elementor-element-populated\">\n\t\t\t\t\t\t<div class=\"elementor-element elementor-element-2a916c5 elementor-widget elementor-widget-heading\" data-id=\"2a916c5\" data-element_type=\"widget\" data-e-type=\"widget\" data-widget_type=\"heading.default\">\n\t\t\t\t<div class=\"elementor-widget-container\">\n\t\t\t\t\t<h1 class=\"elementor-heading-title elementor-size-default\">Evaluaciones psicol\u00f3gicas de inmigraci\u00f3n para la comunidad Latinx de Chicago<\/h1>\t\t\t\t<\/div>\n\t\t\t\t<\/div>\n\t\t\t\t\t<\/div>\n\t\t<\/div>\n\t\t\t\t\t<\/div>\n\t\t<\/section>\n\t\t\t\t<section class=\"elementor-section elementor-top-section elementor-element elementor-element-78636b2 elementor-section-boxed elementor-section-height-default elementor-section-height-default\" data-id=\"78636b2\" data-element_type=\"section\" data-e-type=\"section\">\n\t\t\t\t\t\t<div class=\"elementor-container elementor-column-gap-default\">\n\t\t\t\t\t<div class=\"elementor-column elementor-col-100 elementor-top-column elementor-element elementor-element-766f51c\" data-id=\"766f51c\" data-element_type=\"column\" data-e-type=\"column\">\n\t\t\t<div class=\"elementor-widget-wrap elementor-element-populated\">\n\t\t\t\t\t\t<section class=\"elementor-section elementor-inner-section elementor-element elementor-element-a60e6d3 elementor-section-boxed elementor-section-height-default elementor-section-height-default\" data-id=\"a60e6d3\" data-element_type=\"section\" data-e-type=\"section\">\n\t\t\t\t\t\t<div class=\"elementor-container elementor-column-gap-default\">\n\t\t\t\t\t<div class=\"elementor-column elementor-col-50 elementor-inner-column elementor-element elementor-element-1711af2\" data-id=\"1711af2\" data-element_type=\"column\" data-e-type=\"column\">\n\t\t\t<div class=\"elementor-widget-wrap elementor-element-populated\">\n\t\t\t\t\t\t<div class=\"elementor-element elementor-element-dea943a elementor-widget elementor-widget-text-editor\" data-id=\"dea943a\" data-element_type=\"widget\" data-e-type=\"widget\" data-widget_type=\"text-editor.default\">\n\t\t\t\t<div class=\"elementor-widget-container\">\n\t\t\t\t\t\t\t\t\t<p>Si est\u00e1s solicitando asilo en Estados Unidos o necesitas ayuda con visados, es probable que requieras una evaluaci\u00f3n psicol\u00f3gica de inmigraci\u00f3n. Sabemos que averiguar qu\u00e9 pasos seguir puede ser estresante.  Pero no hay necesidad de preocuparse, <strong><a href=\"https:\/\/latinxtalktherapy.com\/es\/\">Latinx Talk Therapy<\/a><\/strong> est\u00e1 aqu\u00ed para ayudarte. <\/p><p><span style=\"font-weight: 400;\">Ofrecemos  <\/span><span style=\"font-weight: 400;\">evaluaciones psicol\u00f3gicas de inmigraci\u00f3n para ayudar a quienes buscan mejores oportunidades en Estados Unidos o para quienes quieren seguir viviendo su vida en Estados Unidos junto con sus seres queridos. Queremos ayudarte a compartir tu historia con <strong><a href=\"https:\/\/www.uscis.gov\/\" target=\"_blank\" rel=\"noopener\">el Servicio de Ciudadan\u00eda e Inmigraci\u00f3n de EE.UU. (USCIS)<\/a>.<\/strong> <\/span><\/p><p><span style=\"font-weight: 400;\">Enfrentarse a una posible separaci\u00f3n y a la p\u00e9rdida de tu estabilidad econ\u00f3mica puede ser emocionalmente angustioso y estresante. Podemos trabajar en colaboraci\u00f3n con tus abogados de inmigraci\u00f3n para asegurarnos de que dispones de toda la documentaci\u00f3n e informaci\u00f3n necesarias para tu procedimiento. Hablamos espa\u00f1ol, aceptamos planes de pago y ofrecemos citas nocturnas y en fin de semana.  <\/span><\/p>\t\t\t\t\t\t\t\t<\/div>\n\t\t\t\t<\/div>\n\t\t\t\t<div class=\"elementor-element elementor-element-2a65128 elementor-widget elementor-widget-heading\" data-id=\"2a65128\" data-element_type=\"widget\" data-e-type=\"widget\" data-widget_type=\"heading.default\">\n\t\t\t\t<div class=\"elementor-widget-container\">\n\t\t\t\t\t<h2 class=\"elementor-heading-title elementor-size-default\">\u00bfQu\u00e9 son las evaluaciones psicol\u00f3gicas para casos de inmigraci\u00f3n?<\/h2>\t\t\t\t<\/div>\n\t\t\t\t<\/div>\n\t\t\t\t<div class=\"elementor-element elementor-element-d5abc7e elementor-widget elementor-widget-text-editor\" data-id=\"d5abc7e\" data-element_type=\"widget\" data-e-type=\"widget\" data-widget_type=\"text-editor.default\">\n\t\t\t\t<div class=\"elementor-widget-container\">\n\t\t\t\t\t\t\t\t\t<p>Las evaluaciones psicol\u00f3gicas son valoraciones psicosociales que pueden ser \u00fatiles para un caso de inmigraci\u00f3n que trate sobre exenciones por dificultades extremas, VAWA, DACA, visados U y visados T. Estas evaluaciones describen el impacto que tu experiencia migratoria ha tenido en tu salud mental. <\/p>\t\t\t\t\t\t\t\t<\/div>\n\t\t\t\t<\/div>\n\t\t\t\t\t<\/div>\n\t\t<\/div>\n\t\t\t\t<div class=\"elementor-column elementor-col-50 elementor-inner-column elementor-element elementor-element-b4ee4e6\" data-id=\"b4ee4e6\" data-element_type=\"column\" data-e-type=\"column\">\n\t\t\t<div class=\"elementor-widget-wrap elementor-element-populated\">\n\t\t\t\t\t\t<div class=\"elementor-element elementor-element-c297539 elementor-widget elementor-widget-image\" data-id=\"c297539\" data-element_type=\"widget\" data-e-type=\"widget\" data-widget_type=\"image.default\">\n\t\t\t\t<div class=\"elementor-widget-container\">\n\t\t\t\t\t\t\t\t\t\t\t\t\t\t\t<img fetchpriority=\"high\" decoding=\"async\" width=\"683\" height=\"1024\" src=\"https:\/\/latinxtalktherapy.com\/wp-content\/uploads\/latinx-immigration-evaluations-683x1024.png\" class=\"attachment-large size-large wp-image-13547\" alt=\"\" srcset=\"https:\/\/latinxtalktherapy.com\/wp-content\/uploads\/latinx-immigration-evaluations-683x1024.png 683w, https:\/\/latinxtalktherapy.com\/wp-content\/uploads\/latinx-immigration-evaluations-200x300.png 200w, https:\/\/latinxtalktherapy.com\/wp-content\/uploads\/latinx-immigration-evaluations-768x1152.png 768w, https:\/\/latinxtalktherapy.com\/wp-content\/uploads\/latinx-immigration-evaluations-1024x1536.png 1024w, https:\/\/latinxtalktherapy.com\/wp-content\/uploads\/latinx-immigration-evaluations-1365x2048.png 1365w, https:\/\/latinxtalktherapy.com\/wp-content\/uploads\/latinx-immigration-evaluations.png 1700w\" sizes=\"(max-width: 683px) 100vw, 683px\" \/>\t\t\t\t\t\t\t\t\t\t\t\t\t\t\t<\/div>\n\t\t\t\t<\/div>\n\t\t\t\t\t<\/div>\n\t\t<\/div>\n\t\t\t\t\t<\/div>\n\t\t<\/section>\n\t\t\t\t<div class=\"elementor-element elementor-element-9d89953 elementor-widget elementor-widget-text-editor\" data-id=\"9d89953\" data-element_type=\"widget\" data-e-type=\"widget\" data-widget_type=\"text-editor.default\">\n\t\t\t\t<div class=\"elementor-widget-container\">\n\t\t\t\t\t\t\t\t\t<p>Nuestros cl\u00ednicos ofrecen evaluaciones para los siguientes fines de inmigraci\u00f3n:<\/p>\t\t\t\t\t\t\t\t<\/div>\n\t\t\t\t<\/div>\n\t\t\t\t<div class=\"elementor-element elementor-element-5c27e9e elementor-widget elementor-widget-toggle\" data-id=\"5c27e9e\" data-element_type=\"widget\" data-e-type=\"widget\" data-widget_type=\"toggle.default\">\n\t\t\t\t<div class=\"elementor-widget-container\">\n\t\t\t\t\t\t\t<div class=\"elementor-toggle\">\n\t\t\t\t\t\t\t<div class=\"elementor-toggle-item\">\n\t\t\t\t\t<div id=\"elementor-tab-title-9661\" class=\"elementor-tab-title\" data-tab=\"1\" role=\"button\" aria-controls=\"elementor-tab-content-9661\" aria-expanded=\"false\">\n\t\t\t\t\t\t\t\t\t\t\t\t<span class=\"elementor-toggle-icon elementor-toggle-icon-left\" aria-hidden=\"true\">\n\t\t\t\t\t\t\t\t\t\t\t\t\t\t\t<span class=\"elementor-toggle-icon-closed\"><i class=\"fas fa-caret-right\"><\/i><\/span>\n\t\t\t\t\t\t\t\t<span class=\"elementor-toggle-icon-opened\"><i class=\"elementor-toggle-icon-opened fas fa-caret-up\"><\/i><\/span>\n\t\t\t\t\t\t\t\t\t\t\t\t\t<\/span>\n\t\t\t\t\t\t\t\t\t\t\t\t<a class=\"elementor-toggle-title\" tabindex=\"0\">I-601 Dificultades extremas  <\/a>\n\t\t\t\t\t<\/div>\n\n\t\t\t\t\t<div id=\"elementor-tab-content-9661\" class=\"elementor-tab-content elementor-clearfix\" data-tab=\"1\" role=\"region\" aria-labelledby=\"elementor-tab-title-9661\"><ul>\n<li>Una evaluaci\u00f3n psicol\u00f3gica por Extrema Dificultad eval\u00faa el impacto en el individuo si se produce una separaci\u00f3n de un miembro de la familia debido a la denegaci\u00f3n de un visado de no ciudadano. Esta evaluaci\u00f3n ayuda al tribunal de inmigraci\u00f3n a comprender mejor el impacto en la salud mental del individuo, la necesidad m\u00e9dica, la carga econ\u00f3mica y las preocupaciones educativas. <\/li>\n<\/ul>\n<\/div>\n\t\t\t\t<\/div>\n\t\t\t\t\t\t\t<div class=\"elementor-toggle-item\">\n\t\t\t\t\t<div id=\"elementor-tab-title-9662\" class=\"elementor-tab-title\" data-tab=\"2\" role=\"button\" aria-controls=\"elementor-tab-content-9662\" aria-expanded=\"false\">\n\t\t\t\t\t\t\t\t\t\t\t\t<span class=\"elementor-toggle-icon elementor-toggle-icon-left\" aria-hidden=\"true\">\n\t\t\t\t\t\t\t\t\t\t\t\t\t\t\t<span class=\"elementor-toggle-icon-closed\"><i class=\"fas fa-caret-right\"><\/i><\/span>\n\t\t\t\t\t\t\t\t<span class=\"elementor-toggle-icon-opened\"><i class=\"elementor-toggle-icon-opened fas fa-caret-up\"><\/i><\/span>\n\t\t\t\t\t\t\t\t\t\t\t\t\t<\/span>\n\t\t\t\t\t\t\t\t\t\t\t\t<a class=\"elementor-toggle-title\" tabindex=\"0\">DACA Acci\u00f3n Diferida para los Llegados en la Infancia<\/a>\n\t\t\t\t\t<\/div>\n\n\t\t\t\t\t<div id=\"elementor-tab-content-9662\" class=\"elementor-tab-content elementor-clearfix\" data-tab=\"2\" role=\"region\" aria-labelledby=\"elementor-tab-title-9662\"><ul>\n<li>Ciertas personas que llegan a Estados Unidos siendo ni\u00f1os y cumplen varias directrices pueden solicitar que se considere la acci\u00f3n diferida durante un periodo de dos a\u00f1os, sujeto a renovaci\u00f3n. En algunos casos, se recomienda la deportaci\u00f3n de un adulto joven debido a una condena penal. La evaluaci\u00f3n psicosocial podr\u00eda ayudar a determinar si la condena puede haber sido consecuencia de un trastorno mental o de violencia dom\u00e9stica.  <\/li>\n<\/ul>\n<\/div>\n\t\t\t\t<\/div>\n\t\t\t\t\t\t\t<div class=\"elementor-toggle-item\">\n\t\t\t\t\t<div id=\"elementor-tab-title-9663\" class=\"elementor-tab-title\" data-tab=\"3\" role=\"button\" aria-controls=\"elementor-tab-content-9663\" aria-expanded=\"false\">\n\t\t\t\t\t\t\t\t\t\t\t\t<span class=\"elementor-toggle-icon elementor-toggle-icon-left\" aria-hidden=\"true\">\n\t\t\t\t\t\t\t\t\t\t\t\t\t\t\t<span class=\"elementor-toggle-icon-closed\"><i class=\"fas fa-caret-right\"><\/i><\/span>\n\t\t\t\t\t\t\t\t<span class=\"elementor-toggle-icon-opened\"><i class=\"elementor-toggle-icon-opened fas fa-caret-up\"><\/i><\/span>\n\t\t\t\t\t\t\t\t\t\t\t\t\t<\/span>\n\t\t\t\t\t\t\t\t\t\t\t\t<a class=\"elementor-toggle-title\" tabindex=\"0\">VAWA Ley sobre la violencia contra las mujeres<\/a>\n\t\t\t\t\t<\/div>\n\n\t\t\t\t\t<div id=\"elementor-tab-content-9663\" class=\"elementor-tab-content elementor-clearfix\" data-tab=\"3\" role=\"region\" aria-labelledby=\"elementor-tab-title-9663\"><ul>\n<li>Una evaluaci\u00f3n psicol\u00f3gica para la VAWA eval\u00faa el impacto del maltrato f\u00edsico, verbal, sexual, econ\u00f3mico o emocional hacia el individuo. Esta evaluaci\u00f3n ayuda a establecer la existencia de maltrato dom\u00e9stico para poder solicitar el estatuto legal por separado del c\u00f3nyuge ciudadano estadounidense. <\/li>\n<\/ul>\n<\/div>\n\t\t\t\t<\/div>\n\t\t\t\t\t\t\t<div class=\"elementor-toggle-item\">\n\t\t\t\t\t<div id=\"elementor-tab-title-9664\" class=\"elementor-tab-title\" data-tab=\"4\" role=\"button\" aria-controls=\"elementor-tab-content-9664\" aria-expanded=\"false\">\n\t\t\t\t\t\t\t\t\t\t\t\t<span class=\"elementor-toggle-icon elementor-toggle-icon-left\" aria-hidden=\"true\">\n\t\t\t\t\t\t\t\t\t\t\t\t\t\t\t<span class=\"elementor-toggle-icon-closed\"><i class=\"fas fa-caret-right\"><\/i><\/span>\n\t\t\t\t\t\t\t\t<span class=\"elementor-toggle-icon-opened\"><i class=\"elementor-toggle-icon-opened fas fa-caret-up\"><\/i><\/span>\n\t\t\t\t\t\t\t\t\t\t\t\t\t<\/span>\n\t\t\t\t\t\t\t\t\t\t\t\t<a class=\"elementor-toggle-title\" tabindex=\"0\">Visado U<\/a>\n\t\t\t\t\t<\/div>\n\n\t\t\t\t\t<div id=\"elementor-tab-content-9664\" class=\"elementor-tab-content elementor-clearfix\" data-tab=\"4\" role=\"region\" aria-labelledby=\"elementor-tab-title-9664\"><ul>\n<li>Una evaluaci\u00f3n psicol\u00f3gica de inmigraci\u00f3n para el visado U eval\u00faa el abuso mental o f\u00edsico hacia el individuo que ha sido v\u00edctima de un delito calificado como abuso sexual, acoso sexual, secuestro, extorsi\u00f3n, fraude, encarcelamiento ilegal, violaci\u00f3n, acoso, asesinato, tortura, toma de rehenes y chantaje. Esta evaluaci\u00f3n ayuda a valorar el impacto de los malos tratos en el individuo y se utiliza al solicitar un visado de no inmigrante reservado para las v\u00edctimas que sean \u00fatiles a las fuerzas de seguridad o a los funcionarios del gobierno en la investigaci\u00f3n o persecuci\u00f3n de una actividad delictiva. <\/li>\n<\/ul>\n<\/div>\n\t\t\t\t<\/div>\n\t\t\t\t\t\t\t<div class=\"elementor-toggle-item\">\n\t\t\t\t\t<div id=\"elementor-tab-title-9665\" class=\"elementor-tab-title\" data-tab=\"5\" role=\"button\" aria-controls=\"elementor-tab-content-9665\" aria-expanded=\"false\">\n\t\t\t\t\t\t\t\t\t\t\t\t<span class=\"elementor-toggle-icon elementor-toggle-icon-left\" aria-hidden=\"true\">\n\t\t\t\t\t\t\t\t\t\t\t\t\t\t\t<span class=\"elementor-toggle-icon-closed\"><i class=\"fas fa-caret-right\"><\/i><\/span>\n\t\t\t\t\t\t\t\t<span class=\"elementor-toggle-icon-opened\"><i class=\"elementor-toggle-icon-opened fas fa-caret-up\"><\/i><\/span>\n\t\t\t\t\t\t\t\t\t\t\t\t\t<\/span>\n\t\t\t\t\t\t\t\t\t\t\t\t<a class=\"elementor-toggle-title\" tabindex=\"0\">Visado T<\/a>\n\t\t\t\t\t<\/div>\n\n\t\t\t\t\t<div id=\"elementor-tab-content-9665\" class=\"elementor-tab-content elementor-clearfix\" data-tab=\"5\" role=\"region\" aria-labelledby=\"elementor-tab-title-9665\"><ul>\n<li>Una evaluaci\u00f3n psicol\u00f3gica para el visado T eval\u00faa las dificultades y el maltrato ps\u00edquico a las personas que han sido v\u00edctimas de la trata de seres humanos.<\/li>\n<\/ul>\n<\/div>\n\t\t\t\t<\/div>\n\t\t\t\t\t\t\t\t<\/div>\n\t\t\t\t\t\t<\/div>\n\t\t\t\t<\/div>\n\t\t\t\t<div class=\"elementor-element elementor-element-ec0efc3 elementor-widget elementor-widget-heading\" data-id=\"ec0efc3\" data-element_type=\"widget\" data-e-type=\"widget\" data-widget_type=\"heading.default\">\n\t\t\t\t<div class=\"elementor-widget-container\">\n\t\t\t\t\t<h2 class=\"elementor-heading-title elementor-size-default\">\u00bfCu\u00e1nto tardan?<\/h2>\t\t\t\t<\/div>\n\t\t\t\t<\/div>\n\t\t\t\t<div class=\"elementor-element elementor-element-f5053c2 elementor-widget elementor-widget-text-editor\" data-id=\"f5053c2\" data-element_type=\"widget\" data-e-type=\"widget\" data-widget_type=\"text-editor.default\">\n\t\t\t\t<div class=\"elementor-widget-container\">\n\t\t\t\t\t\t\t\t\t<p>Las evaluaciones psicol\u00f3gicas de inmigraci\u00f3n duran aproximadamente de tres a cuatro horas y pueden hacerse en una sola visita o completarse en varias visitas de una hora. Antes de tu cita, el entrevistador revisar\u00e1 tus antecedentes m\u00e9dicos, de salud mental, legales y educativos pertinentes. <\/p>\t\t\t\t\t\t\t\t<\/div>\n\t\t\t\t<\/div>\n\t\t\t\t<div class=\"elementor-element elementor-element-b4fb654 elementor-widget elementor-widget-heading\" data-id=\"b4fb654\" data-element_type=\"widget\" data-e-type=\"widget\" data-widget_type=\"heading.default\">\n\t\t\t\t<div class=\"elementor-widget-container\">\n\t\t\t\t\t<h2 class=\"elementor-heading-title elementor-size-default\">\u00bfQu\u00e9 ocurre durante una evaluaci\u00f3n psicol\u00f3gica?<\/h2>\t\t\t\t<\/div>\n\t\t\t\t<\/div>\n\t\t\t\t<div class=\"elementor-element elementor-element-e65928d elementor-widget elementor-widget-text-editor\" data-id=\"e65928d\" data-element_type=\"widget\" data-e-type=\"widget\" data-widget_type=\"text-editor.default\">\n\t\t\t\t<div class=\"elementor-widget-container\">\n\t\t\t\t\t\t\t\t\t<p>Durante tu sesi\u00f3n, tu terapeuta cl\u00ednico te har\u00e1 preguntas sobre tu historial personal y salud mental, tu familia, y hablar\u00e1 sobre cualquier condici\u00f3n m\u00e9dica y psiqui\u00e1trica y medicamentos. La informaci\u00f3n recopilada se utiliza despu\u00e9s para elaborar un informe detallado de ocho a diez p\u00e1ginas que analiza factores de dificultad, resultados del examen del estado mental y escalas, diagn\u00f3stico DSM-V, implicaciones y recomendaciones.  Nuestros cl\u00ednicos son biling\u00fces y hablan espa\u00f1ol nativo con fluidez. <\/p>\t\t\t\t\t\t\t\t<\/div>\n\t\t\t\t<\/div>\n\t\t\t\t<div class=\"elementor-element elementor-element-2423716 elementor-widget elementor-widget-heading\" data-id=\"2423716\" data-element_type=\"widget\" data-e-type=\"widget\" data-widget_type=\"heading.default\">\n\t\t\t\t<div class=\"elementor-widget-container\">\n\t\t\t\t\t<h2 class=\"elementor-heading-title elementor-size-default\">\u00bfCu\u00e1nto cuesta una evaluaci\u00f3n psicol\u00f3gica?<\/h2>\t\t\t\t<\/div>\n\t\t\t\t<\/div>\n\t\t\t\t<div class=\"elementor-element elementor-element-cf6f579 elementor-widget elementor-widget-text-editor\" data-id=\"cf6f579\" data-element_type=\"widget\" data-e-type=\"widget\" data-widget_type=\"text-editor.default\">\n\t\t\t\t<div class=\"elementor-widget-container\">\n\t\t\t\t\t\t\t\t\t<p>Las evaluaciones de inmigraci\u00f3n cuestan 800 $. <\/p>\t\t\t\t\t\t\t\t<\/div>\n\t\t\t\t<\/div>\n\t\t\t\t\t<\/div>\n\t\t<\/div>\n\t\t\t\t\t<\/div>\n\t\t<\/section>\n\t\t\t\t<section class=\"elementor-section elementor-top-section elementor-element elementor-element-953f884 elementor-section-boxed elementor-section-height-default elementor-section-height-default\" data-id=\"953f884\" data-element_type=\"section\" data-e-type=\"section\" data-settings=\"{&quot;background_background&quot;:&quot;classic&quot;}\">\n\t\t\t\t\t\t<div class=\"elementor-container elementor-column-gap-default\">\n\t\t\t\t\t<div class=\"elementor-column elementor-col-100 elementor-top-column elementor-element elementor-element-e98aa9f\" data-id=\"e98aa9f\" data-element_type=\"column\" data-e-type=\"column\">\n\t\t\t<div class=\"elementor-widget-wrap elementor-element-populated\">\n\t\t\t\t\t\t<div class=\"elementor-element elementor-element-f8e497d elementor-widget elementor-widget-heading\" data-id=\"f8e497d\" data-element_type=\"widget\" data-e-type=\"widget\" data-widget_type=\"heading.default\">\n\t\t\t\t<div class=\"elementor-widget-container\">\n\t\t\t\t\t<h2 class=\"elementor-heading-title elementor-size-default\">Contacta con nosotros para que te ayudemos en tu procedimiento de inmigraci\u00f3n  <\/h2>\t\t\t\t<\/div>\n\t\t\t\t<\/div>\n\t\t\t\t<div class=\"elementor-element elementor-element-4d35f0b elementor-widget elementor-widget-text-editor\" data-id=\"4d35f0b\" data-element_type=\"widget\" data-e-type=\"widget\" data-widget_type=\"text-editor.default\">\n\t\t\t\t<div class=\"elementor-widget-container\">\n\t\t\t\t\t\t\t\t\t<p>Una evaluaci\u00f3n psicol\u00f3gica de inmigraci\u00f3n puede llevarte muy lejos en tu caso de naturalizaci\u00f3n y residencia en EE.UU. Mereces una oportunidad justa en el camino hacia la ciudadan\u00eda estadounidense. <span style=\"color: #ffffff;\"><strong><a style=\"color: #ffffff;\" href=\"https:\/\/latinxtalktherapy.com\/es\/ponte-en-contacto-con\/\">Ll\u00e1manos hoy<\/a><\/strong><\/span> o solicita una cita para saber m\u00e1s sobre lo que nuestras evaluaciones pueden hacer por ti.  <\/p>\t\t\t\t\t\t\t\t<\/div>\n\t\t\t\t<\/div>\n\t\t\t\t\t<\/div>\n\t\t<\/div>\n\t\t\t\t\t<\/div>\n\t\t<\/section>\n\t\t\t\t<\/div>\n\t\t","protected":false},"excerpt":{"rendered":"<p>Evaluaciones psicol\u00f3gicas de inmigraci\u00f3n para la comunidad Latinx de Chicago Si est\u00e1s solicitando asilo en Estados Unidos o necesitas ayuda con visados, es probable que requieras una evaluaci\u00f3n psicol\u00f3gica de inmigraci\u00f3n. Sabemos que averiguar qu\u00e9 pasos seguir puede ser estresante. Pero no hay necesidad de preocuparse, Latinx Talk Therapy est\u00e1 aqu\u00ed para ayudarte. Ofrecemos evaluaciones [&hellip;]<\/p>\n","protected":false},"author":3,"featured_media":0,"parent":0,"menu_order":0,"comment_status":"closed","ping_status":"closed","template":"elementor_header_footer","meta":{"footnotes":""},"class_list":["post-14005","page","type-page","status-publish","hentry"],"_links":{"self":[{"href":"https:\/\/latinxtalktherapy.com\/es\/wp-json\/wp\/v2\/pages\/14005","targetHints":{"allow":["GET"]}}],"collection":[{"href":"https:\/\/latinxtalktherapy.com\/es\/wp-json\/wp\/v2\/pages"}],"about":[{"href":"https:\/\/latinxtalktherapy.com\/es\/wp-json\/wp\/v2\/types\/page"}],"author":[{"embeddable":true,"href":"https:\/\/latinxtalktherapy.com\/es\/wp-json\/wp\/v2\/users\/3"}],"replies":[{"embeddable":true,"href":"https:\/\/latinxtalktherapy.com\/es\/wp-json\/wp\/v2\/comments?post=14005"}],"version-history":[{"count":3,"href":"https:\/\/latinxtalktherapy.com\/es\/wp-json\/wp\/v2\/pages\/14005\/revisions"}],"predecessor-version":[{"id":1519572,"href":"https:\/\/latinxtalktherapy.com\/es\/wp-json\/wp\/v2\/pages\/14005\/revisions\/1519572"}],"wp:attachment":[{"href":"https:\/\/latinxtalktherapy.com\/es\/wp-json\/wp\/v2\/media?parent=14005"}],"curies":[{"name":"wp","href":"https:\/\/api.w.org\/{rel}","templated":true}]}}