{"id":13997,"date":"2024-12-27T11:31:51","date_gmt":"2024-12-27T17:31:51","guid":{"rendered":"https:\/\/latinxtalktherapy.com\/itzel-diaz-lsw\/"},"modified":"2025-06-12T09:58:22","modified_gmt":"2025-06-12T14:58:22","slug":"itzel-diaz-lsw","status":"publish","type":"page","link":"https:\/\/latinxtalktherapy.com\/es\/itzel-diaz-lsw\/","title":{"rendered":"Itzel D\u00edaz, LSW"},"content":{"rendered":"\t\t<div data-elementor-type=\"wp-page\" data-elementor-id=\"13997\" class=\"elementor elementor-13997\" data-elementor-post-type=\"page\">\n\t\t\t\t\t\t<section class=\"elementor-section elementor-top-section elementor-element elementor-element-b0defaf elementor-section-stretched elementor-section-full_width elementor-section-height-default elementor-section-height-default\" data-id=\"b0defaf\" data-element_type=\"section\" data-e-type=\"section\" data-settings=\"{&quot;stretch_section&quot;:&quot;section-stretched&quot;,&quot;background_background&quot;:&quot;classic&quot;}\">\n\t\t\t\t\t\t<div class=\"elementor-container elementor-column-gap-no\">\n\t\t\t\t\t<div class=\"elementor-column elementor-col-100 elementor-top-column elementor-element elementor-element-5d175c7\" data-id=\"5d175c7\" data-element_type=\"column\" data-e-type=\"column\" data-settings=\"{&quot;background_background&quot;:&quot;classic&quot;}\">\n\t\t\t<div class=\"elementor-widget-wrap\">\n\t\t\t\t\t\t\t<\/div>\n\t\t<\/div>\n\t\t\t\t\t<\/div>\n\t\t<\/section>\n\t\t\t\t<section class=\"elementor-section elementor-top-section elementor-element elementor-element-58ee682 elementor-section-boxed elementor-section-height-default elementor-section-height-default\" data-id=\"58ee682\" data-element_type=\"section\" data-e-type=\"section\">\n\t\t\t\t\t\t<div class=\"elementor-container elementor-column-gap-default\">\n\t\t\t\t\t<div class=\"elementor-column elementor-col-100 elementor-top-column elementor-element elementor-element-23508ed\" data-id=\"23508ed\" data-element_type=\"column\" data-e-type=\"column\">\n\t\t\t<div class=\"elementor-widget-wrap elementor-element-populated\">\n\t\t\t\t\t\t<div class=\"elementor-element elementor-element-41ba507 elementor-widget elementor-widget-heading\" data-id=\"41ba507\" data-element_type=\"widget\" data-e-type=\"widget\" data-widget_type=\"heading.default\">\n\t\t\t\t<div class=\"elementor-widget-container\">\n\t\t\t\t\t<h1 class=\"elementor-heading-title elementor-size-default\">Apoyo a la Comunidad Latinx a trav\u00e9s de Atenci\u00f3n de Salud Mental Culturalmente Informada<\/h1>\t\t\t\t<\/div>\n\t\t\t\t<\/div>\n\t\t\t\t<div class=\"elementor-element elementor-element-57bf3a6 elementor-widget elementor-widget-heading\" data-id=\"57bf3a6\" data-element_type=\"widget\" data-e-type=\"widget\" data-widget_type=\"heading.default\">\n\t\t\t\t<div class=\"elementor-widget-container\">\n\t\t\t\t\t<h2 class=\"elementor-heading-title elementor-size-default\">Inf\u00f3rmate sobre m\u00ed y c\u00f3mo puedo ayudarte<\/h2>\t\t\t\t<\/div>\n\t\t\t\t<\/div>\n\t\t\t\t\t<\/div>\n\t\t<\/div>\n\t\t\t\t\t<\/div>\n\t\t<\/section>\n\t\t\t\t<section class=\"elementor-section elementor-top-section elementor-element elementor-element-0486c0d elementor-section-boxed elementor-section-height-default elementor-section-height-default\" data-id=\"0486c0d\" data-element_type=\"section\" data-e-type=\"section\" data-settings=\"{&quot;background_background&quot;:&quot;classic&quot;}\">\n\t\t\t\t\t\t<div class=\"elementor-container elementor-column-gap-default\">\n\t\t\t\t\t<div class=\"elementor-column elementor-col-100 elementor-top-column elementor-element elementor-element-3e196d66\" data-id=\"3e196d66\" data-element_type=\"column\" data-e-type=\"column\" data-settings=\"{&quot;background_background&quot;:&quot;classic&quot;}\">\n\t\t\t<div class=\"elementor-widget-wrap elementor-element-populated\">\n\t\t\t\t\t\t<div class=\"elementor-element elementor-element-55dd97d7 elementor-widget elementor-widget-image\" data-id=\"55dd97d7\" data-element_type=\"widget\" data-e-type=\"widget\" data-widget_type=\"image.default\">\n\t\t\t\t<div class=\"elementor-widget-container\">\n\t\t\t\t\t\t\t\t\t\t\t\t\t\t\t<img fetchpriority=\"high\" decoding=\"async\" width=\"1000\" height=\"1000\" src=\"https:\/\/latinxtalktherapy.com\/wp-content\/uploads\/Itzel-Diaz-Headshot-1.jpg\" class=\"attachment-full size-full wp-image-13907\" alt=\"\" srcset=\"https:\/\/latinxtalktherapy.com\/wp-content\/uploads\/Itzel-Diaz-Headshot-1.jpg 1000w, https:\/\/latinxtalktherapy.com\/wp-content\/uploads\/Itzel-Diaz-Headshot-1-300x300.jpg 300w, https:\/\/latinxtalktherapy.com\/wp-content\/uploads\/Itzel-Diaz-Headshot-1-150x150.jpg 150w, https:\/\/latinxtalktherapy.com\/wp-content\/uploads\/Itzel-Diaz-Headshot-1-768x768.jpg 768w, https:\/\/latinxtalktherapy.com\/wp-content\/uploads\/Itzel-Diaz-Headshot-1-12x12.jpg 12w\" sizes=\"(max-width: 1000px) 100vw, 1000px\" \/>\t\t\t\t\t\t\t\t\t\t\t\t\t\t\t<\/div>\n\t\t\t\t<\/div>\n\t\t\t\t<div class=\"elementor-element elementor-element-256cd4a8 elementor-widget elementor-widget-heading\" data-id=\"256cd4a8\" data-element_type=\"widget\" data-e-type=\"widget\" data-widget_type=\"heading.default\">\n\t\t\t\t<div class=\"elementor-widget-container\">\n\t\t\t\t\t<h2 class=\"elementor-heading-title elementor-size-default\">Itzel D\u00edaz, LSW<\/h2>\t\t\t\t<\/div>\n\t\t\t\t<\/div>\n\t\t\t\t<div class=\"elementor-element elementor-element-7fcfc74 elementor-widget elementor-widget-heading\" data-id=\"7fcfc74\" data-element_type=\"widget\" data-e-type=\"widget\" data-widget_type=\"heading.default\">\n\t\t\t\t<div class=\"elementor-widget-container\">\n\t\t\t\t\t<h2 class=\"elementor-heading-title elementor-size-default\">Psicoterapeuta biling\u00fce<\/h2>\t\t\t\t<\/div>\n\t\t\t\t<\/div>\n\t\t\t\t<div class=\"elementor-element elementor-element-1d0b51ee elementor-widget elementor-widget-text-editor\" data-id=\"1d0b51ee\" data-element_type=\"widget\" data-e-type=\"widget\" data-widget_type=\"text-editor.default\">\n\t\t\t\t<div class=\"elementor-widget-container\">\n\t\t\t\t\t\t\t\t\t<p class=\"p1\">Saludos cordiales. Mi nombre es Itzel Diaz y soy una psicoterapeuta biling\u00fce en Latinx Terapia de Conversaci\u00f3n. Soy \u00abuna Trabajadora Social Licenciada (LSW, por sus siglas en ingl\u00e9s). Como miembro de la comunidad Latinx, poseo una profunda<br>comprensi\u00f3n de los desaf\u00edos que enfrenta nuestra comunidad y estoy comprometida a proporcionar un<br>espacio seguro y de apoyo para la sanaci\u00f3n y el crecimiento.<br>Adopto un enfoque informado por el trauma y basado en las fortalezas, ayudando a los individuos a reconocer su<br>resiliencia y a desarrollar sus puntos fuertes. Juntos, trabajamos para llenar su \u201ccaja de herramientas\u201d con habilidades y<br>estrategias que le empoderan para navegar los desaf\u00edos y prosperar. Reconozco que el<br>viaje de cada individuo\u00bb es \u00fanico y celebro la diversidad de sus experiencias. Ya sea que est\u00e9<br>lidiando con ansiedad o estr\u00e9s, estoy aqu\u00ed para guiarle a trav\u00e9s de estos desaf\u00edos con<br>compasi\u00f3n y empat\u00eda.     <\/p>\t\t\t\t\t\t\t\t<\/div>\n\t\t\t\t<\/div>\n\t\t\t\t<div class=\"elementor-element elementor-element-6ee06b7 elementor-widget elementor-widget-heading\" data-id=\"6ee06b7\" data-element_type=\"widget\" data-e-type=\"widget\" data-widget_type=\"heading.default\">\n\t\t\t\t<div class=\"elementor-widget-container\">\n\t\t\t\t\t<h2 class=\"elementor-heading-title elementor-size-default\">No tienes que afrontar tus luchas solo, estoy aqu\u00ed para ayudarte<\/h2>\t\t\t\t<\/div>\n\t\t\t\t<\/div>\n\t\t\t\t<div class=\"elementor-element elementor-element-1c02eae5 elementor-widget elementor-widget-text-editor\" data-id=\"1c02eae5\" data-element_type=\"widget\" data-e-type=\"widget\" data-widget_type=\"text-editor.default\">\n\t\t\t\t<div class=\"elementor-widget-container\">\n\t\t\t\t\t\t\t\t\t<p class=\"p1\">Recuerda que buscar ayuda es un signo de fortaleza, no de debilidad. En nuestro viaje, exploraremos<br>estrategias que honren tus experiencias \u00fanicas y tus valores culturales. Trabajaremos para crear<br>un espacio seguro en el que puedas expresarte libremente sin miedo a ser juzgada. Juntos,<br>podemos construir una base de resiliencia y empoderamiento, que te permita navegar por los retos de la vida<br>.   <\/p>\t\t\t\t\t\t\t\t<\/div>\n\t\t\t\t<\/div>\n\t\t\t\t\t<\/div>\n\t\t<\/div>\n\t\t\t\t\t<\/div>\n\t\t<\/section>\n\t\t\t\t<section class=\"elementor-section elementor-top-section elementor-element elementor-element-098997b elementor-section-boxed elementor-section-height-default elementor-section-height-default\" data-id=\"098997b\" data-element_type=\"section\" data-e-type=\"section\">\n\t\t\t\t\t\t<div class=\"elementor-container elementor-column-gap-default\">\n\t\t\t\t\t<div class=\"elementor-column elementor-col-100 elementor-top-column elementor-element elementor-element-3e2f428\" data-id=\"3e2f428\" data-element_type=\"column\" data-e-type=\"column\">\n\t\t\t<div class=\"elementor-widget-wrap elementor-element-populated\">\n\t\t\t\t\t\t<div class=\"elementor-element elementor-element-9709189 elementor-align-center elementor-mobile-align-start animated-slow elementor-icon-list--layout-traditional elementor-list-item-link-full_width elementor-invisible elementor-widget elementor-widget-icon-list\" data-id=\"9709189\" data-element_type=\"widget\" data-e-type=\"widget\" data-settings=\"{&quot;_animation&quot;:&quot;fadeInLeft&quot;}\" data-widget_type=\"icon-list.default\">\n\t\t\t\t<div class=\"elementor-widget-container\">\n\t\t\t\t\t\t\t<ul class=\"elementor-icon-list-items\">\n\t\t\t\t\t\t\t<li class=\"elementor-icon-list-item\">\n\t\t\t\t\t\t\t\t\t\t\t<span class=\"elementor-icon-list-icon\">\n\t\t\t\t\t\t\t<i aria-hidden=\"true\" class=\"fas fa-check\"><\/i>\t\t\t\t\t\t<\/span>\n\t\t\t\t\t\t\t\t\t\t<span class=\"elementor-icon-list-text\">Me re\u00fano con los clientes <span style=\"color: #9b7c8c\"><strong>en persona<\/strong><\/span> y <span style=\"color: #9b7c8c\"><strong>virtualmente<\/strong><\/span>.<\/span>\n\t\t\t\t\t\t\t\t\t<\/li>\n\t\t\t\t\t\t<\/ul>\n\t\t\t\t\t\t<\/div>\n\t\t\t\t<\/div>\n\t\t\t\t<div class=\"elementor-element elementor-element-513c701 elementor-widget elementor-widget-heading\" data-id=\"513c701\" data-element_type=\"widget\" data-e-type=\"widget\" data-widget_type=\"heading.default\">\n\t\t\t\t<div class=\"elementor-widget-container\">\n\t\t\t\t\t<h2 class=\"elementor-heading-title elementor-size-default\">Conoce un poco m\u00e1s sobre m\u00ed<\/h2>\t\t\t\t<\/div>\n\t\t\t\t<\/div>\n\t\t\t\t<div class=\"elementor-element elementor-element-c14a92b elementor-widget elementor-widget-text-editor\" data-id=\"c14a92b\" data-element_type=\"widget\" data-e-type=\"widget\" data-widget_type=\"text-editor.default\">\n\t\t\t\t<div class=\"elementor-widget-container\">\n\t\t\t\t\t\t\t\t\t<p>Nac\u00ed en Los \u00c1ngeles, California, pero mi familia se traslad\u00f3 m\u00e1s tarde a Bloomington, Indiana, donde me cri\u00e9 en<br>. Mis dos padres emigraron de Puebla, M\u00e9xico, y se aseguraron de preservar nuestra<br>herencia mexicana ense\u00f1\u00e1ndonos a mis hermanos y a m\u00ed las tradiciones y costumbres de nuestra cultura. Yo<br>crec\u00ed hablando espa\u00f1ol y disfruto utilizando mi fluidez en mi vida personal y profesional.  <\/p><p>vida. He visto de primera mano c\u00f3mo las barreras ling\u00fc\u00edsticas pueden impedir que la gente acceda a<br>recursos o reciba ayuda, por lo que siempre har\u00e9 uso de mi fluidez en espa\u00f1ol.<br>Como estudiante universitaria de primera generaci\u00f3n, comenc\u00e9 mi carrera universitaria en la Universidad de Indiana (IU) &#8211;<br>Bloomington en el verano de 2017 participando en el Programa de Becarios de Grupos. Ser<br>una estudiante universitaria de primera generaci\u00f3n es muy emocionante pero tambi\u00e9n un reto. Groups me ayud\u00f3 a guiarme<br>y me proporcion\u00f3 apoyo financiero, social y acad\u00e9mico. Estar\u00e9 siempre agradecida a<br>el Programa de Becarios de Groups y a la incre\u00edble comunidad que encontr\u00e9 en \u00e9l. En 2022 obtuve<br>mi licenciatura en Trabajo Social (BSW) por la IU. Durante mi estancia en IU trabaj\u00e9 en Middle<br>Way House (MWH), atendiendo espec\u00edficamente a j\u00f3venes y familias que sufr\u00edan violencia dom\u00e9stica<br>, pobreza, falta de hogar o trata de seres humanos. Segu\u00ed trabajando en MWH despu\u00e9s de<br>graduarme y entonces decid\u00ed cursar mi M\u00e1ster. En 2024 obtuve mi M\u00e1ster en<br>Trabajo Social (MSW) con especializaci\u00f3n en Salud Mental Cl\u00ednica por la IU. He tenido la oportunidad<br>de trabajar en un entorno escolar, en un refugio para j\u00f3venes, en un refugio contra la violencia dom\u00e9stica y en un centro de salud mental de la comunidad<br>donde proporcionaba terapia individual\/de grupo a j\u00f3venes en ingl\u00e9s y espa\u00f1ol.<br>En mi tiempo libre me gusta pasar tiempo con mi perro y salir a correr con mi pareja. Tambi\u00e9n<br>me encanta crear arte, ya sea pintando, dibujando, haciendo vidrieras o esculpiendo. En particular<br>me gusta crear arte chicano. Me encanta expresarme a trav\u00e9s del arte, pero tambi\u00e9n a trav\u00e9s de los tatuajes. Mis tatuajes de<br>me han permitido expresarme y mostrar a la gente qui\u00e9n soy.             <\/p>\t\t\t\t\t\t\t\t<\/div>\n\t\t\t\t<\/div>\n\t\t\t\t<div class=\"elementor-element elementor-element-e602d1f elementor-widget elementor-widget-heading\" data-id=\"e602d1f\" data-element_type=\"widget\" data-e-type=\"widget\" data-widget_type=\"heading.default\">\n\t\t\t\t<div class=\"elementor-widget-container\">\n\t\t\t\t\t<h2 class=\"elementor-heading-title elementor-size-default\">Mis especialidades  <\/h2>\t\t\t\t<\/div>\n\t\t\t\t<\/div>\n\t\t\t\t<div class=\"elementor-element elementor-element-5c57a66 elementor-widget elementor-widget-text-editor\" data-id=\"5c57a66\" data-element_type=\"widget\" data-e-type=\"widget\" data-widget_type=\"text-editor.default\">\n\t\t\t\t<div class=\"elementor-widget-container\">\n\t\t\t\t\t\t\t\t\t<p class=\"p1\">Tengo experiencia trabajando con ni\u00f1os, adolescentes, familias y adultos que han<br>experimentado depresi\u00f3n, ansiedad, estr\u00e9s y traumas infantiles. Mi objetivo es capacitar a mis clientes<br>para que superen los retos y alcancen sus objetivos. <\/p>\t\t\t\t\t\t\t\t<\/div>\n\t\t\t\t<\/div>\n\t\t\t\t\t<\/div>\n\t\t<\/div>\n\t\t\t\t\t<\/div>\n\t\t<\/section>\n\t\t\t\t<\/div>\n\t\t","protected":false},"excerpt":{"rendered":"<p>Apoyo a la Comunidad Latinx a trav\u00e9s de Atenci\u00f3n de Salud Mental Culturalmente Informada Inf\u00f3rmate sobre m\u00ed y c\u00f3mo puedo ayudarte Itzel D\u00edaz, LSW Psicoterapeuta biling\u00fce Saludos cordiales. Mi nombre es Itzel Diaz y soy una psicoterapeuta biling\u00fce en Latinx Terapia de Conversaci\u00f3n. Soy \u00abuna Trabajadora Social Licenciada (LSW, por sus siglas en ingl\u00e9s). Como [&hellip;]<\/p>\n","protected":false},"author":3,"featured_media":0,"parent":0,"menu_order":0,"comment_status":"closed","ping_status":"closed","template":"","meta":{"footnotes":""},"class_list":["post-13997","page","type-page","status-publish","hentry"],"_links":{"self":[{"href":"https:\/\/latinxtalktherapy.com\/es\/wp-json\/wp\/v2\/pages\/13997","targetHints":{"allow":["GET"]}}],"collection":[{"href":"https:\/\/latinxtalktherapy.com\/es\/wp-json\/wp\/v2\/pages"}],"about":[{"href":"https:\/\/latinxtalktherapy.com\/es\/wp-json\/wp\/v2\/types\/page"}],"author":[{"embeddable":true,"href":"https:\/\/latinxtalktherapy.com\/es\/wp-json\/wp\/v2\/users\/3"}],"replies":[{"embeddable":true,"href":"https:\/\/latinxtalktherapy.com\/es\/wp-json\/wp\/v2\/comments?post=13997"}],"version-history":[{"count":2,"href":"https:\/\/latinxtalktherapy.com\/es\/wp-json\/wp\/v2\/pages\/13997\/revisions"}],"predecessor-version":[{"id":515982,"href":"https:\/\/latinxtalktherapy.com\/es\/wp-json\/wp\/v2\/pages\/13997\/revisions\/515982"}],"wp:attachment":[{"href":"https:\/\/latinxtalktherapy.com\/es\/wp-json\/wp\/v2\/media?parent=13997"}],"curies":[{"name":"wp","href":"https:\/\/api.w.org\/{rel}","templated":true}]}}