{"id":13940,"date":"2024-12-04T13:54:04","date_gmt":"2024-12-04T19:54:04","guid":{"rendered":"https:\/\/latinxtalktherapy.com\/suscribete-a-nuestro-boletin\/"},"modified":"2025-04-16T11:32:23","modified_gmt":"2025-04-16T16:32:23","slug":"suscribete-a-nuestro-boletin","status":"publish","type":"page","link":"https:\/\/latinxtalktherapy.com\/es\/suscribete-a-nuestro-boletin\/","title":{"rendered":"Suscr\u00edbete a nuestro bolet\u00edn"},"content":{"rendered":"\t\t<div data-elementor-type=\"wp-page\" data-elementor-id=\"13940\" class=\"elementor elementor-13940 elementor-12849\" data-elementor-post-type=\"page\">\n\t\t\t\t\t\t<section class=\"elementor-section elementor-top-section elementor-element elementor-element-30dd8327 elementor-section-boxed elementor-section-height-default elementor-section-height-default\" data-id=\"30dd8327\" data-element_type=\"section\" data-e-type=\"section\" data-settings=\"{&quot;background_background&quot;:&quot;classic&quot;}\">\n\t\t\t\t\t\t\t<div class=\"elementor-background-overlay\"><\/div>\n\t\t\t\t\t\t\t<div class=\"elementor-container elementor-column-gap-default\">\n\t\t\t\t\t<div class=\"elementor-column elementor-col-50 elementor-top-column elementor-element elementor-element-73a8de44\" data-id=\"73a8de44\" data-element_type=\"column\" data-e-type=\"column\">\n\t\t\t<div class=\"elementor-widget-wrap elementor-element-populated\">\n\t\t\t\t\t\t<div class=\"elementor-element elementor-element-279284a0 elementor-widget elementor-widget-heading\" data-id=\"279284a0\" data-element_type=\"widget\" data-e-type=\"widget\" data-widget_type=\"heading.default\">\n\t\t\t\t<div class=\"elementor-widget-container\">\n\t\t\t\t\t<h2 class=\"elementor-heading-title elementor-size-default\">Qu\u00e9 esperar al iniciar una terapia TCC en Chicago  \n<\/h2>\t\t\t\t<\/div>\n\t\t\t\t<\/div>\n\t\t\t\t<div class=\"elementor-element elementor-element-54756211 elementor-widget elementor-widget-text-editor\" data-id=\"54756211\" data-element_type=\"widget\" data-e-type=\"widget\" data-widget_type=\"text-editor.default\">\n\t\t\t\t<div class=\"elementor-widget-container\">\n\t\t\t\t\t\t\t\t\t<p><span style=\"font-weight: 400;\">\u00bfEs la primera vez que vas a terapia? \u00bfNo sabes qu\u00e9 esperar de la terapia cognitivo-conductual? No te preocupes. Estamos aqu\u00ed para ayudarte a prepararte para lo que est\u00e1 por venir.     <\/span><\/p><p><strong>Descarga gratis nuestra gu\u00eda <span style=\"color: #c2908f;\">\u00abC\u00f3mo prepararme para mi primera sesi\u00f3n de terapia\u00bb<\/span>.<\/strong><\/p>\t\t\t\t\t\t\t\t<\/div>\n\t\t\t\t<\/div>\n\t\t\t\t<div class=\"elementor-element elementor-element-4ca99728 elementor-button-align-stretch elementor-widget elementor-widget-form\" data-id=\"4ca99728\" data-element_type=\"widget\" data-e-type=\"widget\" data-settings=\"{&quot;step_next_label&quot;:&quot;Siguiente&quot;,&quot;step_previous_label&quot;:&quot;Anterior&quot;,&quot;button_width&quot;:&quot;100&quot;,&quot;step_type&quot;:&quot;number_text&quot;,&quot;step_icon_shape&quot;:&quot;circle&quot;}\" data-widget_type=\"form.default\">\n\t\t\t\t<div class=\"elementor-widget-container\">\n\t\t\t\t\t\t\t<form class=\"elementor-form\" method=\"post\" name=\"Gu\u00eda de sesiones de terapia\" aria-label=\"Gu\u00eda de sesiones de terapia\">\n\t\t\t<input type=\"hidden\" name=\"post_id\" value=\"13940\"\/>\n\t\t\t<input type=\"hidden\" name=\"form_id\" value=\"4ca99728\"\/>\n\t\t\t<input type=\"hidden\" name=\"referer_title\" value=\"\" \/>\n\n\t\t\t\n\t\t\t<div class=\"elementor-form-fields-wrapper elementor-labels-\">\n\t\t\t\t\t\t\t\t<div class=\"elementor-field-type-recaptcha_v3 elementor-field-group elementor-column elementor-field-group-field_ea57d16 elementor-col-100 recaptcha_v3-bottomright\">\n\t\t\t\t\t<div class=\"elementor-field\" id=\"form-field-field_ea57d16\"><div class=\"elementor-g-recaptcha\" data-sitekey=\"6LcYZ7oZAAAAAGDEk2W5ckLtBlbYcSS3mjKVFzig\" data-type=\"v3\" data-action=\"Form\" data-badge=\"bottomright\" data-size=\"invisible\"><\/div><\/div>\t\t\t\t<\/div>\n\t\t\t\t\t\t\t\t<div class=\"elementor-field-type-email elementor-field-group elementor-column elementor-field-group-emailaddress elementor-col-100 elementor-field-required\">\n\t\t\t\t\t\t\t\t\t\t\t\t<label for=\"form-field-emailaddress\" class=\"elementor-field-label elementor-screen-only\">\n\t\t\t\t\t\t\t\tEnv\u00eda un correo electr\u00f3nico a\t\t\t\t\t\t\t<\/label>\n\t\t\t\t\t\t\t\t\t\t\t\t\t\t<input size=\"1\" type=\"email\" name=\"form_fields[emailaddress]\" id=\"form-field-emailaddress\" class=\"elementor-field elementor-size-sm  elementor-field-textual\" value=\"Email\" required=\"required\">\n\t\t\t\t\t\t\t\t\t\t\t<\/div>\n\t\t\t\t\t\t\t\t<div class=\"elementor-field-group elementor-column elementor-field-type-submit elementor-col-100 e-form__buttons\">\n\t\t\t\t\t<button class=\"elementor-button elementor-size-sm\" type=\"submit\">\n\t\t\t\t\t\t<span class=\"elementor-button-content-wrapper\">\n\t\t\t\t\t\t\t\t\t\t\t\t\t\t\t\t\t\t\t\t\t\t<span class=\"elementor-button-text\">Descargar Gu\u00eda GRATUITA<\/span>\n\t\t\t\t\t\t\t\t\t\t\t\t\t<\/span>\n\t\t\t\t\t<\/button>\n\t\t\t\t<\/div>\n\t\t\t<\/div>\n\t\t<\/form>\n\t\t\t\t\t\t<\/div>\n\t\t\t\t<\/div>\n\t\t\t\t<div class=\"elementor-element elementor-element-3394b8f4 elementor-widget elementor-widget-text-editor\" data-id=\"3394b8f4\" data-element_type=\"widget\" data-e-type=\"widget\" data-widget_type=\"text-editor.default\">\n\t\t\t\t<div class=\"elementor-widget-container\">\n\t\t\t\t\t\t\t\t\t<p><strong>Latinx Talk Therapy es la mejor cl\u00ednica de terapia cognitivo-conductual de Chicago. \u00a1Ll\u00e1manos hoy para programar tu primera sesi\u00f3n! <\/strong> <strong><a href=\"tel:%20(312)%20620-7551\">(312) 620-7551<\/a><\/strong><\/p>\t\t\t\t\t\t\t\t<\/div>\n\t\t\t\t<\/div>\n\t\t\t\t\t<\/div>\n\t\t<\/div>\n\t\t\t\t<div class=\"elementor-column elementor-col-50 elementor-top-column elementor-element elementor-element-4a654b15 elementor-hidden-mobile\" data-id=\"4a654b15\" data-element_type=\"column\" data-e-type=\"column\">\n\t\t\t<div class=\"elementor-widget-wrap\">\n\t\t\t\t\t\t\t<\/div>\n\t\t<\/div>\n\t\t\t\t\t<\/div>\n\t\t<\/section>\n\t\t\t\t<\/div>\n\t\t","protected":false},"excerpt":{"rendered":"<p>Qu\u00e9 esperar al iniciar una terapia TCC en Chicago \u00bfEs la primera vez que vas a terapia? \u00bfNo sabes qu\u00e9 esperar de la terapia cognitivo-conductual? No te preocupes. Estamos aqu\u00ed para ayudarte a prepararte para lo que est\u00e1 por venir. Descarga gratis nuestra gu\u00eda \u00abC\u00f3mo prepararme para mi primera sesi\u00f3n de terapia\u00bb. Latinx Talk Therapy [&hellip;]<\/p>\n","protected":false},"author":3,"featured_media":0,"parent":0,"menu_order":0,"comment_status":"closed","ping_status":"closed","template":"","meta":{"footnotes":""},"class_list":["post-13940","page","type-page","status-publish","hentry"],"_links":{"self":[{"href":"https:\/\/latinxtalktherapy.com\/es\/wp-json\/wp\/v2\/pages\/13940","targetHints":{"allow":["GET"]}}],"collection":[{"href":"https:\/\/latinxtalktherapy.com\/es\/wp-json\/wp\/v2\/pages"}],"about":[{"href":"https:\/\/latinxtalktherapy.com\/es\/wp-json\/wp\/v2\/types\/page"}],"author":[{"embeddable":true,"href":"https:\/\/latinxtalktherapy.com\/es\/wp-json\/wp\/v2\/users\/3"}],"replies":[{"embeddable":true,"href":"https:\/\/latinxtalktherapy.com\/es\/wp-json\/wp\/v2\/comments?post=13940"}],"version-history":[{"count":1,"href":"https:\/\/latinxtalktherapy.com\/es\/wp-json\/wp\/v2\/pages\/13940\/revisions"}],"predecessor-version":[{"id":13941,"href":"https:\/\/latinxtalktherapy.com\/es\/wp-json\/wp\/v2\/pages\/13940\/revisions\/13941"}],"wp:attachment":[{"href":"https:\/\/latinxtalktherapy.com\/es\/wp-json\/wp\/v2\/media?parent=13940"}],"curies":[{"name":"wp","href":"https:\/\/api.w.org\/{rel}","templated":true}]}}